{"id":978,"date":"2016-11-06T17:05:44","date_gmt":"2016-11-06T17:05:44","guid":{"rendered":"http:\/\/www.betcons.ee\/?page_id=978"},"modified":"2016-11-06T17:05:44","modified_gmt":"2016-11-06T17:05:44","slug":"favor-tootmishoone-loovalja-tee-11","status":"publish","type":"page","link":"https:\/\/www.betcons.ee\/en\/tehtud-tood\/tootmishooned-laod\/favor-tootmishoone-loovalja-tee-11\/","title":{"rendered":"Favor AS tootmishoone, Loov\u00e4lja tee 11"},"content":{"rendered":"<h3><strong>T\u00e4htaeg<\/strong>: 2016<\/h3>\n<h3><strong> <\/strong> <strong>Tellija<\/strong>: AS Maru Ehitus<\/h3>\n<h3><strong>Teostatud t\u00f6\u00f6de ulatus<\/strong>: Elemendid koos transpordiga<\/h3>\n<h3><a href=\"http:\/\/www.betcons.ee\/wp-content\/uploads\/2016\/11\/Favor.jpg\" rel=\"lightbox[978]\"><img decoding=\"async\" loading=\"lazy\" class=\"wp-image-970 alignright\" alt=\"favor\" src=\"http:\/\/www.betcons.ee\/wp-content\/uploads\/2016\/11\/Favor-300x168.jpg\" width=\"289\" height=\"175\" \/><\/a> <a href=\"http:\/\/www.betcons.ee\/wp-content\/uploads\/2016\/11\/Favor-1.jpg\" rel=\"lightbox[978]\"><img decoding=\"async\" loading=\"lazy\" class=\"alignleft  wp-image-969\" alt=\"Favor tootmishoone\" src=\"http:\/\/www.betcons.ee\/wp-content\/uploads\/2016\/11\/Favor-1-300x168.jpg\" width=\"259\" height=\"175\" \/><\/a><\/h3>\n","protected":false},"excerpt":{"rendered":"<p>T\u00e4htaeg: 2016 Tellija: AS Maru Ehitus Teostatud t\u00f6\u00f6de ulatus: Elemendid koos transpordiga<\/p>\n","protected":false},"author":2,"featured_media":969,"parent":324,"menu_order":0,"comment_status":"closed","ping_status":"closed","template":"","meta":[],"yoast_head":"<!-- This site is optimized with the Yoast SEO plugin v20.4 - https:\/\/yoast.com\/wordpress\/plugins\/seo\/ -->\n<title>Favor AS tootmishoone, Loov\u00e4lja tee 11 - Betcons<\/title>\n<meta name=\"robots\" content=\"index, follow, max-snippet:-1, max-image-preview:large, max-video-preview:-1\" \/>\n<link rel=\"canonical\" href=\"https:\/\/www.betcons.ee\/tehtud-tood\/tootmishooned-laod\/favor-tootmishoone-loovalja-tee-11\/\" \/>\n<meta property=\"og:locale\" content=\"en_US\" \/>\n<meta property=\"og:type\" content=\"article\" \/>\n<meta property=\"og:title\" content=\"Favor AS tootmishoone, Loov\u00e4lja tee 11 - Betcons\" \/>\n<meta property=\"og:description\" content=\"T\u00e4htaeg: 2016 Tellija: AS Maru Ehitus Teostatud t\u00f6\u00f6de ulatus: Elemendid koos transpordiga\" \/>\n<meta property=\"og:url\" content=\"https:\/\/www.betcons.ee\/tehtud-tood\/tootmishooned-laod\/favor-tootmishoone-loovalja-tee-11\/\" \/>\n<meta property=\"og:site_name\" content=\"Betcons\" \/>\n<meta property=\"og:image\" content=\"https:\/\/www.betcons.ee\/wp-content\/uploads\/2016\/11\/Favor-1.jpg\" \/>\n\t<meta property=\"og:image:width\" content=\"480\" \/>\n\t<meta property=\"og:image:height\" content=\"270\" \/>\n\t<meta property=\"og:image:type\" content=\"image\/jpeg\" \/>\n<script type=\"application\/ld+json\" class=\"yoast-schema-graph\">{\"@context\":\"https:\/\/schema.org\",\"@graph\":[{\"@type\":\"WebPage\",\"@id\":\"https:\/\/www.betcons.ee\/tehtud-tood\/tootmishooned-laod\/favor-tootmishoone-loovalja-tee-11\/\",\"url\":\"https:\/\/www.betcons.ee\/tehtud-tood\/tootmishooned-laod\/favor-tootmishoone-loovalja-tee-11\/\",\"name\":\"Favor AS tootmishoone, Loov\u00e4lja tee 11 - Betcons\",\"isPartOf\":{\"@id\":\"https:\/\/www.betcons.ee\/#website\"},\"datePublished\":\"2016-11-06T17:05:44+00:00\",\"dateModified\":\"2016-11-06T17:05:44+00:00\",\"breadcrumb\":{\"@id\":\"https:\/\/www.betcons.ee\/tehtud-tood\/tootmishooned-laod\/favor-tootmishoone-loovalja-tee-11\/#breadcrumb\"},\"inLanguage\":\"en-US\",\"potentialAction\":[{\"@type\":\"ReadAction\",\"target\":[\"https:\/\/www.betcons.ee\/tehtud-tood\/tootmishooned-laod\/favor-tootmishoone-loovalja-tee-11\/\"]}]},{\"@type\":\"BreadcrumbList\",\"@id\":\"https:\/\/www.betcons.ee\/tehtud-tood\/tootmishooned-laod\/favor-tootmishoone-loovalja-tee-11\/#breadcrumb\",\"itemListElement\":[{\"@type\":\"ListItem\",\"position\":1,\"name\":\"Tehtud t\u00f6\u00f6d\",\"item\":\"https:\/\/www.betcons.ee\/tehtud-tood\/\"},{\"@type\":\"ListItem\",\"position\":2,\"name\":\"Tootmishooned, laod\",\"item\":\"https:\/\/www.betcons.ee\/tehtud-tood\/tootmishooned-laod\/\"},{\"@type\":\"ListItem\",\"position\":3,\"name\":\"Favor AS tootmishoone, Loov\u00e4lja tee 11\"}]},{\"@type\":\"WebSite\",\"@id\":\"https:\/\/www.betcons.ee\/#website\",\"url\":\"https:\/\/www.betcons.ee\/\",\"name\":\"Betcons\",\"description\":\"Raudbetoonist ehituslahendused\",\"potentialAction\":[{\"@type\":\"SearchAction\",\"target\":{\"@type\":\"EntryPoint\",\"urlTemplate\":\"https:\/\/www.betcons.ee\/?s={search_term_string}\"},\"query-input\":\"required name=search_term_string\"}],\"inLanguage\":\"en-US\"}]}<\/script>\n<!-- \/ Yoast SEO plugin. -->","yoast_head_json":{"title":"Favor AS tootmishoone, Loov\u00e4lja tee 11 - Betcons","robots":{"index":"index","follow":"follow","max-snippet":"max-snippet:-1","max-image-preview":"max-image-preview:large","max-video-preview":"max-video-preview:-1"},"canonical":"https:\/\/www.betcons.ee\/tehtud-tood\/tootmishooned-laod\/favor-tootmishoone-loovalja-tee-11\/","og_locale":"en_US","og_type":"article","og_title":"Favor AS tootmishoone, Loov\u00e4lja tee 11 - Betcons","og_description":"T\u00e4htaeg: 2016 Tellija: AS Maru Ehitus Teostatud t\u00f6\u00f6de ulatus: Elemendid koos transpordiga","og_url":"https:\/\/www.betcons.ee\/tehtud-tood\/tootmishooned-laod\/favor-tootmishoone-loovalja-tee-11\/","og_site_name":"Betcons","og_image":[{"width":480,"height":270,"url":"https:\/\/www.betcons.ee\/wp-content\/uploads\/2016\/11\/Favor-1.jpg","type":"image\/jpeg"}],"schema":{"@context":"https:\/\/schema.org","@graph":[{"@type":"WebPage","@id":"https:\/\/www.betcons.ee\/tehtud-tood\/tootmishooned-laod\/favor-tootmishoone-loovalja-tee-11\/","url":"https:\/\/www.betcons.ee\/tehtud-tood\/tootmishooned-laod\/favor-tootmishoone-loovalja-tee-11\/","name":"Favor AS tootmishoone, Loov\u00e4lja tee 11 - Betcons","isPartOf":{"@id":"https:\/\/www.betcons.ee\/#website"},"datePublished":"2016-11-06T17:05:44+00:00","dateModified":"2016-11-06T17:05:44+00:00","breadcrumb":{"@id":"https:\/\/www.betcons.ee\/tehtud-tood\/tootmishooned-laod\/favor-tootmishoone-loovalja-tee-11\/#breadcrumb"},"inLanguage":"en-US","potentialAction":[{"@type":"ReadAction","target":["https:\/\/www.betcons.ee\/tehtud-tood\/tootmishooned-laod\/favor-tootmishoone-loovalja-tee-11\/"]}]},{"@type":"BreadcrumbList","@id":"https:\/\/www.betcons.ee\/tehtud-tood\/tootmishooned-laod\/favor-tootmishoone-loovalja-tee-11\/#breadcrumb","itemListElement":[{"@type":"ListItem","position":1,"name":"Tehtud t\u00f6\u00f6d","item":"https:\/\/www.betcons.ee\/tehtud-tood\/"},{"@type":"ListItem","position":2,"name":"Tootmishooned, laod","item":"https:\/\/www.betcons.ee\/tehtud-tood\/tootmishooned-laod\/"},{"@type":"ListItem","position":3,"name":"Favor AS tootmishoone, Loov\u00e4lja tee 11"}]},{"@type":"WebSite","@id":"https:\/\/www.betcons.ee\/#website","url":"https:\/\/www.betcons.ee\/","name":"Betcons","description":"Raudbetoonist ehituslahendused","potentialAction":[{"@type":"SearchAction","target":{"@type":"EntryPoint","urlTemplate":"https:\/\/www.betcons.ee\/?s={search_term_string}"},"query-input":"required name=search_term_string"}],"inLanguage":"en-US"}]}},"_links":{"self":[{"href":"https:\/\/www.betcons.ee\/en\/wp-json\/wp\/v2\/pages\/978"}],"collection":[{"href":"https:\/\/www.betcons.ee\/en\/wp-json\/wp\/v2\/pages"}],"about":[{"href":"https:\/\/www.betcons.ee\/en\/wp-json\/wp\/v2\/types\/page"}],"author":[{"embeddable":true,"href":"https:\/\/www.betcons.ee\/en\/wp-json\/wp\/v2\/users\/2"}],"replies":[{"embeddable":true,"href":"https:\/\/www.betcons.ee\/en\/wp-json\/wp\/v2\/comments?post=978"}],"version-history":[{"count":26,"href":"https:\/\/www.betcons.ee\/en\/wp-json\/wp\/v2\/pages\/978\/revisions"}],"predecessor-version":[{"id":1009,"href":"https:\/\/www.betcons.ee\/en\/wp-json\/wp\/v2\/pages\/978\/revisions\/1009"}],"up":[{"embeddable":true,"href":"https:\/\/www.betcons.ee\/en\/wp-json\/wp\/v2\/pages\/324"}],"wp:featuredmedia":[{"embeddable":true,"href":"https:\/\/www.betcons.ee\/en\/wp-json\/wp\/v2\/media\/969"}],"wp:attachment":[{"href":"https:\/\/www.betcons.ee\/en\/wp-json\/wp\/v2\/media?parent=978"}],"curies":[{"name":"wp","href":"https:\/\/api.w.org\/{rel}","templated":true}]}}