{"id":943,"date":"2016-04-24T16:51:33","date_gmt":"2016-04-24T16:51:33","guid":{"rendered":"http:\/\/www.betcons.ee\/?page_id=943"},"modified":"2016-11-06T17:06:25","modified_gmt":"2016-11-06T17:06:25","slug":"lilleoru-kaubanduskeskus-parnamae-arikeskus","status":"publish","type":"page","link":"https:\/\/www.betcons.ee\/en\/tehtud-tood\/kaubandushooned\/lilleoru-kaubanduskeskus-parnamae-arikeskus\/","title":{"rendered":"Lilleoru kaubanduskeskus \/ P\u00e4rnam\u00e4e \u00e4rikeskus"},"content":{"rendered":"<h3><strong><\/strong><strong><\/strong><strong><\/strong><strong>T\u00e4htaeg:<\/strong>\u00a02015<\/h3>\n<h3><strong>Tellija:<\/strong><b>\u00a0AS <\/b>Maru Ehitus<\/h3>\n<h3><strong>Teostatud t\u00f6\u00f6de ulatus:<\/strong> Raudbetoonelemendid koos <strong><a href=\"http:\/\/www.betcons.ee\/wp-content\/uploads\/2016\/04\/Lilleoru-kaubanduskeskus-Tallinn.jpg\" rel=\"lightbox[943]\"><img decoding=\"async\" loading=\"lazy\" class=\"alignleft  wp-image-930\" alt=\"Lilleoru kaubanduskeskus, Tallinn\" src=\"http:\/\/www.betcons.ee\/wp-content\/uploads\/2016\/04\/Lilleoru-kaubanduskeskus-Tallinn-300x225.jpg\" width=\"293\" height=\"202\" \/><\/a><\/strong>trans<strong><a href=\"http:\/\/www.betcons.ee\/wp-content\/uploads\/2016\/04\/Lilleoru-kaubanduskeskus-P\u00e4rnam\u00e4e-Tallinn1.jpg\" rel=\"lightbox[943]\"><img decoding=\"async\" loading=\"lazy\" class=\"alignleft  wp-image-929\" alt=\"Lilleoru kaubanduskeskus, P\u00e4rnam\u00e4e, Tallinn1\" src=\"http:\/\/www.betcons.ee\/wp-content\/uploads\/2016\/04\/Lilleoru-kaubanduskeskus-P\u00e4rnam\u00e4e-Tallinn1-300x225.jpg\" width=\"291\" height=\"201\" \/><\/a><\/strong>pordiga<\/h3>\n<p>&nbsp;<\/p>\n<h3><\/h3>\n","protected":false},"excerpt":{"rendered":"<p>T\u00e4htaeg:\u00a02015 Tellija:\u00a0AS Maru Ehitus Teostatud t\u00f6\u00f6de ulatus: Raudbetoonelemendid koos transpordiga &nbsp;<\/p>\n","protected":false},"author":2,"featured_media":930,"parent":685,"menu_order":0,"comment_status":"closed","ping_status":"closed","template":"","meta":[],"yoast_head":"<!-- This site is optimized with the Yoast SEO plugin v20.4 - https:\/\/yoast.com\/wordpress\/plugins\/seo\/ -->\n<title>Lilleoru kaubanduskeskus \/ P\u00e4rnam\u00e4e \u00e4rikeskus - Betcons<\/title>\n<meta name=\"robots\" content=\"index, follow, max-snippet:-1, max-image-preview:large, max-video-preview:-1\" \/>\n<link rel=\"canonical\" href=\"https:\/\/www.betcons.ee\/en\/tehtud-tood\/kaubandushooned\/lilleoru-kaubanduskeskus-parnamae-arikeskus\/\" \/>\n<meta property=\"og:locale\" content=\"en_US\" \/>\n<meta property=\"og:type\" content=\"article\" \/>\n<meta property=\"og:title\" content=\"Lilleoru kaubanduskeskus \/ P\u00e4rnam\u00e4e \u00e4rikeskus - Betcons\" \/>\n<meta property=\"og:description\" content=\"T\u00e4htaeg:\u00a02015 Tellija:\u00a0AS Maru Ehitus Teostatud t\u00f6\u00f6de ulatus: Raudbetoonelemendid koos transpordiga &nbsp;\" \/>\n<meta property=\"og:url\" content=\"https:\/\/www.betcons.ee\/en\/tehtud-tood\/kaubandushooned\/lilleoru-kaubanduskeskus-parnamae-arikeskus\/\" \/>\n<meta property=\"og:site_name\" content=\"Betcons\" \/>\n<meta property=\"article:modified_time\" content=\"2016-11-06T17:06:25+00:00\" \/>\n<meta property=\"og:image\" content=\"https:\/\/www.betcons.ee\/wp-content\/uploads\/2016\/04\/Lilleoru-kaubanduskeskus-Tallinn.jpg\" \/>\n\t<meta property=\"og:image:width\" content=\"1024\" \/>\n\t<meta property=\"og:image:height\" content=\"768\" \/>\n\t<meta property=\"og:image:type\" content=\"image\/jpeg\" \/>\n<script type=\"application\/ld+json\" class=\"yoast-schema-graph\">{\"@context\":\"https:\/\/schema.org\",\"@graph\":[{\"@type\":\"WebPage\",\"@id\":\"https:\/\/www.betcons.ee\/en\/tehtud-tood\/kaubandushooned\/lilleoru-kaubanduskeskus-parnamae-arikeskus\/\",\"url\":\"https:\/\/www.betcons.ee\/en\/tehtud-tood\/kaubandushooned\/lilleoru-kaubanduskeskus-parnamae-arikeskus\/\",\"name\":\"Lilleoru kaubanduskeskus \/ P\u00e4rnam\u00e4e \u00e4rikeskus - Betcons\",\"isPartOf\":{\"@id\":\"https:\/\/www.betcons.ee\/#website\"},\"datePublished\":\"2016-04-24T16:51:33+00:00\",\"dateModified\":\"2016-11-06T17:06:25+00:00\",\"breadcrumb\":{\"@id\":\"https:\/\/www.betcons.ee\/en\/tehtud-tood\/kaubandushooned\/lilleoru-kaubanduskeskus-parnamae-arikeskus\/#breadcrumb\"},\"inLanguage\":\"en-US\",\"potentialAction\":[{\"@type\":\"ReadAction\",\"target\":[\"https:\/\/www.betcons.ee\/en\/tehtud-tood\/kaubandushooned\/lilleoru-kaubanduskeskus-parnamae-arikeskus\/\"]}]},{\"@type\":\"BreadcrumbList\",\"@id\":\"https:\/\/www.betcons.ee\/en\/tehtud-tood\/kaubandushooned\/lilleoru-kaubanduskeskus-parnamae-arikeskus\/#breadcrumb\",\"itemListElement\":[{\"@type\":\"ListItem\",\"position\":1,\"name\":\"Tehtud t\u00f6\u00f6d\",\"item\":\"https:\/\/www.betcons.ee\/tehtud-tood\/\"},{\"@type\":\"ListItem\",\"position\":2,\"name\":\"Kaubandushooned\",\"item\":\"https:\/\/www.betcons.ee\/tehtud-tood\/kaubandushooned\/\"},{\"@type\":\"ListItem\",\"position\":3,\"name\":\"Lilleoru kaubanduskeskus \/ P\u00e4rnam\u00e4e \u00e4rikeskus\"}]},{\"@type\":\"WebSite\",\"@id\":\"https:\/\/www.betcons.ee\/#website\",\"url\":\"https:\/\/www.betcons.ee\/\",\"name\":\"Betcons\",\"description\":\"Raudbetoonist ehituslahendused\",\"potentialAction\":[{\"@type\":\"SearchAction\",\"target\":{\"@type\":\"EntryPoint\",\"urlTemplate\":\"https:\/\/www.betcons.ee\/?s={search_term_string}\"},\"query-input\":\"required name=search_term_string\"}],\"inLanguage\":\"en-US\"}]}<\/script>\n<!-- \/ Yoast SEO plugin. -->","yoast_head_json":{"title":"Lilleoru kaubanduskeskus \/ P\u00e4rnam\u00e4e \u00e4rikeskus - Betcons","robots":{"index":"index","follow":"follow","max-snippet":"max-snippet:-1","max-image-preview":"max-image-preview:large","max-video-preview":"max-video-preview:-1"},"canonical":"https:\/\/www.betcons.ee\/en\/tehtud-tood\/kaubandushooned\/lilleoru-kaubanduskeskus-parnamae-arikeskus\/","og_locale":"en_US","og_type":"article","og_title":"Lilleoru kaubanduskeskus \/ P\u00e4rnam\u00e4e \u00e4rikeskus - Betcons","og_description":"T\u00e4htaeg:\u00a02015 Tellija:\u00a0AS Maru Ehitus Teostatud t\u00f6\u00f6de ulatus: Raudbetoonelemendid koos transpordiga &nbsp;","og_url":"https:\/\/www.betcons.ee\/en\/tehtud-tood\/kaubandushooned\/lilleoru-kaubanduskeskus-parnamae-arikeskus\/","og_site_name":"Betcons","article_modified_time":"2016-11-06T17:06:25+00:00","og_image":[{"width":1024,"height":768,"url":"https:\/\/www.betcons.ee\/wp-content\/uploads\/2016\/04\/Lilleoru-kaubanduskeskus-Tallinn.jpg","type":"image\/jpeg"}],"schema":{"@context":"https:\/\/schema.org","@graph":[{"@type":"WebPage","@id":"https:\/\/www.betcons.ee\/en\/tehtud-tood\/kaubandushooned\/lilleoru-kaubanduskeskus-parnamae-arikeskus\/","url":"https:\/\/www.betcons.ee\/en\/tehtud-tood\/kaubandushooned\/lilleoru-kaubanduskeskus-parnamae-arikeskus\/","name":"Lilleoru kaubanduskeskus \/ P\u00e4rnam\u00e4e \u00e4rikeskus - Betcons","isPartOf":{"@id":"https:\/\/www.betcons.ee\/#website"},"datePublished":"2016-04-24T16:51:33+00:00","dateModified":"2016-11-06T17:06:25+00:00","breadcrumb":{"@id":"https:\/\/www.betcons.ee\/en\/tehtud-tood\/kaubandushooned\/lilleoru-kaubanduskeskus-parnamae-arikeskus\/#breadcrumb"},"inLanguage":"en-US","potentialAction":[{"@type":"ReadAction","target":["https:\/\/www.betcons.ee\/en\/tehtud-tood\/kaubandushooned\/lilleoru-kaubanduskeskus-parnamae-arikeskus\/"]}]},{"@type":"BreadcrumbList","@id":"https:\/\/www.betcons.ee\/en\/tehtud-tood\/kaubandushooned\/lilleoru-kaubanduskeskus-parnamae-arikeskus\/#breadcrumb","itemListElement":[{"@type":"ListItem","position":1,"name":"Tehtud t\u00f6\u00f6d","item":"https:\/\/www.betcons.ee\/tehtud-tood\/"},{"@type":"ListItem","position":2,"name":"Kaubandushooned","item":"https:\/\/www.betcons.ee\/tehtud-tood\/kaubandushooned\/"},{"@type":"ListItem","position":3,"name":"Lilleoru kaubanduskeskus \/ P\u00e4rnam\u00e4e \u00e4rikeskus"}]},{"@type":"WebSite","@id":"https:\/\/www.betcons.ee\/#website","url":"https:\/\/www.betcons.ee\/","name":"Betcons","description":"Raudbetoonist ehituslahendused","potentialAction":[{"@type":"SearchAction","target":{"@type":"EntryPoint","urlTemplate":"https:\/\/www.betcons.ee\/?s={search_term_string}"},"query-input":"required name=search_term_string"}],"inLanguage":"en-US"}]}},"_links":{"self":[{"href":"https:\/\/www.betcons.ee\/en\/wp-json\/wp\/v2\/pages\/943"}],"collection":[{"href":"https:\/\/www.betcons.ee\/en\/wp-json\/wp\/v2\/pages"}],"about":[{"href":"https:\/\/www.betcons.ee\/en\/wp-json\/wp\/v2\/types\/page"}],"author":[{"embeddable":true,"href":"https:\/\/www.betcons.ee\/en\/wp-json\/wp\/v2\/users\/2"}],"replies":[{"embeddable":true,"href":"https:\/\/www.betcons.ee\/en\/wp-json\/wp\/v2\/comments?post=943"}],"version-history":[{"count":11,"href":"https:\/\/www.betcons.ee\/en\/wp-json\/wp\/v2\/pages\/943\/revisions"}],"predecessor-version":[{"id":946,"href":"https:\/\/www.betcons.ee\/en\/wp-json\/wp\/v2\/pages\/943\/revisions\/946"}],"up":[{"embeddable":true,"href":"https:\/\/www.betcons.ee\/en\/wp-json\/wp\/v2\/pages\/685"}],"wp:featuredmedia":[{"embeddable":true,"href":"https:\/\/www.betcons.ee\/en\/wp-json\/wp\/v2\/media\/930"}],"wp:attachment":[{"href":"https:\/\/www.betcons.ee\/en\/wp-json\/wp\/v2\/media?parent=943"}],"curies":[{"name":"wp","href":"https:\/\/api.w.org\/{rel}","templated":true}]}}