{"id":882,"date":"2014-10-21T10:06:50","date_gmt":"2014-10-21T10:06:50","guid":{"rendered":"http:\/\/www.betcons.ee\/?page_id=882"},"modified":"2014-10-21T10:06:50","modified_gmt":"2014-10-21T10:06:50","slug":"treffex-laohooned-parnumaal","status":"publish","type":"page","link":"https:\/\/www.betcons.ee\/en\/tehtud-tood\/tootmishooned-laod\/treffex-laohooned-parnumaal\/","title":{"rendered":"Treffex AS laohooned P\u00e4rnumaal"},"content":{"rendered":"<p><strong>T\u00e4htaeg<\/strong>: 2014<br \/>\n<strong>Tellija<\/strong>: AS Maru Ehitus<br \/>\n<strong>Teostatud t\u00f6\u00f6de ulatus<\/strong>: soklipaneelide tarne<\/p>\n<div id=\"attachment_881\" style=\"width: 310px\" class=\"wp-caption alignleft\"><a href=\"http:\/\/www.betcons.ee\/wp-content\/uploads\/2014\/10\/Treffex-AS-laohooned.jpg\" rel=\"lightbox[882]\"><img aria-describedby=\"caption-attachment-881\" decoding=\"async\" loading=\"lazy\" class=\"size-medium wp-image-881\" alt=\"Treffex AS laohooned P\u00e4rnumaal\" src=\"http:\/\/www.betcons.ee\/wp-content\/uploads\/2014\/10\/Treffex-AS-laohooned-300x225.jpg\" width=\"300\" height=\"225\" srcset=\"https:\/\/www.betcons.ee\/wp-content\/uploads\/2014\/10\/Treffex-AS-laohooned-300x225.jpg 300w, https:\/\/www.betcons.ee\/wp-content\/uploads\/2014\/10\/Treffex-AS-laohooned-220x164.jpg 220w, https:\/\/www.betcons.ee\/wp-content\/uploads\/2014\/10\/Treffex-AS-laohooned.jpg 640w\" sizes=\"(max-width: 300px) 100vw, 300px\" \/><\/a><p id=\"caption-attachment-881\" class=\"wp-caption-text\">Treffex AS laohooned P\u00e4rnumaal<\/p><\/div>\n","protected":false},"excerpt":{"rendered":"<p>T\u00e4htaeg: 2014 Tellija: AS Maru Ehitus Teostatud t\u00f6\u00f6de ulatus: soklipaneelide tarne<\/p>\n","protected":false},"author":2,"featured_media":881,"parent":324,"menu_order":0,"comment_status":"closed","ping_status":"closed","template":"","meta":[],"yoast_head":"<!-- This site is optimized with the Yoast SEO plugin v20.4 - https:\/\/yoast.com\/wordpress\/plugins\/seo\/ -->\n<title>Treffex AS laohooned P\u00e4rnumaal - Betcons<\/title>\n<meta name=\"robots\" content=\"index, follow, max-snippet:-1, max-image-preview:large, max-video-preview:-1\" \/>\n<link rel=\"canonical\" href=\"https:\/\/www.betcons.ee\/tehtud-tood\/tootmishooned-laod\/treffex-laohooned-parnumaal\/\" \/>\n<meta property=\"og:locale\" content=\"en_US\" \/>\n<meta property=\"og:type\" content=\"article\" \/>\n<meta property=\"og:title\" content=\"Treffex AS laohooned P\u00e4rnumaal - Betcons\" \/>\n<meta property=\"og:description\" content=\"T\u00e4htaeg: 2014 Tellija: AS Maru Ehitus Teostatud t\u00f6\u00f6de ulatus: soklipaneelide tarne\" \/>\n<meta property=\"og:url\" content=\"https:\/\/www.betcons.ee\/tehtud-tood\/tootmishooned-laod\/treffex-laohooned-parnumaal\/\" \/>\n<meta property=\"og:site_name\" content=\"Betcons\" \/>\n<meta property=\"og:image\" content=\"https:\/\/www.betcons.ee\/wp-content\/uploads\/2014\/10\/Treffex-AS-laohooned.jpg\" \/>\n\t<meta property=\"og:image:width\" content=\"640\" \/>\n\t<meta property=\"og:image:height\" content=\"480\" \/>\n\t<meta property=\"og:image:type\" content=\"image\/jpeg\" \/>\n<script type=\"application\/ld+json\" class=\"yoast-schema-graph\">{\"@context\":\"https:\/\/schema.org\",\"@graph\":[{\"@type\":\"WebPage\",\"@id\":\"https:\/\/www.betcons.ee\/tehtud-tood\/tootmishooned-laod\/treffex-laohooned-parnumaal\/\",\"url\":\"https:\/\/www.betcons.ee\/tehtud-tood\/tootmishooned-laod\/treffex-laohooned-parnumaal\/\",\"name\":\"Treffex AS laohooned P\u00e4rnumaal - Betcons\",\"isPartOf\":{\"@id\":\"https:\/\/www.betcons.ee\/#website\"},\"datePublished\":\"2014-10-21T10:06:50+00:00\",\"dateModified\":\"2014-10-21T10:06:50+00:00\",\"breadcrumb\":{\"@id\":\"https:\/\/www.betcons.ee\/tehtud-tood\/tootmishooned-laod\/treffex-laohooned-parnumaal\/#breadcrumb\"},\"inLanguage\":\"en-US\",\"potentialAction\":[{\"@type\":\"ReadAction\",\"target\":[\"https:\/\/www.betcons.ee\/tehtud-tood\/tootmishooned-laod\/treffex-laohooned-parnumaal\/\"]}]},{\"@type\":\"BreadcrumbList\",\"@id\":\"https:\/\/www.betcons.ee\/tehtud-tood\/tootmishooned-laod\/treffex-laohooned-parnumaal\/#breadcrumb\",\"itemListElement\":[{\"@type\":\"ListItem\",\"position\":1,\"name\":\"Tehtud t\u00f6\u00f6d\",\"item\":\"https:\/\/www.betcons.ee\/tehtud-tood\/\"},{\"@type\":\"ListItem\",\"position\":2,\"name\":\"Tootmishooned, laod\",\"item\":\"https:\/\/www.betcons.ee\/tehtud-tood\/tootmishooned-laod\/\"},{\"@type\":\"ListItem\",\"position\":3,\"name\":\"Treffex AS laohooned P\u00e4rnumaal\"}]},{\"@type\":\"WebSite\",\"@id\":\"https:\/\/www.betcons.ee\/#website\",\"url\":\"https:\/\/www.betcons.ee\/\",\"name\":\"Betcons\",\"description\":\"Raudbetoonist ehituslahendused\",\"potentialAction\":[{\"@type\":\"SearchAction\",\"target\":{\"@type\":\"EntryPoint\",\"urlTemplate\":\"https:\/\/www.betcons.ee\/?s={search_term_string}\"},\"query-input\":\"required name=search_term_string\"}],\"inLanguage\":\"en-US\"}]}<\/script>\n<!-- \/ Yoast SEO plugin. -->","yoast_head_json":{"title":"Treffex AS laohooned P\u00e4rnumaal - Betcons","robots":{"index":"index","follow":"follow","max-snippet":"max-snippet:-1","max-image-preview":"max-image-preview:large","max-video-preview":"max-video-preview:-1"},"canonical":"https:\/\/www.betcons.ee\/tehtud-tood\/tootmishooned-laod\/treffex-laohooned-parnumaal\/","og_locale":"en_US","og_type":"article","og_title":"Treffex AS laohooned P\u00e4rnumaal - Betcons","og_description":"T\u00e4htaeg: 2014 Tellija: AS Maru Ehitus Teostatud t\u00f6\u00f6de ulatus: soklipaneelide tarne","og_url":"https:\/\/www.betcons.ee\/tehtud-tood\/tootmishooned-laod\/treffex-laohooned-parnumaal\/","og_site_name":"Betcons","og_image":[{"width":640,"height":480,"url":"https:\/\/www.betcons.ee\/wp-content\/uploads\/2014\/10\/Treffex-AS-laohooned.jpg","type":"image\/jpeg"}],"schema":{"@context":"https:\/\/schema.org","@graph":[{"@type":"WebPage","@id":"https:\/\/www.betcons.ee\/tehtud-tood\/tootmishooned-laod\/treffex-laohooned-parnumaal\/","url":"https:\/\/www.betcons.ee\/tehtud-tood\/tootmishooned-laod\/treffex-laohooned-parnumaal\/","name":"Treffex AS laohooned P\u00e4rnumaal - Betcons","isPartOf":{"@id":"https:\/\/www.betcons.ee\/#website"},"datePublished":"2014-10-21T10:06:50+00:00","dateModified":"2014-10-21T10:06:50+00:00","breadcrumb":{"@id":"https:\/\/www.betcons.ee\/tehtud-tood\/tootmishooned-laod\/treffex-laohooned-parnumaal\/#breadcrumb"},"inLanguage":"en-US","potentialAction":[{"@type":"ReadAction","target":["https:\/\/www.betcons.ee\/tehtud-tood\/tootmishooned-laod\/treffex-laohooned-parnumaal\/"]}]},{"@type":"BreadcrumbList","@id":"https:\/\/www.betcons.ee\/tehtud-tood\/tootmishooned-laod\/treffex-laohooned-parnumaal\/#breadcrumb","itemListElement":[{"@type":"ListItem","position":1,"name":"Tehtud t\u00f6\u00f6d","item":"https:\/\/www.betcons.ee\/tehtud-tood\/"},{"@type":"ListItem","position":2,"name":"Tootmishooned, laod","item":"https:\/\/www.betcons.ee\/tehtud-tood\/tootmishooned-laod\/"},{"@type":"ListItem","position":3,"name":"Treffex AS laohooned P\u00e4rnumaal"}]},{"@type":"WebSite","@id":"https:\/\/www.betcons.ee\/#website","url":"https:\/\/www.betcons.ee\/","name":"Betcons","description":"Raudbetoonist ehituslahendused","potentialAction":[{"@type":"SearchAction","target":{"@type":"EntryPoint","urlTemplate":"https:\/\/www.betcons.ee\/?s={search_term_string}"},"query-input":"required name=search_term_string"}],"inLanguage":"en-US"}]}},"_links":{"self":[{"href":"https:\/\/www.betcons.ee\/en\/wp-json\/wp\/v2\/pages\/882"}],"collection":[{"href":"https:\/\/www.betcons.ee\/en\/wp-json\/wp\/v2\/pages"}],"about":[{"href":"https:\/\/www.betcons.ee\/en\/wp-json\/wp\/v2\/types\/page"}],"author":[{"embeddable":true,"href":"https:\/\/www.betcons.ee\/en\/wp-json\/wp\/v2\/users\/2"}],"replies":[{"embeddable":true,"href":"https:\/\/www.betcons.ee\/en\/wp-json\/wp\/v2\/comments?post=882"}],"version-history":[{"count":7,"href":"https:\/\/www.betcons.ee\/en\/wp-json\/wp\/v2\/pages\/882\/revisions"}],"predecessor-version":[{"id":889,"href":"https:\/\/www.betcons.ee\/en\/wp-json\/wp\/v2\/pages\/882\/revisions\/889"}],"up":[{"embeddable":true,"href":"https:\/\/www.betcons.ee\/en\/wp-json\/wp\/v2\/pages\/324"}],"wp:featuredmedia":[{"embeddable":true,"href":"https:\/\/www.betcons.ee\/en\/wp-json\/wp\/v2\/media\/881"}],"wp:attachment":[{"href":"https:\/\/www.betcons.ee\/en\/wp-json\/wp\/v2\/media?parent=882"}],"curies":[{"name":"wp","href":"https:\/\/api.w.org\/{rel}","templated":true}]}}