{"id":178,"date":"2010-12-20T13:20:58","date_gmt":"2010-12-20T13:20:58","guid":{"rendered":"http:\/\/www.betcons.ee\/"},"modified":"2014-03-06T23:31:00","modified_gmt":"2014-03-06T23:31:00","slug":"as-baltic-workboats-tootmishoone-saaremaal","status":"publish","type":"page","link":"https:\/\/www.betcons.ee\/en\/tehtud-tood\/tootmishooned-laod\/as-baltic-workboats-tootmishoone-saaremaal\/","title":{"rendered":"AS Baltic Workboats tootmishoone Saaremaal"},"content":{"rendered":"<p><strong>T\u00e4htaeg:<\/strong> 2010<\/p>\n<p><strong>Tellija:<\/strong> AS Maru Ehitus<\/p>\n<p><strong>Teostatud t\u00f6\u00f6de ulatus:<\/strong> projekteerimine ja elemendid koos transpordiga<\/p>\n<p>\n\t\t<style type=\"text\/css\">\n\t\t\t#gallery-2 {\n\t\t\t\tmargin: auto;\n\t\t\t}\n\t\t\t#gallery-2 .gallery-item {\n\t\t\t\tfloat: left;\n\t\t\t\tmargin-top: 10px;\n\t\t\t\ttext-align: center;\n\t\t\t\twidth: 25%;\n\t\t\t}\n\t\t\t#gallery-2 img {\n\t\t\t\tborder: 2px solid #cfcfcf;\n\t\t\t}\n\t\t\t#gallery-2 .gallery-caption {\n\t\t\t\tmargin-left: 0;\n\t\t\t}\n\t\t\t\/* see gallery_shortcode() in wp-includes\/media.php *\/\n\t\t<\/style>\n\t\t<div id='gallery-2' class='gallery galleryid-178 gallery-columns-4 gallery-size-thumbnail'><dl class='gallery-item'>\n\t\t\t<dt class='gallery-icon landscape'>\n\t\t\t\t<a href='https:\/\/www.betcons.ee\/wp-content\/uploads\/2010\/12\/DSCN4441.jpg' rel=\"lightbox[178]\"><img width=\"138\" height=\"138\" src=\"https:\/\/www.betcons.ee\/wp-content\/uploads\/2010\/12\/DSCN4441-138x138.jpg\" class=\"attachment-thumbnail size-thumbnail\" alt=\"\" decoding=\"async\" loading=\"lazy\" \/><\/a>\n\t\t\t<\/dt><\/dl><dl class='gallery-item'>\n\t\t\t<dt class='gallery-icon landscape'>\n\t\t\t\t<a href='https:\/\/www.betcons.ee\/wp-content\/uploads\/2010\/12\/DSCN4439.jpg' rel=\"lightbox[178]\"><img width=\"138\" height=\"138\" src=\"https:\/\/www.betcons.ee\/wp-content\/uploads\/2010\/12\/DSCN4439-138x138.jpg\" class=\"attachment-thumbnail size-thumbnail\" alt=\"\" decoding=\"async\" loading=\"lazy\" \/><\/a>\n\t\t\t<\/dt><\/dl><dl class='gallery-item'>\n\t\t\t<dt class='gallery-icon landscape'>\n\t\t\t\t<a href='https:\/\/www.betcons.ee\/wp-content\/uploads\/2010\/12\/DSCN4451-1.jpg' rel=\"lightbox[178]\"><img width=\"138\" height=\"138\" src=\"https:\/\/www.betcons.ee\/wp-content\/uploads\/2010\/12\/DSCN4451-1-138x138.jpg\" class=\"attachment-thumbnail size-thumbnail\" alt=\"\" decoding=\"async\" loading=\"lazy\" \/><\/a>\n\t\t\t<\/dt><\/dl>\n\t\t\t<br style='clear: both' \/>\n\t\t<\/div>\n<\/p>","protected":false},"excerpt":{"rendered":"<p>T\u00e4htaeg: 2010 Tellija: AS Maru Ehitus Teostatud t\u00f6\u00f6de ulatus: projekteerimine ja elemendid koos transpordiga<\/p>\n","protected":false},"author":2,"featured_media":179,"parent":324,"menu_order":0,"comment_status":"closed","ping_status":"closed","template":"","meta":[],"yoast_head":"<!-- This site is optimized with the Yoast SEO plugin v20.4 - https:\/\/yoast.com\/wordpress\/plugins\/seo\/ -->\n<title>AS Baltic Workboats tootmishoone Saaremaal - Betcons<\/title>\n<meta name=\"robots\" content=\"index, follow, max-snippet:-1, max-image-preview:large, max-video-preview:-1\" \/>\n<link rel=\"canonical\" href=\"https:\/\/www.betcons.ee\/tehtud-tood\/tootmishooned-laod\/as-baltic-workboats-tootmishoone-saaremaal\/\" \/>\n<meta property=\"og:locale\" content=\"en_US\" \/>\n<meta property=\"og:type\" content=\"article\" \/>\n<meta property=\"og:title\" content=\"AS Baltic Workboats tootmishoone Saaremaal - Betcons\" \/>\n<meta property=\"og:description\" content=\"T\u00e4htaeg: 2010 Tellija: AS Maru Ehitus Teostatud t\u00f6\u00f6de ulatus: projekteerimine ja elemendid koos transpordiga\" \/>\n<meta property=\"og:url\" content=\"https:\/\/www.betcons.ee\/tehtud-tood\/tootmishooned-laod\/as-baltic-workboats-tootmishoone-saaremaal\/\" \/>\n<meta property=\"og:site_name\" content=\"Betcons\" \/>\n<meta property=\"article:modified_time\" content=\"2014-03-06T23:31:00+00:00\" \/>\n<meta property=\"og:image\" content=\"https:\/\/www.betcons.ee\/wp-content\/uploads\/2010\/12\/DSCN4441.jpg\" \/>\n\t<meta property=\"og:image:width\" content=\"1600\" \/>\n\t<meta property=\"og:image:height\" content=\"1200\" \/>\n\t<meta property=\"og:image:type\" content=\"image\/jpeg\" \/>\n<script type=\"application\/ld+json\" class=\"yoast-schema-graph\">{\"@context\":\"https:\/\/schema.org\",\"@graph\":[{\"@type\":\"WebPage\",\"@id\":\"https:\/\/www.betcons.ee\/tehtud-tood\/tootmishooned-laod\/as-baltic-workboats-tootmishoone-saaremaal\/\",\"url\":\"https:\/\/www.betcons.ee\/tehtud-tood\/tootmishooned-laod\/as-baltic-workboats-tootmishoone-saaremaal\/\",\"name\":\"AS Baltic Workboats tootmishoone Saaremaal - Betcons\",\"isPartOf\":{\"@id\":\"https:\/\/www.betcons.ee\/#website\"},\"datePublished\":\"2010-12-20T13:20:58+00:00\",\"dateModified\":\"2014-03-06T23:31:00+00:00\",\"breadcrumb\":{\"@id\":\"https:\/\/www.betcons.ee\/tehtud-tood\/tootmishooned-laod\/as-baltic-workboats-tootmishoone-saaremaal\/#breadcrumb\"},\"inLanguage\":\"en-US\",\"potentialAction\":[{\"@type\":\"ReadAction\",\"target\":[\"https:\/\/www.betcons.ee\/tehtud-tood\/tootmishooned-laod\/as-baltic-workboats-tootmishoone-saaremaal\/\"]}]},{\"@type\":\"BreadcrumbList\",\"@id\":\"https:\/\/www.betcons.ee\/tehtud-tood\/tootmishooned-laod\/as-baltic-workboats-tootmishoone-saaremaal\/#breadcrumb\",\"itemListElement\":[{\"@type\":\"ListItem\",\"position\":1,\"name\":\"Tehtud t\u00f6\u00f6d\",\"item\":\"https:\/\/www.betcons.ee\/tehtud-tood\/\"},{\"@type\":\"ListItem\",\"position\":2,\"name\":\"Tootmishooned, laod\",\"item\":\"https:\/\/www.betcons.ee\/tehtud-tood\/tootmishooned-laod\/\"},{\"@type\":\"ListItem\",\"position\":3,\"name\":\"AS Baltic Workboats tootmishoone Saaremaal\"}]},{\"@type\":\"WebSite\",\"@id\":\"https:\/\/www.betcons.ee\/#website\",\"url\":\"https:\/\/www.betcons.ee\/\",\"name\":\"Betcons\",\"description\":\"Raudbetoonist ehituslahendused\",\"potentialAction\":[{\"@type\":\"SearchAction\",\"target\":{\"@type\":\"EntryPoint\",\"urlTemplate\":\"https:\/\/www.betcons.ee\/?s={search_term_string}\"},\"query-input\":\"required name=search_term_string\"}],\"inLanguage\":\"en-US\"}]}<\/script>\n<!-- \/ Yoast SEO plugin. -->","yoast_head_json":{"title":"AS Baltic Workboats tootmishoone Saaremaal - Betcons","robots":{"index":"index","follow":"follow","max-snippet":"max-snippet:-1","max-image-preview":"max-image-preview:large","max-video-preview":"max-video-preview:-1"},"canonical":"https:\/\/www.betcons.ee\/tehtud-tood\/tootmishooned-laod\/as-baltic-workboats-tootmishoone-saaremaal\/","og_locale":"en_US","og_type":"article","og_title":"AS Baltic Workboats tootmishoone Saaremaal - Betcons","og_description":"T\u00e4htaeg: 2010 Tellija: AS Maru Ehitus Teostatud t\u00f6\u00f6de ulatus: projekteerimine ja elemendid koos transpordiga","og_url":"https:\/\/www.betcons.ee\/tehtud-tood\/tootmishooned-laod\/as-baltic-workboats-tootmishoone-saaremaal\/","og_site_name":"Betcons","article_modified_time":"2014-03-06T23:31:00+00:00","og_image":[{"width":"1600","height":"1200","url":"https:\/\/www.betcons.ee\/wp-content\/uploads\/2010\/12\/DSCN4441.jpg","type":"image\/jpeg"}],"schema":{"@context":"https:\/\/schema.org","@graph":[{"@type":"WebPage","@id":"https:\/\/www.betcons.ee\/tehtud-tood\/tootmishooned-laod\/as-baltic-workboats-tootmishoone-saaremaal\/","url":"https:\/\/www.betcons.ee\/tehtud-tood\/tootmishooned-laod\/as-baltic-workboats-tootmishoone-saaremaal\/","name":"AS Baltic Workboats tootmishoone Saaremaal - Betcons","isPartOf":{"@id":"https:\/\/www.betcons.ee\/#website"},"datePublished":"2010-12-20T13:20:58+00:00","dateModified":"2014-03-06T23:31:00+00:00","breadcrumb":{"@id":"https:\/\/www.betcons.ee\/tehtud-tood\/tootmishooned-laod\/as-baltic-workboats-tootmishoone-saaremaal\/#breadcrumb"},"inLanguage":"en-US","potentialAction":[{"@type":"ReadAction","target":["https:\/\/www.betcons.ee\/tehtud-tood\/tootmishooned-laod\/as-baltic-workboats-tootmishoone-saaremaal\/"]}]},{"@type":"BreadcrumbList","@id":"https:\/\/www.betcons.ee\/tehtud-tood\/tootmishooned-laod\/as-baltic-workboats-tootmishoone-saaremaal\/#breadcrumb","itemListElement":[{"@type":"ListItem","position":1,"name":"Tehtud t\u00f6\u00f6d","item":"https:\/\/www.betcons.ee\/tehtud-tood\/"},{"@type":"ListItem","position":2,"name":"Tootmishooned, laod","item":"https:\/\/www.betcons.ee\/tehtud-tood\/tootmishooned-laod\/"},{"@type":"ListItem","position":3,"name":"AS Baltic Workboats tootmishoone Saaremaal"}]},{"@type":"WebSite","@id":"https:\/\/www.betcons.ee\/#website","url":"https:\/\/www.betcons.ee\/","name":"Betcons","description":"Raudbetoonist ehituslahendused","potentialAction":[{"@type":"SearchAction","target":{"@type":"EntryPoint","urlTemplate":"https:\/\/www.betcons.ee\/?s={search_term_string}"},"query-input":"required name=search_term_string"}],"inLanguage":"en-US"}]}},"_links":{"self":[{"href":"https:\/\/www.betcons.ee\/en\/wp-json\/wp\/v2\/pages\/178"}],"collection":[{"href":"https:\/\/www.betcons.ee\/en\/wp-json\/wp\/v2\/pages"}],"about":[{"href":"https:\/\/www.betcons.ee\/en\/wp-json\/wp\/v2\/types\/page"}],"author":[{"embeddable":true,"href":"https:\/\/www.betcons.ee\/en\/wp-json\/wp\/v2\/users\/2"}],"replies":[{"embeddable":true,"href":"https:\/\/www.betcons.ee\/en\/wp-json\/wp\/v2\/comments?post=178"}],"version-history":[{"count":6,"href":"https:\/\/www.betcons.ee\/en\/wp-json\/wp\/v2\/pages\/178\/revisions"}],"predecessor-version":[{"id":860,"href":"https:\/\/www.betcons.ee\/en\/wp-json\/wp\/v2\/pages\/178\/revisions\/860"}],"up":[{"embeddable":true,"href":"https:\/\/www.betcons.ee\/en\/wp-json\/wp\/v2\/pages\/324"}],"wp:featuredmedia":[{"embeddable":true,"href":"https:\/\/www.betcons.ee\/en\/wp-json\/wp\/v2\/media\/179"}],"wp:attachment":[{"href":"https:\/\/www.betcons.ee\/en\/wp-json\/wp\/v2\/media?parent=178"}],"curies":[{"name":"wp","href":"https:\/\/api.w.org\/{rel}","templated":true}]}}