{"id":149,"date":"2010-12-15T18:10:27","date_gmt":"2010-12-15T18:10:27","guid":{"rendered":"http:\/\/www.betcons.ee\/"},"modified":"2014-03-06T23:28:21","modified_gmt":"2014-03-06T23:28:21","slug":"tartu-valga-raudteeulekaigud-koidula-piiripunkti-ulesoidud","status":"publish","type":"page","link":"https:\/\/www.betcons.ee\/en\/tehtud-tood\/infrastruktuurirajatised\/tartu-valga-raudteeulekaigud-koidula-piiripunkti-ulesoidud\/","title":{"rendered":"Tartu &#8211; Valga raudtee\u00fclek\u00e4igud, Koidula piiripunkti \u00fcles\u00f5idud"},"content":{"rendered":"<p><strong>T\u00e4htaeg:<\/strong> 2010<\/p>\n<p><strong>Tellija:<\/strong> AS Volkerrail RTE<\/p>\n<p><strong>Teostatud t\u00f6\u00f6de ulatus:<\/strong> Projekteerimine ja elemendid koos tarnega\n\t\t<style type=\"text\/css\">\n\t\t\t#gallery-2 {\n\t\t\t\tmargin: auto;\n\t\t\t}\n\t\t\t#gallery-2 .gallery-item {\n\t\t\t\tfloat: left;\n\t\t\t\tmargin-top: 10px;\n\t\t\t\ttext-align: center;\n\t\t\t\twidth: 25%;\n\t\t\t}\n\t\t\t#gallery-2 img {\n\t\t\t\tborder: 2px solid #cfcfcf;\n\t\t\t}\n\t\t\t#gallery-2 .gallery-caption {\n\t\t\t\tmargin-left: 0;\n\t\t\t}\n\t\t\t\/* see gallery_shortcode() in wp-includes\/media.php *\/\n\t\t<\/style>\n\t\t<div id='gallery-2' class='gallery galleryid-149 gallery-columns-4 gallery-size-thumbnail'><dl class='gallery-item'>\n\t\t\t<dt class='gallery-icon landscape'>\n\t\t\t\t<a href='https:\/\/www.betcons.ee\/wp-content\/uploads\/2010\/12\/DSCN3891.jpg' rel=\"lightbox[149]\"><img width=\"138\" height=\"138\" src=\"https:\/\/www.betcons.ee\/wp-content\/uploads\/2010\/12\/DSCN3891-138x138.jpg\" class=\"attachment-thumbnail size-thumbnail\" alt=\"\" decoding=\"async\" loading=\"lazy\" \/><\/a>\n\t\t\t<\/dt><\/dl><dl class='gallery-item'>\n\t\t\t<dt class='gallery-icon landscape'>\n\t\t\t\t<a href='https:\/\/www.betcons.ee\/wp-content\/uploads\/2010\/12\/DSCN3883.jpg' rel=\"lightbox[149]\"><img width=\"138\" height=\"138\" src=\"https:\/\/www.betcons.ee\/wp-content\/uploads\/2010\/12\/DSCN3883-138x138.jpg\" class=\"attachment-thumbnail size-thumbnail\" alt=\"Raudtee \u00fclek\u00e4ik\" decoding=\"async\" loading=\"lazy\" \/><\/a>\n\t\t\t<\/dt><\/dl><dl class='gallery-item'>\n\t\t\t<dt class='gallery-icon landscape'>\n\t\t\t\t<a href='https:\/\/www.betcons.ee\/wp-content\/uploads\/2010\/12\/DSCN3880.jpg' rel=\"lightbox[149]\"><img width=\"138\" height=\"138\" src=\"https:\/\/www.betcons.ee\/wp-content\/uploads\/2010\/12\/DSCN3880-138x138.jpg\" class=\"attachment-thumbnail size-thumbnail\" alt=\"Raudtee \u00fclek\u00e4ik\" decoding=\"async\" loading=\"lazy\" \/><\/a>\n\t\t\t<\/dt><\/dl>\n\t\t\t<br style='clear: both' \/>\n\t\t<\/div>\n<\/p>","protected":false},"excerpt":{"rendered":"<p>T\u00e4htaeg: 2010 Tellija: AS Volkerrail RTE Teostatud t\u00f6\u00f6de ulatus: Projekteerimine ja elemendid koos tarnega<\/p>\n","protected":false},"author":2,"featured_media":151,"parent":318,"menu_order":0,"comment_status":"closed","ping_status":"closed","template":"","meta":[],"yoast_head":"<!-- This site is optimized with the Yoast SEO plugin v20.4 - https:\/\/yoast.com\/wordpress\/plugins\/seo\/ -->\n<title>Tartu - Valga raudtee\u00fclek\u00e4igud, Koidula piiripunkti \u00fcles\u00f5idud - Betcons<\/title>\n<meta name=\"robots\" content=\"index, follow, max-snippet:-1, max-image-preview:large, max-video-preview:-1\" \/>\n<link rel=\"canonical\" href=\"https:\/\/www.betcons.ee\/tehtud-tood\/infrastruktuurirajatised\/tartu-valga-raudteeulekaigud-koidula-piiripunkti-ulesoidud\/\" \/>\n<meta property=\"og:locale\" content=\"en_US\" \/>\n<meta property=\"og:type\" content=\"article\" \/>\n<meta property=\"og:title\" content=\"Tartu - Valga raudtee\u00fclek\u00e4igud, Koidula piiripunkti \u00fcles\u00f5idud - Betcons\" \/>\n<meta property=\"og:description\" content=\"T\u00e4htaeg: 2010 Tellija: AS Volkerrail RTE Teostatud t\u00f6\u00f6de ulatus: Projekteerimine ja elemendid koos tarnega\" \/>\n<meta property=\"og:url\" content=\"https:\/\/www.betcons.ee\/tehtud-tood\/infrastruktuurirajatised\/tartu-valga-raudteeulekaigud-koidula-piiripunkti-ulesoidud\/\" \/>\n<meta property=\"og:site_name\" content=\"Betcons\" \/>\n<meta property=\"article:modified_time\" content=\"2014-03-06T23:28:21+00:00\" \/>\n<meta property=\"og:image\" content=\"https:\/\/www.betcons.ee\/wp-content\/uploads\/2010\/12\/DSCN3883.jpg\" \/>\n\t<meta property=\"og:image:width\" content=\"480\" \/>\n\t<meta property=\"og:image:height\" content=\"360\" \/>\n\t<meta property=\"og:image:type\" content=\"image\/jpeg\" \/>\n<script type=\"application\/ld+json\" class=\"yoast-schema-graph\">{\"@context\":\"https:\/\/schema.org\",\"@graph\":[{\"@type\":\"WebPage\",\"@id\":\"https:\/\/www.betcons.ee\/tehtud-tood\/infrastruktuurirajatised\/tartu-valga-raudteeulekaigud-koidula-piiripunkti-ulesoidud\/\",\"url\":\"https:\/\/www.betcons.ee\/tehtud-tood\/infrastruktuurirajatised\/tartu-valga-raudteeulekaigud-koidula-piiripunkti-ulesoidud\/\",\"name\":\"Tartu - Valga raudtee\u00fclek\u00e4igud, Koidula piiripunkti \u00fcles\u00f5idud - Betcons\",\"isPartOf\":{\"@id\":\"https:\/\/www.betcons.ee\/#website\"},\"datePublished\":\"2010-12-15T18:10:27+00:00\",\"dateModified\":\"2014-03-06T23:28:21+00:00\",\"breadcrumb\":{\"@id\":\"https:\/\/www.betcons.ee\/tehtud-tood\/infrastruktuurirajatised\/tartu-valga-raudteeulekaigud-koidula-piiripunkti-ulesoidud\/#breadcrumb\"},\"inLanguage\":\"en-US\",\"potentialAction\":[{\"@type\":\"ReadAction\",\"target\":[\"https:\/\/www.betcons.ee\/tehtud-tood\/infrastruktuurirajatised\/tartu-valga-raudteeulekaigud-koidula-piiripunkti-ulesoidud\/\"]}]},{\"@type\":\"BreadcrumbList\",\"@id\":\"https:\/\/www.betcons.ee\/tehtud-tood\/infrastruktuurirajatised\/tartu-valga-raudteeulekaigud-koidula-piiripunkti-ulesoidud\/#breadcrumb\",\"itemListElement\":[{\"@type\":\"ListItem\",\"position\":1,\"name\":\"Tehtud t\u00f6\u00f6d\",\"item\":\"https:\/\/www.betcons.ee\/tehtud-tood\/\"},{\"@type\":\"ListItem\",\"position\":2,\"name\":\"Infrastruktuurirajatised\",\"item\":\"https:\/\/www.betcons.ee\/tehtud-tood\/infrastruktuurirajatised\/\"},{\"@type\":\"ListItem\",\"position\":3,\"name\":\"Tartu &#8211; Valga raudtee\u00fclek\u00e4igud, Koidula piiripunkti \u00fcles\u00f5idud\"}]},{\"@type\":\"WebSite\",\"@id\":\"https:\/\/www.betcons.ee\/#website\",\"url\":\"https:\/\/www.betcons.ee\/\",\"name\":\"Betcons\",\"description\":\"Raudbetoonist ehituslahendused\",\"potentialAction\":[{\"@type\":\"SearchAction\",\"target\":{\"@type\":\"EntryPoint\",\"urlTemplate\":\"https:\/\/www.betcons.ee\/?s={search_term_string}\"},\"query-input\":\"required name=search_term_string\"}],\"inLanguage\":\"en-US\"}]}<\/script>\n<!-- \/ Yoast SEO plugin. -->","yoast_head_json":{"title":"Tartu - Valga raudtee\u00fclek\u00e4igud, Koidula piiripunkti \u00fcles\u00f5idud - Betcons","robots":{"index":"index","follow":"follow","max-snippet":"max-snippet:-1","max-image-preview":"max-image-preview:large","max-video-preview":"max-video-preview:-1"},"canonical":"https:\/\/www.betcons.ee\/tehtud-tood\/infrastruktuurirajatised\/tartu-valga-raudteeulekaigud-koidula-piiripunkti-ulesoidud\/","og_locale":"en_US","og_type":"article","og_title":"Tartu - Valga raudtee\u00fclek\u00e4igud, Koidula piiripunkti \u00fcles\u00f5idud - Betcons","og_description":"T\u00e4htaeg: 2010 Tellija: AS Volkerrail RTE Teostatud t\u00f6\u00f6de ulatus: Projekteerimine ja elemendid koos tarnega","og_url":"https:\/\/www.betcons.ee\/tehtud-tood\/infrastruktuurirajatised\/tartu-valga-raudteeulekaigud-koidula-piiripunkti-ulesoidud\/","og_site_name":"Betcons","article_modified_time":"2014-03-06T23:28:21+00:00","og_image":[{"width":"480","height":"360","url":"https:\/\/www.betcons.ee\/wp-content\/uploads\/2010\/12\/DSCN3883.jpg","type":"image\/jpeg"}],"schema":{"@context":"https:\/\/schema.org","@graph":[{"@type":"WebPage","@id":"https:\/\/www.betcons.ee\/tehtud-tood\/infrastruktuurirajatised\/tartu-valga-raudteeulekaigud-koidula-piiripunkti-ulesoidud\/","url":"https:\/\/www.betcons.ee\/tehtud-tood\/infrastruktuurirajatised\/tartu-valga-raudteeulekaigud-koidula-piiripunkti-ulesoidud\/","name":"Tartu - Valga raudtee\u00fclek\u00e4igud, Koidula piiripunkti \u00fcles\u00f5idud - Betcons","isPartOf":{"@id":"https:\/\/www.betcons.ee\/#website"},"datePublished":"2010-12-15T18:10:27+00:00","dateModified":"2014-03-06T23:28:21+00:00","breadcrumb":{"@id":"https:\/\/www.betcons.ee\/tehtud-tood\/infrastruktuurirajatised\/tartu-valga-raudteeulekaigud-koidula-piiripunkti-ulesoidud\/#breadcrumb"},"inLanguage":"en-US","potentialAction":[{"@type":"ReadAction","target":["https:\/\/www.betcons.ee\/tehtud-tood\/infrastruktuurirajatised\/tartu-valga-raudteeulekaigud-koidula-piiripunkti-ulesoidud\/"]}]},{"@type":"BreadcrumbList","@id":"https:\/\/www.betcons.ee\/tehtud-tood\/infrastruktuurirajatised\/tartu-valga-raudteeulekaigud-koidula-piiripunkti-ulesoidud\/#breadcrumb","itemListElement":[{"@type":"ListItem","position":1,"name":"Tehtud t\u00f6\u00f6d","item":"https:\/\/www.betcons.ee\/tehtud-tood\/"},{"@type":"ListItem","position":2,"name":"Infrastruktuurirajatised","item":"https:\/\/www.betcons.ee\/tehtud-tood\/infrastruktuurirajatised\/"},{"@type":"ListItem","position":3,"name":"Tartu &#8211; Valga raudtee\u00fclek\u00e4igud, Koidula piiripunkti \u00fcles\u00f5idud"}]},{"@type":"WebSite","@id":"https:\/\/www.betcons.ee\/#website","url":"https:\/\/www.betcons.ee\/","name":"Betcons","description":"Raudbetoonist ehituslahendused","potentialAction":[{"@type":"SearchAction","target":{"@type":"EntryPoint","urlTemplate":"https:\/\/www.betcons.ee\/?s={search_term_string}"},"query-input":"required name=search_term_string"}],"inLanguage":"en-US"}]}},"_links":{"self":[{"href":"https:\/\/www.betcons.ee\/en\/wp-json\/wp\/v2\/pages\/149"}],"collection":[{"href":"https:\/\/www.betcons.ee\/en\/wp-json\/wp\/v2\/pages"}],"about":[{"href":"https:\/\/www.betcons.ee\/en\/wp-json\/wp\/v2\/types\/page"}],"author":[{"embeddable":true,"href":"https:\/\/www.betcons.ee\/en\/wp-json\/wp\/v2\/users\/2"}],"replies":[{"embeddable":true,"href":"https:\/\/www.betcons.ee\/en\/wp-json\/wp\/v2\/comments?post=149"}],"version-history":[{"count":7,"href":"https:\/\/www.betcons.ee\/en\/wp-json\/wp\/v2\/pages\/149\/revisions"}],"predecessor-version":[{"id":847,"href":"https:\/\/www.betcons.ee\/en\/wp-json\/wp\/v2\/pages\/149\/revisions\/847"}],"up":[{"embeddable":true,"href":"https:\/\/www.betcons.ee\/en\/wp-json\/wp\/v2\/pages\/318"}],"wp:featuredmedia":[{"embeddable":true,"href":"https:\/\/www.betcons.ee\/en\/wp-json\/wp\/v2\/media\/151"}],"wp:attachment":[{"href":"https:\/\/www.betcons.ee\/en\/wp-json\/wp\/v2\/media?parent=149"}],"curies":[{"name":"wp","href":"https:\/\/api.w.org\/{rel}","templated":true}]}}