{"id":145,"date":"2010-12-15T18:07:49","date_gmt":"2010-12-15T18:07:49","guid":{"rendered":"http:\/\/www.betcons.ee\/"},"modified":"2011-05-12T09:29:02","modified_gmt":"2011-05-12T09:29:02","slug":"vika-wood-saeveski-laiendus-latis-talsis","status":"publish","type":"page","link":"https:\/\/www.betcons.ee\/en\/tehtud-tood\/tootmishooned-laod\/vika-wood-saeveski-laiendus-latis-talsis\/","title":{"rendered":"Vika Wood saeveski laiendus L\u00e4tis Talsis"},"content":{"rendered":"<p><strong>T\u00e4htaeg:<\/strong> 2010<\/p>\n<p><strong>Tellija:<\/strong> SIA Andri SG<\/p>\n<p><strong>Teostatud t\u00f6\u00f6de ulatus:<\/strong> Projekteerimine ja elemendid koos transpordiga\n\t\t<style type=\"text\/css\">\n\t\t\t#gallery-1 {\n\t\t\t\tmargin: auto;\n\t\t\t}\n\t\t\t#gallery-1 .gallery-item {\n\t\t\t\tfloat: left;\n\t\t\t\tmargin-top: 10px;\n\t\t\t\ttext-align: center;\n\t\t\t\twidth: 25%;\n\t\t\t}\n\t\t\t#gallery-1 img {\n\t\t\t\tborder: 2px solid #cfcfcf;\n\t\t\t}\n\t\t\t#gallery-1 .gallery-caption {\n\t\t\t\tmargin-left: 0;\n\t\t\t}\n\t\t\t\/* see gallery_shortcode() in wp-includes\/media.php *\/\n\t\t<\/style>\n\t\t<div id='gallery-1' class='gallery galleryid-145 gallery-columns-4 gallery-size-thumbnail'><dl class='gallery-item'>\n\t\t\t<dt class='gallery-icon landscape'>\n\t\t\t\t<a href='https:\/\/www.betcons.ee\/wp-content\/uploads\/2010\/12\/DSCN4012.jpg' rel=\"lightbox[145]\"><img width=\"138\" height=\"138\" src=\"https:\/\/www.betcons.ee\/wp-content\/uploads\/2010\/12\/DSCN4012-138x138.jpg\" class=\"attachment-thumbnail size-thumbnail\" alt=\"Vika Wood saeveski laiendus L\u00e4tis Talsis\" decoding=\"async\" loading=\"lazy\" \/><\/a>\n\t\t\t<\/dt><\/dl><dl class='gallery-item'>\n\t\t\t<dt class='gallery-icon landscape'>\n\t\t\t\t<a href='https:\/\/www.betcons.ee\/wp-content\/uploads\/2010\/12\/DSCN4009.jpg' rel=\"lightbox[145]\"><img width=\"138\" height=\"138\" src=\"https:\/\/www.betcons.ee\/wp-content\/uploads\/2010\/12\/DSCN4009-138x138.jpg\" class=\"attachment-thumbnail size-thumbnail\" alt=\"Vika Wood saeveski laiendus L\u00e4tis Talsis\" decoding=\"async\" loading=\"lazy\" \/><\/a>\n\t\t\t<\/dt><\/dl>\n\t\t\t<br style='clear: both' \/>\n\t\t<\/div>\n<\/p>\n","protected":false},"excerpt":{"rendered":"<p>T\u00e4htaeg: 2010 Tellija: SIA Andri SG Teostatud t\u00f6\u00f6de ulatus: Projekteerimine ja elemendid koos transpordiga<\/p>\n","protected":false},"author":2,"featured_media":146,"parent":324,"menu_order":0,"comment_status":"open","ping_status":"closed","template":"","meta":[],"yoast_head":"<!-- This site is optimized with the Yoast SEO plugin v20.4 - https:\/\/yoast.com\/wordpress\/plugins\/seo\/ -->\n<title>Vika Wood saeveski laiendus L\u00e4tis Talsis - Betcons<\/title>\n<meta name=\"robots\" content=\"index, follow, max-snippet:-1, max-image-preview:large, max-video-preview:-1\" \/>\n<link rel=\"canonical\" href=\"https:\/\/www.betcons.ee\/tehtud-tood\/tootmishooned-laod\/vika-wood-saeveski-laiendus-latis-talsis\/\" \/>\n<meta property=\"og:locale\" content=\"en_US\" \/>\n<meta property=\"og:type\" content=\"article\" \/>\n<meta property=\"og:title\" content=\"Vika Wood saeveski laiendus L\u00e4tis Talsis - Betcons\" \/>\n<meta property=\"og:description\" content=\"T\u00e4htaeg: 2010 Tellija: SIA Andri SG Teostatud t\u00f6\u00f6de ulatus: Projekteerimine ja elemendid koos transpordiga\" \/>\n<meta property=\"og:url\" content=\"https:\/\/www.betcons.ee\/tehtud-tood\/tootmishooned-laod\/vika-wood-saeveski-laiendus-latis-talsis\/\" \/>\n<meta property=\"og:site_name\" content=\"Betcons\" \/>\n<meta property=\"article:modified_time\" content=\"2011-05-12T09:29:02+00:00\" \/>\n<meta property=\"og:image\" content=\"https:\/\/www.betcons.ee\/wp-content\/uploads\/2010\/12\/DSCN4012.jpg\" \/>\n\t<meta property=\"og:image:width\" content=\"480\" \/>\n\t<meta property=\"og:image:height\" content=\"360\" \/>\n\t<meta property=\"og:image:type\" content=\"image\/jpeg\" \/>\n<script type=\"application\/ld+json\" class=\"yoast-schema-graph\">{\"@context\":\"https:\/\/schema.org\",\"@graph\":[{\"@type\":\"WebPage\",\"@id\":\"https:\/\/www.betcons.ee\/tehtud-tood\/tootmishooned-laod\/vika-wood-saeveski-laiendus-latis-talsis\/\",\"url\":\"https:\/\/www.betcons.ee\/tehtud-tood\/tootmishooned-laod\/vika-wood-saeveski-laiendus-latis-talsis\/\",\"name\":\"Vika Wood saeveski laiendus L\u00e4tis Talsis - Betcons\",\"isPartOf\":{\"@id\":\"https:\/\/www.betcons.ee\/#website\"},\"datePublished\":\"2010-12-15T18:07:49+00:00\",\"dateModified\":\"2011-05-12T09:29:02+00:00\",\"breadcrumb\":{\"@id\":\"https:\/\/www.betcons.ee\/tehtud-tood\/tootmishooned-laod\/vika-wood-saeveski-laiendus-latis-talsis\/#breadcrumb\"},\"inLanguage\":\"en-US\",\"potentialAction\":[{\"@type\":\"ReadAction\",\"target\":[\"https:\/\/www.betcons.ee\/tehtud-tood\/tootmishooned-laod\/vika-wood-saeveski-laiendus-latis-talsis\/\"]}]},{\"@type\":\"BreadcrumbList\",\"@id\":\"https:\/\/www.betcons.ee\/tehtud-tood\/tootmishooned-laod\/vika-wood-saeveski-laiendus-latis-talsis\/#breadcrumb\",\"itemListElement\":[{\"@type\":\"ListItem\",\"position\":1,\"name\":\"Tehtud t\u00f6\u00f6d\",\"item\":\"https:\/\/www.betcons.ee\/tehtud-tood\/\"},{\"@type\":\"ListItem\",\"position\":2,\"name\":\"Tootmishooned, laod\",\"item\":\"https:\/\/www.betcons.ee\/tehtud-tood\/tootmishooned-laod\/\"},{\"@type\":\"ListItem\",\"position\":3,\"name\":\"Vika Wood saeveski laiendus L\u00e4tis Talsis\"}]},{\"@type\":\"WebSite\",\"@id\":\"https:\/\/www.betcons.ee\/#website\",\"url\":\"https:\/\/www.betcons.ee\/\",\"name\":\"Betcons\",\"description\":\"Raudbetoonist ehituslahendused\",\"potentialAction\":[{\"@type\":\"SearchAction\",\"target\":{\"@type\":\"EntryPoint\",\"urlTemplate\":\"https:\/\/www.betcons.ee\/?s={search_term_string}\"},\"query-input\":\"required name=search_term_string\"}],\"inLanguage\":\"en-US\"}]}<\/script>\n<!-- \/ Yoast SEO plugin. -->","yoast_head_json":{"title":"Vika Wood saeveski laiendus L\u00e4tis Talsis - Betcons","robots":{"index":"index","follow":"follow","max-snippet":"max-snippet:-1","max-image-preview":"max-image-preview:large","max-video-preview":"max-video-preview:-1"},"canonical":"https:\/\/www.betcons.ee\/tehtud-tood\/tootmishooned-laod\/vika-wood-saeveski-laiendus-latis-talsis\/","og_locale":"en_US","og_type":"article","og_title":"Vika Wood saeveski laiendus L\u00e4tis Talsis - Betcons","og_description":"T\u00e4htaeg: 2010 Tellija: SIA Andri SG Teostatud t\u00f6\u00f6de ulatus: Projekteerimine ja elemendid koos transpordiga","og_url":"https:\/\/www.betcons.ee\/tehtud-tood\/tootmishooned-laod\/vika-wood-saeveski-laiendus-latis-talsis\/","og_site_name":"Betcons","article_modified_time":"2011-05-12T09:29:02+00:00","og_image":[{"width":"480","height":"360","url":"https:\/\/www.betcons.ee\/wp-content\/uploads\/2010\/12\/DSCN4012.jpg","type":"image\/jpeg"}],"schema":{"@context":"https:\/\/schema.org","@graph":[{"@type":"WebPage","@id":"https:\/\/www.betcons.ee\/tehtud-tood\/tootmishooned-laod\/vika-wood-saeveski-laiendus-latis-talsis\/","url":"https:\/\/www.betcons.ee\/tehtud-tood\/tootmishooned-laod\/vika-wood-saeveski-laiendus-latis-talsis\/","name":"Vika Wood saeveski laiendus L\u00e4tis Talsis - Betcons","isPartOf":{"@id":"https:\/\/www.betcons.ee\/#website"},"datePublished":"2010-12-15T18:07:49+00:00","dateModified":"2011-05-12T09:29:02+00:00","breadcrumb":{"@id":"https:\/\/www.betcons.ee\/tehtud-tood\/tootmishooned-laod\/vika-wood-saeveski-laiendus-latis-talsis\/#breadcrumb"},"inLanguage":"en-US","potentialAction":[{"@type":"ReadAction","target":["https:\/\/www.betcons.ee\/tehtud-tood\/tootmishooned-laod\/vika-wood-saeveski-laiendus-latis-talsis\/"]}]},{"@type":"BreadcrumbList","@id":"https:\/\/www.betcons.ee\/tehtud-tood\/tootmishooned-laod\/vika-wood-saeveski-laiendus-latis-talsis\/#breadcrumb","itemListElement":[{"@type":"ListItem","position":1,"name":"Tehtud t\u00f6\u00f6d","item":"https:\/\/www.betcons.ee\/tehtud-tood\/"},{"@type":"ListItem","position":2,"name":"Tootmishooned, laod","item":"https:\/\/www.betcons.ee\/tehtud-tood\/tootmishooned-laod\/"},{"@type":"ListItem","position":3,"name":"Vika Wood saeveski laiendus L\u00e4tis Talsis"}]},{"@type":"WebSite","@id":"https:\/\/www.betcons.ee\/#website","url":"https:\/\/www.betcons.ee\/","name":"Betcons","description":"Raudbetoonist ehituslahendused","potentialAction":[{"@type":"SearchAction","target":{"@type":"EntryPoint","urlTemplate":"https:\/\/www.betcons.ee\/?s={search_term_string}"},"query-input":"required name=search_term_string"}],"inLanguage":"en-US"}]}},"_links":{"self":[{"href":"https:\/\/www.betcons.ee\/en\/wp-json\/wp\/v2\/pages\/145"}],"collection":[{"href":"https:\/\/www.betcons.ee\/en\/wp-json\/wp\/v2\/pages"}],"about":[{"href":"https:\/\/www.betcons.ee\/en\/wp-json\/wp\/v2\/types\/page"}],"author":[{"embeddable":true,"href":"https:\/\/www.betcons.ee\/en\/wp-json\/wp\/v2\/users\/2"}],"replies":[{"embeddable":true,"href":"https:\/\/www.betcons.ee\/en\/wp-json\/wp\/v2\/comments?post=145"}],"version-history":[{"count":4,"href":"https:\/\/www.betcons.ee\/en\/wp-json\/wp\/v2\/pages\/145\/revisions"}],"predecessor-version":[{"id":349,"href":"https:\/\/www.betcons.ee\/en\/wp-json\/wp\/v2\/pages\/145\/revisions\/349"}],"up":[{"embeddable":true,"href":"https:\/\/www.betcons.ee\/en\/wp-json\/wp\/v2\/pages\/324"}],"wp:featuredmedia":[{"embeddable":true,"href":"https:\/\/www.betcons.ee\/en\/wp-json\/wp\/v2\/media\/146"}],"wp:attachment":[{"href":"https:\/\/www.betcons.ee\/en\/wp-json\/wp\/v2\/media?parent=145"}],"curies":[{"name":"wp","href":"https:\/\/api.w.org\/{rel}","templated":true}]}}