{"id":142,"date":"2010-12-15T18:06:08","date_gmt":"2010-12-15T18:06:08","guid":{"rendered":"http:\/\/www.betcons.ee\/"},"modified":"2013-03-27T19:42:38","modified_gmt":"2013-03-27T19:42:38","slug":"himki-kontor-kaubaladu-moskvas","status":"publish","type":"page","link":"https:\/\/www.betcons.ee\/en\/tehtud-tood\/tootmishooned-laod\/himki-kontor-kaubaladu-moskvas\/","title":{"rendered":"Himki kontor-kaubaladu Moskvas"},"content":{"rendered":"<p><strong> <\/strong><\/p>\n<div id=\"attachment_143\" style=\"width: 310px\" class=\"wp-caption alignnone\"><strong><img aria-describedby=\"caption-attachment-143\" decoding=\"async\" loading=\"lazy\" class=\"size-medium wp-image-143\" title=\"Himki kontor-kaubaladu Moskvas\" src=\"http:\/\/www.betcons.ee\/wp-content\/uploads\/2010\/12\/IMG_1518-300x225.jpg\" alt=\"Himki kontor-kaubaladu Moskvas\" width=\"300\" height=\"225\" srcset=\"https:\/\/www.betcons.ee\/wp-content\/uploads\/2010\/12\/IMG_1518-300x225.jpg 300w, https:\/\/www.betcons.ee\/wp-content\/uploads\/2010\/12\/IMG_1518-1024x768.jpg 1024w, https:\/\/www.betcons.ee\/wp-content\/uploads\/2010\/12\/IMG_1518.jpg 2048w\" sizes=\"(max-width: 300px) 100vw, 300px\" \/><\/strong><p id=\"caption-attachment-143\" class=\"wp-caption-text\">Himki kontor-kaubaladu Moskvas<\/p><\/div>\n<p><strong>T\u00e4htaeg:<\/strong> 2010<\/p>\n<p><strong>Tellija:<\/strong> OOO Stroidekor<\/p>\n<p><strong>Teostatud t\u00f6\u00f6de ulatus:<\/strong> Projekteerimine ja elemendid koos transpordiga<\/p>","protected":false},"excerpt":{"rendered":"<p>T\u00e4htaeg: 2010 Tellija: OOO Stroidekor Teostatud t\u00f6\u00f6de ulatus: Projekteerimine ja elemendid koos transpordiga<\/p>\n","protected":false},"author":2,"featured_media":143,"parent":324,"menu_order":0,"comment_status":"closed","ping_status":"closed","template":"","meta":[],"yoast_head":"<!-- This site is optimized with the Yoast SEO plugin v20.4 - https:\/\/yoast.com\/wordpress\/plugins\/seo\/ -->\n<title>Himki kontor-kaubaladu Moskvas - Betcons<\/title>\n<meta name=\"robots\" content=\"index, follow, max-snippet:-1, max-image-preview:large, max-video-preview:-1\" \/>\n<link rel=\"canonical\" href=\"https:\/\/www.betcons.ee\/tehtud-tood\/tootmishooned-laod\/himki-kontor-kaubaladu-moskvas\/\" \/>\n<meta property=\"og:locale\" content=\"en_US\" \/>\n<meta property=\"og:type\" content=\"article\" \/>\n<meta property=\"og:title\" content=\"Himki kontor-kaubaladu Moskvas - Betcons\" \/>\n<meta property=\"og:description\" content=\"T\u00e4htaeg: 2010 Tellija: OOO Stroidekor Teostatud t\u00f6\u00f6de ulatus: Projekteerimine ja elemendid koos transpordiga\" \/>\n<meta property=\"og:url\" content=\"https:\/\/www.betcons.ee\/tehtud-tood\/tootmishooned-laod\/himki-kontor-kaubaladu-moskvas\/\" \/>\n<meta property=\"og:site_name\" content=\"Betcons\" \/>\n<meta property=\"article:modified_time\" content=\"2013-03-27T19:42:38+00:00\" \/>\n<meta property=\"og:image\" content=\"https:\/\/www.betcons.ee\/wp-content\/uploads\/2010\/12\/IMG_1518.jpg\" \/>\n\t<meta property=\"og:image:width\" content=\"2048\" \/>\n\t<meta property=\"og:image:height\" content=\"1536\" \/>\n\t<meta property=\"og:image:type\" content=\"image\/jpeg\" \/>\n<script type=\"application\/ld+json\" class=\"yoast-schema-graph\">{\"@context\":\"https:\/\/schema.org\",\"@graph\":[{\"@type\":\"WebPage\",\"@id\":\"https:\/\/www.betcons.ee\/tehtud-tood\/tootmishooned-laod\/himki-kontor-kaubaladu-moskvas\/\",\"url\":\"https:\/\/www.betcons.ee\/tehtud-tood\/tootmishooned-laod\/himki-kontor-kaubaladu-moskvas\/\",\"name\":\"Himki kontor-kaubaladu Moskvas - Betcons\",\"isPartOf\":{\"@id\":\"https:\/\/www.betcons.ee\/#website\"},\"datePublished\":\"2010-12-15T18:06:08+00:00\",\"dateModified\":\"2013-03-27T19:42:38+00:00\",\"breadcrumb\":{\"@id\":\"https:\/\/www.betcons.ee\/tehtud-tood\/tootmishooned-laod\/himki-kontor-kaubaladu-moskvas\/#breadcrumb\"},\"inLanguage\":\"en-US\",\"potentialAction\":[{\"@type\":\"ReadAction\",\"target\":[\"https:\/\/www.betcons.ee\/tehtud-tood\/tootmishooned-laod\/himki-kontor-kaubaladu-moskvas\/\"]}]},{\"@type\":\"BreadcrumbList\",\"@id\":\"https:\/\/www.betcons.ee\/tehtud-tood\/tootmishooned-laod\/himki-kontor-kaubaladu-moskvas\/#breadcrumb\",\"itemListElement\":[{\"@type\":\"ListItem\",\"position\":1,\"name\":\"Tehtud t\u00f6\u00f6d\",\"item\":\"https:\/\/www.betcons.ee\/tehtud-tood\/\"},{\"@type\":\"ListItem\",\"position\":2,\"name\":\"Tootmishooned, laod\",\"item\":\"https:\/\/www.betcons.ee\/tehtud-tood\/tootmishooned-laod\/\"},{\"@type\":\"ListItem\",\"position\":3,\"name\":\"Himki kontor-kaubaladu Moskvas\"}]},{\"@type\":\"WebSite\",\"@id\":\"https:\/\/www.betcons.ee\/#website\",\"url\":\"https:\/\/www.betcons.ee\/\",\"name\":\"Betcons\",\"description\":\"Raudbetoonist ehituslahendused\",\"potentialAction\":[{\"@type\":\"SearchAction\",\"target\":{\"@type\":\"EntryPoint\",\"urlTemplate\":\"https:\/\/www.betcons.ee\/?s={search_term_string}\"},\"query-input\":\"required name=search_term_string\"}],\"inLanguage\":\"en-US\"}]}<\/script>\n<!-- \/ Yoast SEO plugin. -->","yoast_head_json":{"title":"Himki kontor-kaubaladu Moskvas - Betcons","robots":{"index":"index","follow":"follow","max-snippet":"max-snippet:-1","max-image-preview":"max-image-preview:large","max-video-preview":"max-video-preview:-1"},"canonical":"https:\/\/www.betcons.ee\/tehtud-tood\/tootmishooned-laod\/himki-kontor-kaubaladu-moskvas\/","og_locale":"en_US","og_type":"article","og_title":"Himki kontor-kaubaladu Moskvas - Betcons","og_description":"T\u00e4htaeg: 2010 Tellija: OOO Stroidekor Teostatud t\u00f6\u00f6de ulatus: Projekteerimine ja elemendid koos transpordiga","og_url":"https:\/\/www.betcons.ee\/tehtud-tood\/tootmishooned-laod\/himki-kontor-kaubaladu-moskvas\/","og_site_name":"Betcons","article_modified_time":"2013-03-27T19:42:38+00:00","og_image":[{"width":"2048","height":"1536","url":"https:\/\/www.betcons.ee\/wp-content\/uploads\/2010\/12\/IMG_1518.jpg","type":"image\/jpeg"}],"schema":{"@context":"https:\/\/schema.org","@graph":[{"@type":"WebPage","@id":"https:\/\/www.betcons.ee\/tehtud-tood\/tootmishooned-laod\/himki-kontor-kaubaladu-moskvas\/","url":"https:\/\/www.betcons.ee\/tehtud-tood\/tootmishooned-laod\/himki-kontor-kaubaladu-moskvas\/","name":"Himki kontor-kaubaladu Moskvas - Betcons","isPartOf":{"@id":"https:\/\/www.betcons.ee\/#website"},"datePublished":"2010-12-15T18:06:08+00:00","dateModified":"2013-03-27T19:42:38+00:00","breadcrumb":{"@id":"https:\/\/www.betcons.ee\/tehtud-tood\/tootmishooned-laod\/himki-kontor-kaubaladu-moskvas\/#breadcrumb"},"inLanguage":"en-US","potentialAction":[{"@type":"ReadAction","target":["https:\/\/www.betcons.ee\/tehtud-tood\/tootmishooned-laod\/himki-kontor-kaubaladu-moskvas\/"]}]},{"@type":"BreadcrumbList","@id":"https:\/\/www.betcons.ee\/tehtud-tood\/tootmishooned-laod\/himki-kontor-kaubaladu-moskvas\/#breadcrumb","itemListElement":[{"@type":"ListItem","position":1,"name":"Tehtud t\u00f6\u00f6d","item":"https:\/\/www.betcons.ee\/tehtud-tood\/"},{"@type":"ListItem","position":2,"name":"Tootmishooned, laod","item":"https:\/\/www.betcons.ee\/tehtud-tood\/tootmishooned-laod\/"},{"@type":"ListItem","position":3,"name":"Himki kontor-kaubaladu Moskvas"}]},{"@type":"WebSite","@id":"https:\/\/www.betcons.ee\/#website","url":"https:\/\/www.betcons.ee\/","name":"Betcons","description":"Raudbetoonist ehituslahendused","potentialAction":[{"@type":"SearchAction","target":{"@type":"EntryPoint","urlTemplate":"https:\/\/www.betcons.ee\/?s={search_term_string}"},"query-input":"required name=search_term_string"}],"inLanguage":"en-US"}]}},"_links":{"self":[{"href":"https:\/\/www.betcons.ee\/en\/wp-json\/wp\/v2\/pages\/142"}],"collection":[{"href":"https:\/\/www.betcons.ee\/en\/wp-json\/wp\/v2\/pages"}],"about":[{"href":"https:\/\/www.betcons.ee\/en\/wp-json\/wp\/v2\/types\/page"}],"author":[{"embeddable":true,"href":"https:\/\/www.betcons.ee\/en\/wp-json\/wp\/v2\/users\/2"}],"replies":[{"embeddable":true,"href":"https:\/\/www.betcons.ee\/en\/wp-json\/wp\/v2\/comments?post=142"}],"version-history":[{"count":9,"href":"https:\/\/www.betcons.ee\/en\/wp-json\/wp\/v2\/pages\/142\/revisions"}],"predecessor-version":[{"id":720,"href":"https:\/\/www.betcons.ee\/en\/wp-json\/wp\/v2\/pages\/142\/revisions\/720"}],"up":[{"embeddable":true,"href":"https:\/\/www.betcons.ee\/en\/wp-json\/wp\/v2\/pages\/324"}],"wp:featuredmedia":[{"embeddable":true,"href":"https:\/\/www.betcons.ee\/en\/wp-json\/wp\/v2\/media\/143"}],"wp:attachment":[{"href":"https:\/\/www.betcons.ee\/en\/wp-json\/wp\/v2\/media?parent=142"}],"curies":[{"name":"wp","href":"https:\/\/api.w.org\/{rel}","templated":true}]}}