{"id":1319,"date":"2021-01-06T17:39:59","date_gmt":"2021-01-06T17:39:59","guid":{"rendered":"http:\/\/www.betcons.ee\/?page_id=1319"},"modified":"2021-01-06T17:39:59","modified_gmt":"2021-01-06T17:39:59","slug":"lindab-as-tootmishoone-amma-tee-82-iru-kula-harjumaa","status":"publish","type":"page","link":"https:\/\/www.betcons.ee\/en\/tehtud-tood\/tootmishooned-laod\/lindab-as-tootmishoone-amma-tee-82-iru-kula-harjumaa\/","title":{"rendered":"Lindab AS tootmishoone, \u00c4mma tee 82, Iru k\u00fcla, Harjumaa"},"content":{"rendered":"<p><strong>T\u00e4htaeg:<\/strong> 2020<br \/>\n<strong>Tellija:<\/strong> AS Merko Ehitus<br \/>\n<strong>Teostatud t\u00f6\u00f6de ulatus:<\/strong> elemendid koos transpordiga<\/p>\n<p><a href=\"http:\/\/www.betcons.ee\/wp-content\/uploads\/2020\/11\/Lindab-AS-tootmishoone.jpg\" rel=\"lightbox[1319]\"><img decoding=\"async\" loading=\"lazy\" class=\"size-medium wp-image-1272 alignleft\" src=\"http:\/\/www.betcons.ee\/wp-content\/uploads\/2020\/11\/Lindab-AS-tootmishoone-225x300.jpg\" alt=\"\" width=\"225\" height=\"300\" srcset=\"https:\/\/www.betcons.ee\/wp-content\/uploads\/2020\/11\/Lindab-AS-tootmishoone-225x300.jpg 225w, https:\/\/www.betcons.ee\/wp-content\/uploads\/2020\/11\/Lindab-AS-tootmishoone.jpg 768w\" sizes=\"(max-width: 225px) 100vw, 225px\" \/><\/a><\/p>\n","protected":false},"excerpt":{"rendered":"<p>T\u00e4htaeg: 2020 Tellija: AS Merko Ehitus Teostatud t\u00f6\u00f6de ulatus: elemendid koos transpordiga<\/p>\n","protected":false},"author":2,"featured_media":1272,"parent":324,"menu_order":0,"comment_status":"closed","ping_status":"closed","template":"","meta":[],"yoast_head":"<!-- This site is optimized with the Yoast SEO plugin v20.4 - https:\/\/yoast.com\/wordpress\/plugins\/seo\/ -->\n<title>Lindab AS tootmishoone, \u00c4mma tee 82, Iru k\u00fcla, Harjumaa - Betcons<\/title>\n<meta name=\"robots\" content=\"index, follow, max-snippet:-1, max-image-preview:large, max-video-preview:-1\" \/>\n<link rel=\"canonical\" href=\"https:\/\/www.betcons.ee\/tehtud-tood\/tootmishooned-laod\/lindab-as-tootmishoone-amma-tee-82-iru-kula-harjumaa\/\" \/>\n<meta property=\"og:locale\" content=\"en_US\" \/>\n<meta property=\"og:type\" content=\"article\" \/>\n<meta property=\"og:title\" content=\"Lindab AS tootmishoone, \u00c4mma tee 82, Iru k\u00fcla, Harjumaa - Betcons\" \/>\n<meta property=\"og:description\" content=\"T\u00e4htaeg: 2020 Tellija: AS Merko Ehitus Teostatud t\u00f6\u00f6de ulatus: elemendid koos transpordiga\" \/>\n<meta property=\"og:url\" content=\"https:\/\/www.betcons.ee\/tehtud-tood\/tootmishooned-laod\/lindab-as-tootmishoone-amma-tee-82-iru-kula-harjumaa\/\" \/>\n<meta property=\"og:site_name\" content=\"Betcons\" \/>\n<meta property=\"og:image\" content=\"https:\/\/www.betcons.ee\/wp-content\/uploads\/2020\/11\/Lindab-AS-tootmishoone.jpg\" \/>\n\t<meta property=\"og:image:width\" content=\"768\" \/>\n\t<meta property=\"og:image:height\" content=\"1024\" \/>\n\t<meta property=\"og:image:type\" content=\"image\/jpeg\" \/>\n<script type=\"application\/ld+json\" class=\"yoast-schema-graph\">{\"@context\":\"https:\/\/schema.org\",\"@graph\":[{\"@type\":\"WebPage\",\"@id\":\"https:\/\/www.betcons.ee\/tehtud-tood\/tootmishooned-laod\/lindab-as-tootmishoone-amma-tee-82-iru-kula-harjumaa\/\",\"url\":\"https:\/\/www.betcons.ee\/tehtud-tood\/tootmishooned-laod\/lindab-as-tootmishoone-amma-tee-82-iru-kula-harjumaa\/\",\"name\":\"Lindab AS tootmishoone, \u00c4mma tee 82, Iru k\u00fcla, Harjumaa - Betcons\",\"isPartOf\":{\"@id\":\"https:\/\/www.betcons.ee\/#website\"},\"datePublished\":\"2021-01-06T17:39:59+00:00\",\"dateModified\":\"2021-01-06T17:39:59+00:00\",\"breadcrumb\":{\"@id\":\"https:\/\/www.betcons.ee\/tehtud-tood\/tootmishooned-laod\/lindab-as-tootmishoone-amma-tee-82-iru-kula-harjumaa\/#breadcrumb\"},\"inLanguage\":\"en-US\",\"potentialAction\":[{\"@type\":\"ReadAction\",\"target\":[\"https:\/\/www.betcons.ee\/tehtud-tood\/tootmishooned-laod\/lindab-as-tootmishoone-amma-tee-82-iru-kula-harjumaa\/\"]}]},{\"@type\":\"BreadcrumbList\",\"@id\":\"https:\/\/www.betcons.ee\/tehtud-tood\/tootmishooned-laod\/lindab-as-tootmishoone-amma-tee-82-iru-kula-harjumaa\/#breadcrumb\",\"itemListElement\":[{\"@type\":\"ListItem\",\"position\":1,\"name\":\"Tehtud t\u00f6\u00f6d\",\"item\":\"https:\/\/www.betcons.ee\/tehtud-tood\/\"},{\"@type\":\"ListItem\",\"position\":2,\"name\":\"Tootmishooned, laod\",\"item\":\"https:\/\/www.betcons.ee\/tehtud-tood\/tootmishooned-laod\/\"},{\"@type\":\"ListItem\",\"position\":3,\"name\":\"Lindab AS tootmishoone, \u00c4mma tee 82, Iru k\u00fcla, Harjumaa\"}]},{\"@type\":\"WebSite\",\"@id\":\"https:\/\/www.betcons.ee\/#website\",\"url\":\"https:\/\/www.betcons.ee\/\",\"name\":\"Betcons\",\"description\":\"Raudbetoonist ehituslahendused\",\"potentialAction\":[{\"@type\":\"SearchAction\",\"target\":{\"@type\":\"EntryPoint\",\"urlTemplate\":\"https:\/\/www.betcons.ee\/?s={search_term_string}\"},\"query-input\":\"required name=search_term_string\"}],\"inLanguage\":\"en-US\"}]}<\/script>\n<!-- \/ Yoast SEO plugin. -->","yoast_head_json":{"title":"Lindab AS tootmishoone, \u00c4mma tee 82, Iru k\u00fcla, Harjumaa - Betcons","robots":{"index":"index","follow":"follow","max-snippet":"max-snippet:-1","max-image-preview":"max-image-preview:large","max-video-preview":"max-video-preview:-1"},"canonical":"https:\/\/www.betcons.ee\/tehtud-tood\/tootmishooned-laod\/lindab-as-tootmishoone-amma-tee-82-iru-kula-harjumaa\/","og_locale":"en_US","og_type":"article","og_title":"Lindab AS tootmishoone, \u00c4mma tee 82, Iru k\u00fcla, Harjumaa - Betcons","og_description":"T\u00e4htaeg: 2020 Tellija: AS Merko Ehitus Teostatud t\u00f6\u00f6de ulatus: elemendid koos transpordiga","og_url":"https:\/\/www.betcons.ee\/tehtud-tood\/tootmishooned-laod\/lindab-as-tootmishoone-amma-tee-82-iru-kula-harjumaa\/","og_site_name":"Betcons","og_image":[{"width":768,"height":1024,"url":"https:\/\/www.betcons.ee\/wp-content\/uploads\/2020\/11\/Lindab-AS-tootmishoone.jpg","type":"image\/jpeg"}],"schema":{"@context":"https:\/\/schema.org","@graph":[{"@type":"WebPage","@id":"https:\/\/www.betcons.ee\/tehtud-tood\/tootmishooned-laod\/lindab-as-tootmishoone-amma-tee-82-iru-kula-harjumaa\/","url":"https:\/\/www.betcons.ee\/tehtud-tood\/tootmishooned-laod\/lindab-as-tootmishoone-amma-tee-82-iru-kula-harjumaa\/","name":"Lindab AS tootmishoone, \u00c4mma tee 82, Iru k\u00fcla, Harjumaa - Betcons","isPartOf":{"@id":"https:\/\/www.betcons.ee\/#website"},"datePublished":"2021-01-06T17:39:59+00:00","dateModified":"2021-01-06T17:39:59+00:00","breadcrumb":{"@id":"https:\/\/www.betcons.ee\/tehtud-tood\/tootmishooned-laod\/lindab-as-tootmishoone-amma-tee-82-iru-kula-harjumaa\/#breadcrumb"},"inLanguage":"en-US","potentialAction":[{"@type":"ReadAction","target":["https:\/\/www.betcons.ee\/tehtud-tood\/tootmishooned-laod\/lindab-as-tootmishoone-amma-tee-82-iru-kula-harjumaa\/"]}]},{"@type":"BreadcrumbList","@id":"https:\/\/www.betcons.ee\/tehtud-tood\/tootmishooned-laod\/lindab-as-tootmishoone-amma-tee-82-iru-kula-harjumaa\/#breadcrumb","itemListElement":[{"@type":"ListItem","position":1,"name":"Tehtud t\u00f6\u00f6d","item":"https:\/\/www.betcons.ee\/tehtud-tood\/"},{"@type":"ListItem","position":2,"name":"Tootmishooned, laod","item":"https:\/\/www.betcons.ee\/tehtud-tood\/tootmishooned-laod\/"},{"@type":"ListItem","position":3,"name":"Lindab AS tootmishoone, \u00c4mma tee 82, Iru k\u00fcla, Harjumaa"}]},{"@type":"WebSite","@id":"https:\/\/www.betcons.ee\/#website","url":"https:\/\/www.betcons.ee\/","name":"Betcons","description":"Raudbetoonist ehituslahendused","potentialAction":[{"@type":"SearchAction","target":{"@type":"EntryPoint","urlTemplate":"https:\/\/www.betcons.ee\/?s={search_term_string}"},"query-input":"required name=search_term_string"}],"inLanguage":"en-US"}]}},"_links":{"self":[{"href":"https:\/\/www.betcons.ee\/en\/wp-json\/wp\/v2\/pages\/1319"}],"collection":[{"href":"https:\/\/www.betcons.ee\/en\/wp-json\/wp\/v2\/pages"}],"about":[{"href":"https:\/\/www.betcons.ee\/en\/wp-json\/wp\/v2\/types\/page"}],"author":[{"embeddable":true,"href":"https:\/\/www.betcons.ee\/en\/wp-json\/wp\/v2\/users\/2"}],"replies":[{"embeddable":true,"href":"https:\/\/www.betcons.ee\/en\/wp-json\/wp\/v2\/comments?post=1319"}],"version-history":[{"count":1,"href":"https:\/\/www.betcons.ee\/en\/wp-json\/wp\/v2\/pages\/1319\/revisions"}],"predecessor-version":[{"id":1320,"href":"https:\/\/www.betcons.ee\/en\/wp-json\/wp\/v2\/pages\/1319\/revisions\/1320"}],"up":[{"embeddable":true,"href":"https:\/\/www.betcons.ee\/en\/wp-json\/wp\/v2\/pages\/324"}],"wp:featuredmedia":[{"embeddable":true,"href":"https:\/\/www.betcons.ee\/en\/wp-json\/wp\/v2\/media\/1272"}],"wp:attachment":[{"href":"https:\/\/www.betcons.ee\/en\/wp-json\/wp\/v2\/media?parent=1319"}],"curies":[{"name":"wp","href":"https:\/\/api.w.org\/{rel}","templated":true}]}}