{"id":1317,"date":"2021-01-06T17:35:53","date_gmt":"2021-01-06T17:35:53","guid":{"rendered":"http:\/\/www.betcons.ee\/?page_id=1317"},"modified":"2021-01-06T17:35:54","modified_gmt":"2021-01-06T17:35:54","slug":"tuletorni-kodud-tallinn","status":"publish","type":"page","link":"https:\/\/www.betcons.ee\/en\/tehtud-tood\/eluhooned\/tuletorni-kodud-tallinn\/","title":{"rendered":"Tuletorni Kodud, Tallinn"},"content":{"rendered":"<p><strong>T\u00e4htaeg:<\/strong> 2020<br \/>\n<strong>Tellija:<\/strong> Evicon Ehitus O\u00dc<br \/>\n<strong>Teostatud t\u00f6\u00f6de ulatus:<\/strong> elemendid koos transpordiga<\/p>\n<p><a href=\"http:\/\/www.betcons.ee\/wp-content\/uploads\/2020\/11\/Tuletorni-kodud-Tallinn.jpg\" rel=\"lightbox[1317]\"><img decoding=\"async\" loading=\"lazy\" class=\"size-medium wp-image-1269 alignleft\" src=\"http:\/\/www.betcons.ee\/wp-content\/uploads\/2020\/11\/Tuletorni-kodud-Tallinn-300x169.jpg\" alt=\"\" width=\"300\" height=\"169\" srcset=\"https:\/\/www.betcons.ee\/wp-content\/uploads\/2020\/11\/Tuletorni-kodud-Tallinn-300x169.jpg 300w, https:\/\/www.betcons.ee\/wp-content\/uploads\/2020\/11\/Tuletorni-kodud-Tallinn-768x432.jpg 768w, https:\/\/www.betcons.ee\/wp-content\/uploads\/2020\/11\/Tuletorni-kodud-Tallinn.jpg 1024w\" sizes=\"(max-width: 300px) 100vw, 300px\" \/><\/a><\/p>\n","protected":false},"excerpt":{"rendered":"<p>T\u00e4htaeg: 2020 Tellija: Evicon Ehitus O\u00dc Teostatud t\u00f6\u00f6de ulatus: elemendid koos transpordiga<\/p>\n","protected":false},"author":2,"featured_media":1269,"parent":322,"menu_order":0,"comment_status":"closed","ping_status":"closed","template":"","meta":[],"yoast_head":"<!-- This site is optimized with the Yoast SEO plugin v20.4 - https:\/\/yoast.com\/wordpress\/plugins\/seo\/ -->\n<title>Tuletorni Kodud, Tallinn - Betcons<\/title>\n<meta name=\"robots\" content=\"index, follow, max-snippet:-1, max-image-preview:large, max-video-preview:-1\" \/>\n<link rel=\"canonical\" href=\"https:\/\/www.betcons.ee\/tehtud-tood\/eluhooned\/tuletorni-kodud-tallinn\/\" \/>\n<meta property=\"og:locale\" content=\"en_US\" \/>\n<meta property=\"og:type\" content=\"article\" \/>\n<meta property=\"og:title\" content=\"Tuletorni Kodud, Tallinn - Betcons\" \/>\n<meta property=\"og:description\" content=\"T\u00e4htaeg: 2020 Tellija: Evicon Ehitus O\u00dc Teostatud t\u00f6\u00f6de ulatus: elemendid koos transpordiga\" \/>\n<meta property=\"og:url\" content=\"https:\/\/www.betcons.ee\/tehtud-tood\/eluhooned\/tuletorni-kodud-tallinn\/\" \/>\n<meta property=\"og:site_name\" content=\"Betcons\" \/>\n<meta property=\"article:modified_time\" content=\"2021-01-06T17:35:54+00:00\" \/>\n<meta property=\"og:image\" content=\"https:\/\/www.betcons.ee\/wp-content\/uploads\/2020\/11\/Tuletorni-kodud-Tallinn.jpg\" \/>\n\t<meta property=\"og:image:width\" content=\"1024\" \/>\n\t<meta property=\"og:image:height\" content=\"576\" \/>\n\t<meta property=\"og:image:type\" content=\"image\/jpeg\" \/>\n<script type=\"application\/ld+json\" class=\"yoast-schema-graph\">{\"@context\":\"https:\/\/schema.org\",\"@graph\":[{\"@type\":\"WebPage\",\"@id\":\"https:\/\/www.betcons.ee\/tehtud-tood\/eluhooned\/tuletorni-kodud-tallinn\/\",\"url\":\"https:\/\/www.betcons.ee\/tehtud-tood\/eluhooned\/tuletorni-kodud-tallinn\/\",\"name\":\"Tuletorni Kodud, Tallinn - Betcons\",\"isPartOf\":{\"@id\":\"https:\/\/www.betcons.ee\/#website\"},\"datePublished\":\"2021-01-06T17:35:53+00:00\",\"dateModified\":\"2021-01-06T17:35:54+00:00\",\"breadcrumb\":{\"@id\":\"https:\/\/www.betcons.ee\/tehtud-tood\/eluhooned\/tuletorni-kodud-tallinn\/#breadcrumb\"},\"inLanguage\":\"en-US\",\"potentialAction\":[{\"@type\":\"ReadAction\",\"target\":[\"https:\/\/www.betcons.ee\/tehtud-tood\/eluhooned\/tuletorni-kodud-tallinn\/\"]}]},{\"@type\":\"BreadcrumbList\",\"@id\":\"https:\/\/www.betcons.ee\/tehtud-tood\/eluhooned\/tuletorni-kodud-tallinn\/#breadcrumb\",\"itemListElement\":[{\"@type\":\"ListItem\",\"position\":1,\"name\":\"Tehtud t\u00f6\u00f6d\",\"item\":\"https:\/\/www.betcons.ee\/tehtud-tood\/\"},{\"@type\":\"ListItem\",\"position\":2,\"name\":\"Eluhooned\",\"item\":\"https:\/\/www.betcons.ee\/tehtud-tood\/eluhooned\/\"},{\"@type\":\"ListItem\",\"position\":3,\"name\":\"Tuletorni Kodud, Tallinn\"}]},{\"@type\":\"WebSite\",\"@id\":\"https:\/\/www.betcons.ee\/#website\",\"url\":\"https:\/\/www.betcons.ee\/\",\"name\":\"Betcons\",\"description\":\"Raudbetoonist ehituslahendused\",\"potentialAction\":[{\"@type\":\"SearchAction\",\"target\":{\"@type\":\"EntryPoint\",\"urlTemplate\":\"https:\/\/www.betcons.ee\/?s={search_term_string}\"},\"query-input\":\"required name=search_term_string\"}],\"inLanguage\":\"en-US\"}]}<\/script>\n<!-- \/ Yoast SEO plugin. -->","yoast_head_json":{"title":"Tuletorni Kodud, Tallinn - Betcons","robots":{"index":"index","follow":"follow","max-snippet":"max-snippet:-1","max-image-preview":"max-image-preview:large","max-video-preview":"max-video-preview:-1"},"canonical":"https:\/\/www.betcons.ee\/tehtud-tood\/eluhooned\/tuletorni-kodud-tallinn\/","og_locale":"en_US","og_type":"article","og_title":"Tuletorni Kodud, Tallinn - Betcons","og_description":"T\u00e4htaeg: 2020 Tellija: Evicon Ehitus O\u00dc Teostatud t\u00f6\u00f6de ulatus: elemendid koos transpordiga","og_url":"https:\/\/www.betcons.ee\/tehtud-tood\/eluhooned\/tuletorni-kodud-tallinn\/","og_site_name":"Betcons","article_modified_time":"2021-01-06T17:35:54+00:00","og_image":[{"width":1024,"height":576,"url":"https:\/\/www.betcons.ee\/wp-content\/uploads\/2020\/11\/Tuletorni-kodud-Tallinn.jpg","type":"image\/jpeg"}],"schema":{"@context":"https:\/\/schema.org","@graph":[{"@type":"WebPage","@id":"https:\/\/www.betcons.ee\/tehtud-tood\/eluhooned\/tuletorni-kodud-tallinn\/","url":"https:\/\/www.betcons.ee\/tehtud-tood\/eluhooned\/tuletorni-kodud-tallinn\/","name":"Tuletorni Kodud, Tallinn - Betcons","isPartOf":{"@id":"https:\/\/www.betcons.ee\/#website"},"datePublished":"2021-01-06T17:35:53+00:00","dateModified":"2021-01-06T17:35:54+00:00","breadcrumb":{"@id":"https:\/\/www.betcons.ee\/tehtud-tood\/eluhooned\/tuletorni-kodud-tallinn\/#breadcrumb"},"inLanguage":"en-US","potentialAction":[{"@type":"ReadAction","target":["https:\/\/www.betcons.ee\/tehtud-tood\/eluhooned\/tuletorni-kodud-tallinn\/"]}]},{"@type":"BreadcrumbList","@id":"https:\/\/www.betcons.ee\/tehtud-tood\/eluhooned\/tuletorni-kodud-tallinn\/#breadcrumb","itemListElement":[{"@type":"ListItem","position":1,"name":"Tehtud t\u00f6\u00f6d","item":"https:\/\/www.betcons.ee\/tehtud-tood\/"},{"@type":"ListItem","position":2,"name":"Eluhooned","item":"https:\/\/www.betcons.ee\/tehtud-tood\/eluhooned\/"},{"@type":"ListItem","position":3,"name":"Tuletorni Kodud, Tallinn"}]},{"@type":"WebSite","@id":"https:\/\/www.betcons.ee\/#website","url":"https:\/\/www.betcons.ee\/","name":"Betcons","description":"Raudbetoonist ehituslahendused","potentialAction":[{"@type":"SearchAction","target":{"@type":"EntryPoint","urlTemplate":"https:\/\/www.betcons.ee\/?s={search_term_string}"},"query-input":"required name=search_term_string"}],"inLanguage":"en-US"}]}},"_links":{"self":[{"href":"https:\/\/www.betcons.ee\/en\/wp-json\/wp\/v2\/pages\/1317"}],"collection":[{"href":"https:\/\/www.betcons.ee\/en\/wp-json\/wp\/v2\/pages"}],"about":[{"href":"https:\/\/www.betcons.ee\/en\/wp-json\/wp\/v2\/types\/page"}],"author":[{"embeddable":true,"href":"https:\/\/www.betcons.ee\/en\/wp-json\/wp\/v2\/users\/2"}],"replies":[{"embeddable":true,"href":"https:\/\/www.betcons.ee\/en\/wp-json\/wp\/v2\/comments?post=1317"}],"version-history":[{"count":1,"href":"https:\/\/www.betcons.ee\/en\/wp-json\/wp\/v2\/pages\/1317\/revisions"}],"predecessor-version":[{"id":1318,"href":"https:\/\/www.betcons.ee\/en\/wp-json\/wp\/v2\/pages\/1317\/revisions\/1318"}],"up":[{"embeddable":true,"href":"https:\/\/www.betcons.ee\/en\/wp-json\/wp\/v2\/pages\/322"}],"wp:featuredmedia":[{"embeddable":true,"href":"https:\/\/www.betcons.ee\/en\/wp-json\/wp\/v2\/media\/1269"}],"wp:attachment":[{"href":"https:\/\/www.betcons.ee\/en\/wp-json\/wp\/v2\/media?parent=1317"}],"curies":[{"name":"wp","href":"https:\/\/api.w.org\/{rel}","templated":true}]}}