{"id":1299,"date":"2021-01-06T17:08:08","date_gmt":"2021-01-06T17:08:08","guid":{"rendered":"http:\/\/www.betcons.ee\/?page_id=1299"},"modified":"2021-01-06T17:08:09","modified_gmt":"2021-01-06T17:08:09","slug":"torva-ujula-opilaskodu","status":"publish","type":"page","link":"https:\/\/www.betcons.ee\/en\/tehtud-tood\/uhiskondlikud-hooned\/torva-ujula-opilaskodu\/","title":{"rendered":"T\u00f5rva ujula-\u00f5pilaskodu"},"content":{"rendered":"<p><strong>T\u00e4htaeg:<\/strong> 2020<\/p>\n<p><strong>Tellija:<\/strong> AS Ehitustrust<\/p>\n<p><strong>Teostatud t\u00f6\u00f6de ulatus<\/strong>: Elemendid koos transpordiga<\/p>\n<p><a href=\"http:\/\/www.betcons.ee\/wp-content\/uploads\/2020\/11\/T\u00f5rva-ujula-\u00f5pilaskodu.png\" rel=\"lightbox[1299]\"><img decoding=\"async\" loading=\"lazy\" class=\"size-medium wp-image-1264 alignleft\" src=\"http:\/\/www.betcons.ee\/wp-content\/uploads\/2020\/11\/T\u00f5rva-ujula-\u00f5pilaskodu-300x168.png\" alt=\"\" width=\"300\" height=\"168\" srcset=\"https:\/\/www.betcons.ee\/wp-content\/uploads\/2020\/11\/T\u00f5rva-ujula-\u00f5pilaskodu-300x168.png 300w, https:\/\/www.betcons.ee\/wp-content\/uploads\/2020\/11\/T\u00f5rva-ujula-\u00f5pilaskodu.png 650w\" sizes=\"(max-width: 300px) 100vw, 300px\" \/><\/a><\/p>\n","protected":false},"excerpt":{"rendered":"<p>T\u00e4htaeg: 2020 Tellija: AS Ehitustrust Teostatud t\u00f6\u00f6de ulatus: Elemendid koos transpordiga<\/p>\n","protected":false},"author":2,"featured_media":1264,"parent":1297,"menu_order":0,"comment_status":"closed","ping_status":"closed","template":"","meta":[],"yoast_head":"<!-- This site is optimized with the Yoast SEO plugin v20.4 - https:\/\/yoast.com\/wordpress\/plugins\/seo\/ -->\n<title>T\u00f5rva ujula-\u00f5pilaskodu - Betcons<\/title>\n<meta name=\"robots\" content=\"index, follow, max-snippet:-1, max-image-preview:large, max-video-preview:-1\" \/>\n<link rel=\"canonical\" href=\"https:\/\/www.betcons.ee\/en\/tehtud-tood\/uhiskondlikud-hooned\/torva-ujula-opilaskodu\/\" \/>\n<meta property=\"og:locale\" content=\"en_US\" \/>\n<meta property=\"og:type\" content=\"article\" \/>\n<meta property=\"og:title\" content=\"T\u00f5rva ujula-\u00f5pilaskodu - Betcons\" \/>\n<meta property=\"og:description\" content=\"T\u00e4htaeg: 2020 Tellija: AS Ehitustrust Teostatud t\u00f6\u00f6de ulatus: Elemendid koos transpordiga\" \/>\n<meta property=\"og:url\" content=\"https:\/\/www.betcons.ee\/en\/tehtud-tood\/uhiskondlikud-hooned\/torva-ujula-opilaskodu\/\" \/>\n<meta property=\"og:site_name\" content=\"Betcons\" \/>\n<meta property=\"article:modified_time\" content=\"2021-01-06T17:08:09+00:00\" \/>\n<meta property=\"og:image\" content=\"https:\/\/www.betcons.ee\/wp-content\/uploads\/2020\/11\/T\u00f5rva-ujula-\u00f5pilaskodu.png\" \/>\n\t<meta property=\"og:image:width\" content=\"650\" \/>\n\t<meta property=\"og:image:height\" content=\"365\" \/>\n\t<meta property=\"og:image:type\" content=\"image\/png\" \/>\n<script type=\"application\/ld+json\" class=\"yoast-schema-graph\">{\"@context\":\"https:\/\/schema.org\",\"@graph\":[{\"@type\":\"WebPage\",\"@id\":\"https:\/\/www.betcons.ee\/en\/tehtud-tood\/uhiskondlikud-hooned\/torva-ujula-opilaskodu\/\",\"url\":\"https:\/\/www.betcons.ee\/en\/tehtud-tood\/uhiskondlikud-hooned\/torva-ujula-opilaskodu\/\",\"name\":\"T\u00f5rva ujula-\u00f5pilaskodu - Betcons\",\"isPartOf\":{\"@id\":\"https:\/\/www.betcons.ee\/#website\"},\"datePublished\":\"2021-01-06T17:08:08+00:00\",\"dateModified\":\"2021-01-06T17:08:09+00:00\",\"breadcrumb\":{\"@id\":\"https:\/\/www.betcons.ee\/en\/tehtud-tood\/uhiskondlikud-hooned\/torva-ujula-opilaskodu\/#breadcrumb\"},\"inLanguage\":\"en-US\",\"potentialAction\":[{\"@type\":\"ReadAction\",\"target\":[\"https:\/\/www.betcons.ee\/en\/tehtud-tood\/uhiskondlikud-hooned\/torva-ujula-opilaskodu\/\"]}]},{\"@type\":\"BreadcrumbList\",\"@id\":\"https:\/\/www.betcons.ee\/en\/tehtud-tood\/uhiskondlikud-hooned\/torva-ujula-opilaskodu\/#breadcrumb\",\"itemListElement\":[{\"@type\":\"ListItem\",\"position\":1,\"name\":\"Tehtud t\u00f6\u00f6d\",\"item\":\"https:\/\/www.betcons.ee\/tehtud-tood\/\"},{\"@type\":\"ListItem\",\"position\":2,\"name\":\"\u00dchiskondlikud hooned\",\"item\":\"https:\/\/www.betcons.ee\/en\/tehtud-tood\/uhiskondlikud-hooned\/\"},{\"@type\":\"ListItem\",\"position\":3,\"name\":\"T\u00f5rva ujula-\u00f5pilaskodu\"}]},{\"@type\":\"WebSite\",\"@id\":\"https:\/\/www.betcons.ee\/#website\",\"url\":\"https:\/\/www.betcons.ee\/\",\"name\":\"Betcons\",\"description\":\"Raudbetoonist ehituslahendused\",\"potentialAction\":[{\"@type\":\"SearchAction\",\"target\":{\"@type\":\"EntryPoint\",\"urlTemplate\":\"https:\/\/www.betcons.ee\/?s={search_term_string}\"},\"query-input\":\"required name=search_term_string\"}],\"inLanguage\":\"en-US\"}]}<\/script>\n<!-- \/ Yoast SEO plugin. -->","yoast_head_json":{"title":"T\u00f5rva ujula-\u00f5pilaskodu - Betcons","robots":{"index":"index","follow":"follow","max-snippet":"max-snippet:-1","max-image-preview":"max-image-preview:large","max-video-preview":"max-video-preview:-1"},"canonical":"https:\/\/www.betcons.ee\/en\/tehtud-tood\/uhiskondlikud-hooned\/torva-ujula-opilaskodu\/","og_locale":"en_US","og_type":"article","og_title":"T\u00f5rva ujula-\u00f5pilaskodu - Betcons","og_description":"T\u00e4htaeg: 2020 Tellija: AS Ehitustrust Teostatud t\u00f6\u00f6de ulatus: Elemendid koos transpordiga","og_url":"https:\/\/www.betcons.ee\/en\/tehtud-tood\/uhiskondlikud-hooned\/torva-ujula-opilaskodu\/","og_site_name":"Betcons","article_modified_time":"2021-01-06T17:08:09+00:00","og_image":[{"width":650,"height":365,"url":"https:\/\/www.betcons.ee\/wp-content\/uploads\/2020\/11\/T\u00f5rva-ujula-\u00f5pilaskodu.png","type":"image\/png"}],"schema":{"@context":"https:\/\/schema.org","@graph":[{"@type":"WebPage","@id":"https:\/\/www.betcons.ee\/en\/tehtud-tood\/uhiskondlikud-hooned\/torva-ujula-opilaskodu\/","url":"https:\/\/www.betcons.ee\/en\/tehtud-tood\/uhiskondlikud-hooned\/torva-ujula-opilaskodu\/","name":"T\u00f5rva ujula-\u00f5pilaskodu - Betcons","isPartOf":{"@id":"https:\/\/www.betcons.ee\/#website"},"datePublished":"2021-01-06T17:08:08+00:00","dateModified":"2021-01-06T17:08:09+00:00","breadcrumb":{"@id":"https:\/\/www.betcons.ee\/en\/tehtud-tood\/uhiskondlikud-hooned\/torva-ujula-opilaskodu\/#breadcrumb"},"inLanguage":"en-US","potentialAction":[{"@type":"ReadAction","target":["https:\/\/www.betcons.ee\/en\/tehtud-tood\/uhiskondlikud-hooned\/torva-ujula-opilaskodu\/"]}]},{"@type":"BreadcrumbList","@id":"https:\/\/www.betcons.ee\/en\/tehtud-tood\/uhiskondlikud-hooned\/torva-ujula-opilaskodu\/#breadcrumb","itemListElement":[{"@type":"ListItem","position":1,"name":"Tehtud t\u00f6\u00f6d","item":"https:\/\/www.betcons.ee\/tehtud-tood\/"},{"@type":"ListItem","position":2,"name":"\u00dchiskondlikud hooned","item":"https:\/\/www.betcons.ee\/en\/tehtud-tood\/uhiskondlikud-hooned\/"},{"@type":"ListItem","position":3,"name":"T\u00f5rva ujula-\u00f5pilaskodu"}]},{"@type":"WebSite","@id":"https:\/\/www.betcons.ee\/#website","url":"https:\/\/www.betcons.ee\/","name":"Betcons","description":"Raudbetoonist ehituslahendused","potentialAction":[{"@type":"SearchAction","target":{"@type":"EntryPoint","urlTemplate":"https:\/\/www.betcons.ee\/?s={search_term_string}"},"query-input":"required name=search_term_string"}],"inLanguage":"en-US"}]}},"_links":{"self":[{"href":"https:\/\/www.betcons.ee\/en\/wp-json\/wp\/v2\/pages\/1299"}],"collection":[{"href":"https:\/\/www.betcons.ee\/en\/wp-json\/wp\/v2\/pages"}],"about":[{"href":"https:\/\/www.betcons.ee\/en\/wp-json\/wp\/v2\/types\/page"}],"author":[{"embeddable":true,"href":"https:\/\/www.betcons.ee\/en\/wp-json\/wp\/v2\/users\/2"}],"replies":[{"embeddable":true,"href":"https:\/\/www.betcons.ee\/en\/wp-json\/wp\/v2\/comments?post=1299"}],"version-history":[{"count":2,"href":"https:\/\/www.betcons.ee\/en\/wp-json\/wp\/v2\/pages\/1299\/revisions"}],"predecessor-version":[{"id":1301,"href":"https:\/\/www.betcons.ee\/en\/wp-json\/wp\/v2\/pages\/1299\/revisions\/1301"}],"up":[{"embeddable":true,"href":"https:\/\/www.betcons.ee\/en\/wp-json\/wp\/v2\/pages\/1297"}],"wp:featuredmedia":[{"embeddable":true,"href":"https:\/\/www.betcons.ee\/en\/wp-json\/wp\/v2\/media\/1264"}],"wp:attachment":[{"href":"https:\/\/www.betcons.ee\/en\/wp-json\/wp\/v2\/media?parent=1299"}],"curies":[{"name":"wp","href":"https:\/\/api.w.org\/{rel}","templated":true}]}}