{"id":129,"date":"2010-12-15T17:45:48","date_gmt":"2010-12-15T17:45:48","guid":{"rendered":"http:\/\/www.betcons.ee\/"},"modified":"2014-03-06T23:27:57","modified_gmt":"2014-03-06T23:27:57","slug":"komplektalajaama-vundamendid","status":"publish","type":"page","link":"https:\/\/www.betcons.ee\/en\/tehtud-tood\/infrastruktuurirajatised\/komplektalajaama-vundamendid\/","title":{"rendered":"Komplektalajaama vundamendid"},"content":{"rendered":"<p><strong> <\/strong><\/p>\n<div id=\"attachment_132\" style=\"width: 310px\" class=\"wp-caption alignnone\"><img aria-describedby=\"caption-attachment-132\" decoding=\"async\" loading=\"lazy\" class=\"size-medium wp-image-132\" title=\"Komplektalajaama vundamendid\" src=\"http:\/\/www.betcons.ee\/wp-content\/uploads\/2010\/12\/DSCN3813-300x225.jpg\" alt=\"Komplektalajaama vundamendid\" width=\"300\" height=\"225\" srcset=\"https:\/\/www.betcons.ee\/wp-content\/uploads\/2010\/12\/DSCN3813-300x225.jpg 300w, https:\/\/www.betcons.ee\/wp-content\/uploads\/2010\/12\/DSCN3813.jpg 480w\" sizes=\"(max-width: 300px) 100vw, 300px\" \/><p id=\"caption-attachment-132\" class=\"wp-caption-text\">Komplektalajaama vundament<\/p><\/div>\n<p>T\u00e4htaeg: 2010<\/p>\n<p><strong>Tellija:<\/strong> AS Harju Elekter<\/p>\n<p><strong>Teostatud t\u00f6\u00f6de ulatus<\/strong>: Elemendid koos transpordiga<\/p>","protected":false},"excerpt":{"rendered":"<p>T\u00e4htaeg: 2010 Tellija: AS Harju Elekter Teostatud t\u00f6\u00f6de ulatus: Elemendid koos transpordiga<\/p>\n","protected":false},"author":2,"featured_media":132,"parent":318,"menu_order":0,"comment_status":"closed","ping_status":"closed","template":"","meta":[],"yoast_head":"<!-- This site is optimized with the Yoast SEO plugin v20.4 - https:\/\/yoast.com\/wordpress\/plugins\/seo\/ -->\n<title>Komplektalajaama vundamendid - Betcons<\/title>\n<meta name=\"robots\" content=\"index, follow, max-snippet:-1, max-image-preview:large, max-video-preview:-1\" \/>\n<link rel=\"canonical\" href=\"https:\/\/www.betcons.ee\/en\/tehtud-tood\/infrastruktuurirajatised\/komplektalajaama-vundamendid\/\" \/>\n<meta property=\"og:locale\" content=\"en_US\" \/>\n<meta property=\"og:type\" content=\"article\" \/>\n<meta property=\"og:title\" content=\"Komplektalajaama vundamendid - Betcons\" \/>\n<meta property=\"og:description\" content=\"T\u00e4htaeg: 2010 Tellija: AS Harju Elekter Teostatud t\u00f6\u00f6de ulatus: Elemendid koos transpordiga\" \/>\n<meta property=\"og:url\" content=\"https:\/\/www.betcons.ee\/en\/tehtud-tood\/infrastruktuurirajatised\/komplektalajaama-vundamendid\/\" \/>\n<meta property=\"og:site_name\" content=\"Betcons\" \/>\n<meta property=\"article:modified_time\" content=\"2014-03-06T23:27:57+00:00\" \/>\n<meta property=\"og:image\" content=\"https:\/\/www.betcons.ee\/wp-content\/uploads\/2010\/12\/DSCN3813.jpg\" \/>\n\t<meta property=\"og:image:width\" content=\"480\" \/>\n\t<meta property=\"og:image:height\" content=\"360\" \/>\n\t<meta property=\"og:image:type\" content=\"image\/jpeg\" \/>\n<script type=\"application\/ld+json\" class=\"yoast-schema-graph\">{\"@context\":\"https:\/\/schema.org\",\"@graph\":[{\"@type\":\"WebPage\",\"@id\":\"https:\/\/www.betcons.ee\/en\/tehtud-tood\/infrastruktuurirajatised\/komplektalajaama-vundamendid\/\",\"url\":\"https:\/\/www.betcons.ee\/en\/tehtud-tood\/infrastruktuurirajatised\/komplektalajaama-vundamendid\/\",\"name\":\"Komplektalajaama vundamendid - Betcons\",\"isPartOf\":{\"@id\":\"https:\/\/www.betcons.ee\/#website\"},\"datePublished\":\"2010-12-15T17:45:48+00:00\",\"dateModified\":\"2014-03-06T23:27:57+00:00\",\"breadcrumb\":{\"@id\":\"https:\/\/www.betcons.ee\/en\/tehtud-tood\/infrastruktuurirajatised\/komplektalajaama-vundamendid\/#breadcrumb\"},\"inLanguage\":\"en-US\",\"potentialAction\":[{\"@type\":\"ReadAction\",\"target\":[\"https:\/\/www.betcons.ee\/en\/tehtud-tood\/infrastruktuurirajatised\/komplektalajaama-vundamendid\/\"]}]},{\"@type\":\"BreadcrumbList\",\"@id\":\"https:\/\/www.betcons.ee\/en\/tehtud-tood\/infrastruktuurirajatised\/komplektalajaama-vundamendid\/#breadcrumb\",\"itemListElement\":[{\"@type\":\"ListItem\",\"position\":1,\"name\":\"Tehtud t\u00f6\u00f6d\",\"item\":\"https:\/\/www.betcons.ee\/tehtud-tood\/\"},{\"@type\":\"ListItem\",\"position\":2,\"name\":\"Infrastruktuurirajatised\",\"item\":\"https:\/\/www.betcons.ee\/tehtud-tood\/infrastruktuurirajatised\/\"},{\"@type\":\"ListItem\",\"position\":3,\"name\":\"Komplektalajaama vundamendid\"}]},{\"@type\":\"WebSite\",\"@id\":\"https:\/\/www.betcons.ee\/#website\",\"url\":\"https:\/\/www.betcons.ee\/\",\"name\":\"Betcons\",\"description\":\"Raudbetoonist ehituslahendused\",\"potentialAction\":[{\"@type\":\"SearchAction\",\"target\":{\"@type\":\"EntryPoint\",\"urlTemplate\":\"https:\/\/www.betcons.ee\/?s={search_term_string}\"},\"query-input\":\"required name=search_term_string\"}],\"inLanguage\":\"en-US\"}]}<\/script>\n<!-- \/ Yoast SEO plugin. -->","yoast_head_json":{"title":"Komplektalajaama vundamendid - Betcons","robots":{"index":"index","follow":"follow","max-snippet":"max-snippet:-1","max-image-preview":"max-image-preview:large","max-video-preview":"max-video-preview:-1"},"canonical":"https:\/\/www.betcons.ee\/en\/tehtud-tood\/infrastruktuurirajatised\/komplektalajaama-vundamendid\/","og_locale":"en_US","og_type":"article","og_title":"Komplektalajaama vundamendid - Betcons","og_description":"T\u00e4htaeg: 2010 Tellija: AS Harju Elekter Teostatud t\u00f6\u00f6de ulatus: Elemendid koos transpordiga","og_url":"https:\/\/www.betcons.ee\/en\/tehtud-tood\/infrastruktuurirajatised\/komplektalajaama-vundamendid\/","og_site_name":"Betcons","article_modified_time":"2014-03-06T23:27:57+00:00","og_image":[{"width":"480","height":"360","url":"https:\/\/www.betcons.ee\/wp-content\/uploads\/2010\/12\/DSCN3813.jpg","type":"image\/jpeg"}],"schema":{"@context":"https:\/\/schema.org","@graph":[{"@type":"WebPage","@id":"https:\/\/www.betcons.ee\/en\/tehtud-tood\/infrastruktuurirajatised\/komplektalajaama-vundamendid\/","url":"https:\/\/www.betcons.ee\/en\/tehtud-tood\/infrastruktuurirajatised\/komplektalajaama-vundamendid\/","name":"Komplektalajaama vundamendid - Betcons","isPartOf":{"@id":"https:\/\/www.betcons.ee\/#website"},"datePublished":"2010-12-15T17:45:48+00:00","dateModified":"2014-03-06T23:27:57+00:00","breadcrumb":{"@id":"https:\/\/www.betcons.ee\/en\/tehtud-tood\/infrastruktuurirajatised\/komplektalajaama-vundamendid\/#breadcrumb"},"inLanguage":"en-US","potentialAction":[{"@type":"ReadAction","target":["https:\/\/www.betcons.ee\/en\/tehtud-tood\/infrastruktuurirajatised\/komplektalajaama-vundamendid\/"]}]},{"@type":"BreadcrumbList","@id":"https:\/\/www.betcons.ee\/en\/tehtud-tood\/infrastruktuurirajatised\/komplektalajaama-vundamendid\/#breadcrumb","itemListElement":[{"@type":"ListItem","position":1,"name":"Tehtud t\u00f6\u00f6d","item":"https:\/\/www.betcons.ee\/tehtud-tood\/"},{"@type":"ListItem","position":2,"name":"Infrastruktuurirajatised","item":"https:\/\/www.betcons.ee\/tehtud-tood\/infrastruktuurirajatised\/"},{"@type":"ListItem","position":3,"name":"Komplektalajaama vundamendid"}]},{"@type":"WebSite","@id":"https:\/\/www.betcons.ee\/#website","url":"https:\/\/www.betcons.ee\/","name":"Betcons","description":"Raudbetoonist ehituslahendused","potentialAction":[{"@type":"SearchAction","target":{"@type":"EntryPoint","urlTemplate":"https:\/\/www.betcons.ee\/?s={search_term_string}"},"query-input":"required name=search_term_string"}],"inLanguage":"en-US"}]}},"_links":{"self":[{"href":"https:\/\/www.betcons.ee\/en\/wp-json\/wp\/v2\/pages\/129"}],"collection":[{"href":"https:\/\/www.betcons.ee\/en\/wp-json\/wp\/v2\/pages"}],"about":[{"href":"https:\/\/www.betcons.ee\/en\/wp-json\/wp\/v2\/types\/page"}],"author":[{"embeddable":true,"href":"https:\/\/www.betcons.ee\/en\/wp-json\/wp\/v2\/users\/2"}],"replies":[{"embeddable":true,"href":"https:\/\/www.betcons.ee\/en\/wp-json\/wp\/v2\/comments?post=129"}],"version-history":[{"count":12,"href":"https:\/\/www.betcons.ee\/en\/wp-json\/wp\/v2\/pages\/129\/revisions"}],"predecessor-version":[{"id":846,"href":"https:\/\/www.betcons.ee\/en\/wp-json\/wp\/v2\/pages\/129\/revisions\/846"}],"up":[{"embeddable":true,"href":"https:\/\/www.betcons.ee\/en\/wp-json\/wp\/v2\/pages\/318"}],"wp:featuredmedia":[{"embeddable":true,"href":"https:\/\/www.betcons.ee\/en\/wp-json\/wp\/v2\/media\/132"}],"wp:attachment":[{"href":"https:\/\/www.betcons.ee\/en\/wp-json\/wp\/v2\/media?parent=129"}],"curies":[{"name":"wp","href":"https:\/\/api.w.org\/{rel}","templated":true}]}}