{"id":1281,"date":"2021-01-06T16:36:54","date_gmt":"2021-01-06T16:36:54","guid":{"rendered":"http:\/\/www.betcons.ee\/?page_id=1281"},"modified":"2021-01-06T17:43:01","modified_gmt":"2021-01-06T17:43:01","slug":"ratsuri-maja-marsi-5-tallinn","status":"publish","type":"page","link":"https:\/\/www.betcons.ee\/en\/tehtud-tood\/eluhooned\/ratsuri-maja-marsi-5-tallinn\/","title":{"rendered":"Ratsuri Maja, Marsi 5 korterelamu, Tallinn"},"content":{"rendered":"<p><strong>T\u00e4htaeg:<\/strong> 2021<\/p>\n<p><b>Tellija:<\/b> Vanalinna Ehitus O\u00dc<\/p>\n<p><strong>Teostatud t\u00f6\u00f6de ulatus: <\/strong>T\u00e4ismonteeritava elamu elemendid koos transpordiga<\/p>\n<pre><a href=\"http:\/\/www.betcons.ee\/wp-content\/uploads\/2020\/11\/Marsi-5-korterelamu-Tallinn-2.jpg\" rel=\"lightbox[1281]\"><img decoding=\"async\" loading=\"lazy\" class=\"size-medium wp-image-1276 alignleft\" src=\"http:\/\/www.betcons.ee\/wp-content\/uploads\/2020\/11\/Marsi-5-korterelamu-Tallinn-2-300x169.jpg\" alt=\"\" width=\"300\" height=\"169\" srcset=\"https:\/\/www.betcons.ee\/wp-content\/uploads\/2020\/11\/Marsi-5-korterelamu-Tallinn-2-300x169.jpg 300w, https:\/\/www.betcons.ee\/wp-content\/uploads\/2020\/11\/Marsi-5-korterelamu-Tallinn-2-768x432.jpg 768w, https:\/\/www.betcons.ee\/wp-content\/uploads\/2020\/11\/Marsi-5-korterelamu-Tallinn-2-1024x576.jpg 1024w\" sizes=\"(max-width: 300px) 100vw, 300px\" \/><\/a><a href=\"http:\/\/www.betcons.ee\/wp-content\/uploads\/2020\/11\/Ratsuri-maja-Marsi.jpg\" rel=\"lightbox[1281]\"><img decoding=\"async\" loading=\"lazy\" class=\"wp-image-1271 alignright\" src=\"http:\/\/www.betcons.ee\/wp-content\/uploads\/2020\/11\/Ratsuri-maja-Marsi-300x200.jpg\" alt=\"\" width=\"253\" height=\"168\" srcset=\"https:\/\/www.betcons.ee\/wp-content\/uploads\/2020\/11\/Ratsuri-maja-Marsi-300x200.jpg 300w, https:\/\/www.betcons.ee\/wp-content\/uploads\/2020\/11\/Ratsuri-maja-Marsi-768x512.jpg 768w, https:\/\/www.betcons.ee\/wp-content\/uploads\/2020\/11\/Ratsuri-maja-Marsi-1024x683.jpg 1024w, https:\/\/www.betcons.ee\/wp-content\/uploads\/2020\/11\/Ratsuri-maja-Marsi.jpg 1920w\" sizes=\"(max-width: 253px) 100vw, 253px\" \/><\/a><\/pre>\n","protected":false},"excerpt":{"rendered":"<p>T\u00e4htaeg: 2021 Tellija: Vanalinna Ehitus O\u00dc Teostatud t\u00f6\u00f6de ulatus: T\u00e4ismonteeritava elamu elemendid koos transpordiga<\/p>\n","protected":false},"author":2,"featured_media":1276,"parent":322,"menu_order":0,"comment_status":"closed","ping_status":"closed","template":"","meta":[],"yoast_head":"<!-- This site is optimized with the Yoast SEO plugin v20.4 - https:\/\/yoast.com\/wordpress\/plugins\/seo\/ -->\n<title>Ratsuri Maja, Marsi 5 korterelamu, Tallinn - Betcons<\/title>\n<meta name=\"robots\" content=\"index, follow, max-snippet:-1, max-image-preview:large, max-video-preview:-1\" \/>\n<link rel=\"canonical\" href=\"https:\/\/www.betcons.ee\/tehtud-tood\/eluhooned\/ratsuri-maja-marsi-5-tallinn\/\" \/>\n<meta property=\"og:locale\" content=\"en_US\" \/>\n<meta property=\"og:type\" content=\"article\" \/>\n<meta property=\"og:title\" content=\"Ratsuri Maja, Marsi 5 korterelamu, Tallinn - Betcons\" \/>\n<meta property=\"og:description\" content=\"T\u00e4htaeg: 2021 Tellija: Vanalinna Ehitus O\u00dc Teostatud t\u00f6\u00f6de ulatus: T\u00e4ismonteeritava elamu elemendid koos transpordiga\" \/>\n<meta property=\"og:url\" content=\"https:\/\/www.betcons.ee\/tehtud-tood\/eluhooned\/ratsuri-maja-marsi-5-tallinn\/\" \/>\n<meta property=\"og:site_name\" content=\"Betcons\" \/>\n<meta property=\"article:modified_time\" content=\"2021-01-06T17:43:01+00:00\" \/>\n<meta property=\"og:image\" content=\"https:\/\/www.betcons.ee\/wp-content\/uploads\/2020\/11\/Marsi-5-korterelamu-Tallinn-2.jpg\" \/>\n\t<meta property=\"og:image:width\" content=\"2150\" \/>\n\t<meta property=\"og:image:height\" content=\"1209\" \/>\n\t<meta property=\"og:image:type\" content=\"image\/jpeg\" \/>\n<script type=\"application\/ld+json\" class=\"yoast-schema-graph\">{\"@context\":\"https:\/\/schema.org\",\"@graph\":[{\"@type\":\"WebPage\",\"@id\":\"https:\/\/www.betcons.ee\/tehtud-tood\/eluhooned\/ratsuri-maja-marsi-5-tallinn\/\",\"url\":\"https:\/\/www.betcons.ee\/tehtud-tood\/eluhooned\/ratsuri-maja-marsi-5-tallinn\/\",\"name\":\"Ratsuri Maja, Marsi 5 korterelamu, Tallinn - Betcons\",\"isPartOf\":{\"@id\":\"https:\/\/www.betcons.ee\/#website\"},\"datePublished\":\"2021-01-06T16:36:54+00:00\",\"dateModified\":\"2021-01-06T17:43:01+00:00\",\"breadcrumb\":{\"@id\":\"https:\/\/www.betcons.ee\/tehtud-tood\/eluhooned\/ratsuri-maja-marsi-5-tallinn\/#breadcrumb\"},\"inLanguage\":\"en-US\",\"potentialAction\":[{\"@type\":\"ReadAction\",\"target\":[\"https:\/\/www.betcons.ee\/tehtud-tood\/eluhooned\/ratsuri-maja-marsi-5-tallinn\/\"]}]},{\"@type\":\"BreadcrumbList\",\"@id\":\"https:\/\/www.betcons.ee\/tehtud-tood\/eluhooned\/ratsuri-maja-marsi-5-tallinn\/#breadcrumb\",\"itemListElement\":[{\"@type\":\"ListItem\",\"position\":1,\"name\":\"Tehtud t\u00f6\u00f6d\",\"item\":\"https:\/\/www.betcons.ee\/tehtud-tood\/\"},{\"@type\":\"ListItem\",\"position\":2,\"name\":\"Eluhooned\",\"item\":\"https:\/\/www.betcons.ee\/tehtud-tood\/eluhooned\/\"},{\"@type\":\"ListItem\",\"position\":3,\"name\":\"Ratsuri Maja, Marsi 5 korterelamu, Tallinn\"}]},{\"@type\":\"WebSite\",\"@id\":\"https:\/\/www.betcons.ee\/#website\",\"url\":\"https:\/\/www.betcons.ee\/\",\"name\":\"Betcons\",\"description\":\"Raudbetoonist ehituslahendused\",\"potentialAction\":[{\"@type\":\"SearchAction\",\"target\":{\"@type\":\"EntryPoint\",\"urlTemplate\":\"https:\/\/www.betcons.ee\/?s={search_term_string}\"},\"query-input\":\"required name=search_term_string\"}],\"inLanguage\":\"en-US\"}]}<\/script>\n<!-- \/ Yoast SEO plugin. -->","yoast_head_json":{"title":"Ratsuri Maja, Marsi 5 korterelamu, Tallinn - Betcons","robots":{"index":"index","follow":"follow","max-snippet":"max-snippet:-1","max-image-preview":"max-image-preview:large","max-video-preview":"max-video-preview:-1"},"canonical":"https:\/\/www.betcons.ee\/tehtud-tood\/eluhooned\/ratsuri-maja-marsi-5-tallinn\/","og_locale":"en_US","og_type":"article","og_title":"Ratsuri Maja, Marsi 5 korterelamu, Tallinn - Betcons","og_description":"T\u00e4htaeg: 2021 Tellija: Vanalinna Ehitus O\u00dc Teostatud t\u00f6\u00f6de ulatus: T\u00e4ismonteeritava elamu elemendid koos transpordiga","og_url":"https:\/\/www.betcons.ee\/tehtud-tood\/eluhooned\/ratsuri-maja-marsi-5-tallinn\/","og_site_name":"Betcons","article_modified_time":"2021-01-06T17:43:01+00:00","og_image":[{"width":2150,"height":1209,"url":"https:\/\/www.betcons.ee\/wp-content\/uploads\/2020\/11\/Marsi-5-korterelamu-Tallinn-2.jpg","type":"image\/jpeg"}],"schema":{"@context":"https:\/\/schema.org","@graph":[{"@type":"WebPage","@id":"https:\/\/www.betcons.ee\/tehtud-tood\/eluhooned\/ratsuri-maja-marsi-5-tallinn\/","url":"https:\/\/www.betcons.ee\/tehtud-tood\/eluhooned\/ratsuri-maja-marsi-5-tallinn\/","name":"Ratsuri Maja, Marsi 5 korterelamu, Tallinn - Betcons","isPartOf":{"@id":"https:\/\/www.betcons.ee\/#website"},"datePublished":"2021-01-06T16:36:54+00:00","dateModified":"2021-01-06T17:43:01+00:00","breadcrumb":{"@id":"https:\/\/www.betcons.ee\/tehtud-tood\/eluhooned\/ratsuri-maja-marsi-5-tallinn\/#breadcrumb"},"inLanguage":"en-US","potentialAction":[{"@type":"ReadAction","target":["https:\/\/www.betcons.ee\/tehtud-tood\/eluhooned\/ratsuri-maja-marsi-5-tallinn\/"]}]},{"@type":"BreadcrumbList","@id":"https:\/\/www.betcons.ee\/tehtud-tood\/eluhooned\/ratsuri-maja-marsi-5-tallinn\/#breadcrumb","itemListElement":[{"@type":"ListItem","position":1,"name":"Tehtud t\u00f6\u00f6d","item":"https:\/\/www.betcons.ee\/tehtud-tood\/"},{"@type":"ListItem","position":2,"name":"Eluhooned","item":"https:\/\/www.betcons.ee\/tehtud-tood\/eluhooned\/"},{"@type":"ListItem","position":3,"name":"Ratsuri Maja, Marsi 5 korterelamu, Tallinn"}]},{"@type":"WebSite","@id":"https:\/\/www.betcons.ee\/#website","url":"https:\/\/www.betcons.ee\/","name":"Betcons","description":"Raudbetoonist ehituslahendused","potentialAction":[{"@type":"SearchAction","target":{"@type":"EntryPoint","urlTemplate":"https:\/\/www.betcons.ee\/?s={search_term_string}"},"query-input":"required name=search_term_string"}],"inLanguage":"en-US"}]}},"_links":{"self":[{"href":"https:\/\/www.betcons.ee\/en\/wp-json\/wp\/v2\/pages\/1281"}],"collection":[{"href":"https:\/\/www.betcons.ee\/en\/wp-json\/wp\/v2\/pages"}],"about":[{"href":"https:\/\/www.betcons.ee\/en\/wp-json\/wp\/v2\/types\/page"}],"author":[{"embeddable":true,"href":"https:\/\/www.betcons.ee\/en\/wp-json\/wp\/v2\/users\/2"}],"replies":[{"embeddable":true,"href":"https:\/\/www.betcons.ee\/en\/wp-json\/wp\/v2\/comments?post=1281"}],"version-history":[{"count":11,"href":"https:\/\/www.betcons.ee\/en\/wp-json\/wp\/v2\/pages\/1281\/revisions"}],"predecessor-version":[{"id":1321,"href":"https:\/\/www.betcons.ee\/en\/wp-json\/wp\/v2\/pages\/1281\/revisions\/1321"}],"up":[{"embeddable":true,"href":"https:\/\/www.betcons.ee\/en\/wp-json\/wp\/v2\/pages\/322"}],"wp:featuredmedia":[{"embeddable":true,"href":"https:\/\/www.betcons.ee\/en\/wp-json\/wp\/v2\/media\/1276"}],"wp:attachment":[{"href":"https:\/\/www.betcons.ee\/en\/wp-json\/wp\/v2\/media?parent=1281"}],"curies":[{"name":"wp","href":"https:\/\/api.w.org\/{rel}","templated":true}]}}