{"id":1174,"date":"2017-10-08T09:41:30","date_gmt":"2017-10-08T09:41:30","guid":{"rendered":"http:\/\/www.betcons.ee\/?page_id=1174"},"modified":"2021-01-06T16:39:20","modified_gmt":"2021-01-06T16:39:20","slug":"korterelamu-kiikri-tn-2-tallinn","status":"publish","type":"page","link":"https:\/\/www.betcons.ee\/en\/tehtud-tood\/eluhooned\/korterelamu-kiikri-tn-2-tallinn\/","title":{"rendered":"Kiikri tn 2 korterelamu, Tallinn"},"content":{"rendered":"<p><strong>T\u00e4htaeg:&nbsp;<\/strong>2017<\/p>\n<p><strong>Tellija:&nbsp;<\/strong>Kiikri Ehitus O\u00dc<\/p>\n<p><strong>Teostatud t\u00f6\u00f6de ulatus:&nbsp;<\/strong>\u00d5\u00f5nespaneelid koos transpordiga<\/p>\n<p><a href=\"http:\/\/www.betcons.ee\/wp-content\/uploads\/2017\/10\/Kiikri-10-2-3.jpg\" rel=\"lightbox[1174]\"><img decoding=\"async\" loading=\"lazy\" class=\" wp-image-1175 alignleft\" src=\"http:\/\/www.betcons.ee\/wp-content\/uploads\/2017\/10\/Kiikri-10-2-3-300x168.jpg\" alt=\"\" width=\"327\" height=\"183\" srcset=\"https:\/\/www.betcons.ee\/wp-content\/uploads\/2017\/10\/Kiikri-10-2-3-300x168.jpg 300w, https:\/\/www.betcons.ee\/wp-content\/uploads\/2017\/10\/Kiikri-10-2-3-768x430.jpg 768w, https:\/\/www.betcons.ee\/wp-content\/uploads\/2017\/10\/Kiikri-10-2-3-1024x573.jpg 1024w\" sizes=\"(max-width: 327px) 100vw, 327px\" \/><\/a><\/p>\n","protected":false},"excerpt":{"rendered":"<p>T\u00e4htaeg:&nbsp;2017 Tellija:&nbsp;Kiikri Ehitus O\u00dc Teostatud t\u00f6\u00f6de ulatus:&nbsp;\u00d5\u00f5nespaneelid koos transpordiga<\/p>\n","protected":false},"author":2,"featured_media":1175,"parent":322,"menu_order":0,"comment_status":"closed","ping_status":"closed","template":"","meta":[],"yoast_head":"<!-- This site is optimized with the Yoast SEO plugin v20.4 - https:\/\/yoast.com\/wordpress\/plugins\/seo\/ -->\n<title>Kiikri tn 2 korterelamu, Tallinn - Betcons<\/title>\n<meta name=\"robots\" content=\"index, follow, max-snippet:-1, max-image-preview:large, max-video-preview:-1\" \/>\n<link rel=\"canonical\" href=\"https:\/\/www.betcons.ee\/tehtud-tood\/eluhooned\/korterelamu-kiikri-tn-2-tallinn\/\" \/>\n<meta property=\"og:locale\" content=\"en_US\" \/>\n<meta property=\"og:type\" content=\"article\" \/>\n<meta property=\"og:title\" content=\"Kiikri tn 2 korterelamu, Tallinn - Betcons\" \/>\n<meta property=\"og:description\" content=\"T\u00e4htaeg:&nbsp;2017 Tellija:&nbsp;Kiikri Ehitus O\u00dc Teostatud t\u00f6\u00f6de ulatus:&nbsp;\u00d5\u00f5nespaneelid koos transpordiga\" \/>\n<meta property=\"og:url\" content=\"https:\/\/www.betcons.ee\/tehtud-tood\/eluhooned\/korterelamu-kiikri-tn-2-tallinn\/\" \/>\n<meta property=\"og:site_name\" content=\"Betcons\" \/>\n<meta property=\"article:modified_time\" content=\"2021-01-06T16:39:20+00:00\" \/>\n<meta property=\"og:image\" content=\"https:\/\/www.betcons.ee\/wp-content\/uploads\/2017\/10\/Kiikri-10-2-3.jpg\" \/>\n\t<meta property=\"og:image:width\" content=\"2500\" \/>\n\t<meta property=\"og:image:height\" content=\"1399\" \/>\n\t<meta property=\"og:image:type\" content=\"image\/jpeg\" \/>\n<script type=\"application\/ld+json\" class=\"yoast-schema-graph\">{\"@context\":\"https:\/\/schema.org\",\"@graph\":[{\"@type\":\"WebPage\",\"@id\":\"https:\/\/www.betcons.ee\/tehtud-tood\/eluhooned\/korterelamu-kiikri-tn-2-tallinn\/\",\"url\":\"https:\/\/www.betcons.ee\/tehtud-tood\/eluhooned\/korterelamu-kiikri-tn-2-tallinn\/\",\"name\":\"Kiikri tn 2 korterelamu, Tallinn - Betcons\",\"isPartOf\":{\"@id\":\"https:\/\/www.betcons.ee\/#website\"},\"datePublished\":\"2017-10-08T09:41:30+00:00\",\"dateModified\":\"2021-01-06T16:39:20+00:00\",\"breadcrumb\":{\"@id\":\"https:\/\/www.betcons.ee\/tehtud-tood\/eluhooned\/korterelamu-kiikri-tn-2-tallinn\/#breadcrumb\"},\"inLanguage\":\"en-US\",\"potentialAction\":[{\"@type\":\"ReadAction\",\"target\":[\"https:\/\/www.betcons.ee\/tehtud-tood\/eluhooned\/korterelamu-kiikri-tn-2-tallinn\/\"]}]},{\"@type\":\"BreadcrumbList\",\"@id\":\"https:\/\/www.betcons.ee\/tehtud-tood\/eluhooned\/korterelamu-kiikri-tn-2-tallinn\/#breadcrumb\",\"itemListElement\":[{\"@type\":\"ListItem\",\"position\":1,\"name\":\"Tehtud t\u00f6\u00f6d\",\"item\":\"https:\/\/www.betcons.ee\/tehtud-tood\/\"},{\"@type\":\"ListItem\",\"position\":2,\"name\":\"Eluhooned\",\"item\":\"https:\/\/www.betcons.ee\/tehtud-tood\/eluhooned\/\"},{\"@type\":\"ListItem\",\"position\":3,\"name\":\"Kiikri tn 2 korterelamu, Tallinn\"}]},{\"@type\":\"WebSite\",\"@id\":\"https:\/\/www.betcons.ee\/#website\",\"url\":\"https:\/\/www.betcons.ee\/\",\"name\":\"Betcons\",\"description\":\"Raudbetoonist ehituslahendused\",\"potentialAction\":[{\"@type\":\"SearchAction\",\"target\":{\"@type\":\"EntryPoint\",\"urlTemplate\":\"https:\/\/www.betcons.ee\/?s={search_term_string}\"},\"query-input\":\"required name=search_term_string\"}],\"inLanguage\":\"en-US\"}]}<\/script>\n<!-- \/ Yoast SEO plugin. -->","yoast_head_json":{"title":"Kiikri tn 2 korterelamu, Tallinn - Betcons","robots":{"index":"index","follow":"follow","max-snippet":"max-snippet:-1","max-image-preview":"max-image-preview:large","max-video-preview":"max-video-preview:-1"},"canonical":"https:\/\/www.betcons.ee\/tehtud-tood\/eluhooned\/korterelamu-kiikri-tn-2-tallinn\/","og_locale":"en_US","og_type":"article","og_title":"Kiikri tn 2 korterelamu, Tallinn - Betcons","og_description":"T\u00e4htaeg:&nbsp;2017 Tellija:&nbsp;Kiikri Ehitus O\u00dc Teostatud t\u00f6\u00f6de ulatus:&nbsp;\u00d5\u00f5nespaneelid koos transpordiga","og_url":"https:\/\/www.betcons.ee\/tehtud-tood\/eluhooned\/korterelamu-kiikri-tn-2-tallinn\/","og_site_name":"Betcons","article_modified_time":"2021-01-06T16:39:20+00:00","og_image":[{"width":2500,"height":1399,"url":"https:\/\/www.betcons.ee\/wp-content\/uploads\/2017\/10\/Kiikri-10-2-3.jpg","type":"image\/jpeg"}],"schema":{"@context":"https:\/\/schema.org","@graph":[{"@type":"WebPage","@id":"https:\/\/www.betcons.ee\/tehtud-tood\/eluhooned\/korterelamu-kiikri-tn-2-tallinn\/","url":"https:\/\/www.betcons.ee\/tehtud-tood\/eluhooned\/korterelamu-kiikri-tn-2-tallinn\/","name":"Kiikri tn 2 korterelamu, Tallinn - Betcons","isPartOf":{"@id":"https:\/\/www.betcons.ee\/#website"},"datePublished":"2017-10-08T09:41:30+00:00","dateModified":"2021-01-06T16:39:20+00:00","breadcrumb":{"@id":"https:\/\/www.betcons.ee\/tehtud-tood\/eluhooned\/korterelamu-kiikri-tn-2-tallinn\/#breadcrumb"},"inLanguage":"en-US","potentialAction":[{"@type":"ReadAction","target":["https:\/\/www.betcons.ee\/tehtud-tood\/eluhooned\/korterelamu-kiikri-tn-2-tallinn\/"]}]},{"@type":"BreadcrumbList","@id":"https:\/\/www.betcons.ee\/tehtud-tood\/eluhooned\/korterelamu-kiikri-tn-2-tallinn\/#breadcrumb","itemListElement":[{"@type":"ListItem","position":1,"name":"Tehtud t\u00f6\u00f6d","item":"https:\/\/www.betcons.ee\/tehtud-tood\/"},{"@type":"ListItem","position":2,"name":"Eluhooned","item":"https:\/\/www.betcons.ee\/tehtud-tood\/eluhooned\/"},{"@type":"ListItem","position":3,"name":"Kiikri tn 2 korterelamu, Tallinn"}]},{"@type":"WebSite","@id":"https:\/\/www.betcons.ee\/#website","url":"https:\/\/www.betcons.ee\/","name":"Betcons","description":"Raudbetoonist ehituslahendused","potentialAction":[{"@type":"SearchAction","target":{"@type":"EntryPoint","urlTemplate":"https:\/\/www.betcons.ee\/?s={search_term_string}"},"query-input":"required name=search_term_string"}],"inLanguage":"en-US"}]}},"_links":{"self":[{"href":"https:\/\/www.betcons.ee\/en\/wp-json\/wp\/v2\/pages\/1174"}],"collection":[{"href":"https:\/\/www.betcons.ee\/en\/wp-json\/wp\/v2\/pages"}],"about":[{"href":"https:\/\/www.betcons.ee\/en\/wp-json\/wp\/v2\/types\/page"}],"author":[{"embeddable":true,"href":"https:\/\/www.betcons.ee\/en\/wp-json\/wp\/v2\/users\/2"}],"replies":[{"embeddable":true,"href":"https:\/\/www.betcons.ee\/en\/wp-json\/wp\/v2\/comments?post=1174"}],"version-history":[{"count":3,"href":"https:\/\/www.betcons.ee\/en\/wp-json\/wp\/v2\/pages\/1174\/revisions"}],"predecessor-version":[{"id":1291,"href":"https:\/\/www.betcons.ee\/en\/wp-json\/wp\/v2\/pages\/1174\/revisions\/1291"}],"up":[{"embeddable":true,"href":"https:\/\/www.betcons.ee\/en\/wp-json\/wp\/v2\/pages\/322"}],"wp:featuredmedia":[{"embeddable":true,"href":"https:\/\/www.betcons.ee\/en\/wp-json\/wp\/v2\/media\/1175"}],"wp:attachment":[{"href":"https:\/\/www.betcons.ee\/en\/wp-json\/wp\/v2\/media?parent=1174"}],"curies":[{"name":"wp","href":"https:\/\/api.w.org\/{rel}","templated":true}]}}