{"id":1131,"date":"2017-10-07T18:26:44","date_gmt":"2017-10-07T18:26:44","guid":{"rendered":"http:\/\/www.betcons.ee\/?page_id=1131"},"modified":"2017-10-08T09:15:18","modified_gmt":"2017-10-08T09:15:18","slug":"vika-wood-talsi-latvia","status":"publish","type":"page","link":"https:\/\/www.betcons.ee\/en\/tehtud-tood\/tootmishooned-laod\/vika-wood-talsi-latvia\/","title":{"rendered":"Vika Wood industrial building, Talsi, Latvia"},"content":{"rendered":"<p><strong>T\u00e4htaeg<\/strong>: 2017<br \/>\n<strong>Tellija<\/strong>: SIA Vika Wood<br \/>\n<strong>Teostatud t\u00f6\u00f6de ulatus<\/strong>: Raudbetoonelemendid koos projekteerimise ja transpordiga<\/p>\n<p><a href=\"http:\/\/www.betcons.ee\/wp-content\/uploads\/2017\/10\/Vika-Wood-1-e1507453113475.jpg\" rel=\"lightbox[1131]\"><img decoding=\"async\" loading=\"lazy\" class=\"size-medium wp-image-1128 alignleft\" src=\"http:\/\/www.betcons.ee\/wp-content\/uploads\/2017\/10\/Vika-Wood-1-300x225.jpg\" alt=\"\" width=\"300\" height=\"225\" \/><\/a><\/p>\n","protected":false},"excerpt":{"rendered":"<p>T\u00e4htaeg: 2017 Tellija: SIA Vika Wood Teostatud t\u00f6\u00f6de ulatus: Raudbetoonelemendid koos projekteerimise ja transpordiga<\/p>\n","protected":false},"author":2,"featured_media":1148,"parent":324,"menu_order":0,"comment_status":"closed","ping_status":"closed","template":"pildid_vasakul_sidebar.php","meta":[],"yoast_head":"<!-- This site is optimized with the Yoast SEO plugin v20.4 - https:\/\/yoast.com\/wordpress\/plugins\/seo\/ -->\n<title>Vika Wood industrial building, Talsi, Latvia - Betcons<\/title>\n<meta name=\"robots\" content=\"index, follow, max-snippet:-1, max-image-preview:large, max-video-preview:-1\" \/>\n<link rel=\"canonical\" href=\"https:\/\/www.betcons.ee\/tehtud-tood\/tootmishooned-laod\/vika-wood-talsi-latvia\/\" \/>\n<meta property=\"og:locale\" content=\"en_US\" \/>\n<meta property=\"og:type\" content=\"article\" \/>\n<meta property=\"og:title\" content=\"Vika Wood industrial building, Talsi, Latvia - Betcons\" \/>\n<meta property=\"og:description\" content=\"T\u00e4htaeg: 2017 Tellija: SIA Vika Wood Teostatud t\u00f6\u00f6de ulatus: Raudbetoonelemendid koos projekteerimise ja transpordiga\" \/>\n<meta property=\"og:url\" content=\"https:\/\/www.betcons.ee\/tehtud-tood\/tootmishooned-laod\/vika-wood-talsi-latvia\/\" \/>\n<meta property=\"og:site_name\" content=\"Betcons\" \/>\n<meta property=\"article:modified_time\" content=\"2017-10-08T09:15:18+00:00\" \/>\n<meta property=\"og:image\" content=\"https:\/\/www.betcons.ee\/wp-content\/uploads\/2017\/10\/3D_piegades_puse-4.jpg\" \/>\n\t<meta property=\"og:image:width\" content=\"640\" \/>\n\t<meta property=\"og:image:height\" content=\"359\" \/>\n\t<meta property=\"og:image:type\" content=\"image\/jpeg\" \/>\n<script type=\"application\/ld+json\" class=\"yoast-schema-graph\">{\"@context\":\"https:\/\/schema.org\",\"@graph\":[{\"@type\":\"WebPage\",\"@id\":\"https:\/\/www.betcons.ee\/tehtud-tood\/tootmishooned-laod\/vika-wood-talsi-latvia\/\",\"url\":\"https:\/\/www.betcons.ee\/tehtud-tood\/tootmishooned-laod\/vika-wood-talsi-latvia\/\",\"name\":\"Vika Wood industrial building, Talsi, Latvia - Betcons\",\"isPartOf\":{\"@id\":\"https:\/\/www.betcons.ee\/#website\"},\"datePublished\":\"2017-10-07T18:26:44+00:00\",\"dateModified\":\"2017-10-08T09:15:18+00:00\",\"breadcrumb\":{\"@id\":\"https:\/\/www.betcons.ee\/tehtud-tood\/tootmishooned-laod\/vika-wood-talsi-latvia\/#breadcrumb\"},\"inLanguage\":\"en-US\",\"potentialAction\":[{\"@type\":\"ReadAction\",\"target\":[\"https:\/\/www.betcons.ee\/tehtud-tood\/tootmishooned-laod\/vika-wood-talsi-latvia\/\"]}]},{\"@type\":\"BreadcrumbList\",\"@id\":\"https:\/\/www.betcons.ee\/tehtud-tood\/tootmishooned-laod\/vika-wood-talsi-latvia\/#breadcrumb\",\"itemListElement\":[{\"@type\":\"ListItem\",\"position\":1,\"name\":\"Tehtud t\u00f6\u00f6d\",\"item\":\"https:\/\/www.betcons.ee\/tehtud-tood\/\"},{\"@type\":\"ListItem\",\"position\":2,\"name\":\"Tootmishooned, laod\",\"item\":\"https:\/\/www.betcons.ee\/tehtud-tood\/tootmishooned-laod\/\"},{\"@type\":\"ListItem\",\"position\":3,\"name\":\"Vika Wood industrial building, Talsi, Latvia\"}]},{\"@type\":\"WebSite\",\"@id\":\"https:\/\/www.betcons.ee\/#website\",\"url\":\"https:\/\/www.betcons.ee\/\",\"name\":\"Betcons\",\"description\":\"Raudbetoonist ehituslahendused\",\"potentialAction\":[{\"@type\":\"SearchAction\",\"target\":{\"@type\":\"EntryPoint\",\"urlTemplate\":\"https:\/\/www.betcons.ee\/?s={search_term_string}\"},\"query-input\":\"required name=search_term_string\"}],\"inLanguage\":\"en-US\"}]}<\/script>\n<!-- \/ Yoast SEO plugin. -->","yoast_head_json":{"title":"Vika Wood industrial building, Talsi, Latvia - Betcons","robots":{"index":"index","follow":"follow","max-snippet":"max-snippet:-1","max-image-preview":"max-image-preview:large","max-video-preview":"max-video-preview:-1"},"canonical":"https:\/\/www.betcons.ee\/tehtud-tood\/tootmishooned-laod\/vika-wood-talsi-latvia\/","og_locale":"en_US","og_type":"article","og_title":"Vika Wood industrial building, Talsi, Latvia - Betcons","og_description":"T\u00e4htaeg: 2017 Tellija: SIA Vika Wood Teostatud t\u00f6\u00f6de ulatus: Raudbetoonelemendid koos projekteerimise ja transpordiga","og_url":"https:\/\/www.betcons.ee\/tehtud-tood\/tootmishooned-laod\/vika-wood-talsi-latvia\/","og_site_name":"Betcons","article_modified_time":"2017-10-08T09:15:18+00:00","og_image":[{"width":640,"height":359,"url":"https:\/\/www.betcons.ee\/wp-content\/uploads\/2017\/10\/3D_piegades_puse-4.jpg","type":"image\/jpeg"}],"schema":{"@context":"https:\/\/schema.org","@graph":[{"@type":"WebPage","@id":"https:\/\/www.betcons.ee\/tehtud-tood\/tootmishooned-laod\/vika-wood-talsi-latvia\/","url":"https:\/\/www.betcons.ee\/tehtud-tood\/tootmishooned-laod\/vika-wood-talsi-latvia\/","name":"Vika Wood industrial building, Talsi, Latvia - Betcons","isPartOf":{"@id":"https:\/\/www.betcons.ee\/#website"},"datePublished":"2017-10-07T18:26:44+00:00","dateModified":"2017-10-08T09:15:18+00:00","breadcrumb":{"@id":"https:\/\/www.betcons.ee\/tehtud-tood\/tootmishooned-laod\/vika-wood-talsi-latvia\/#breadcrumb"},"inLanguage":"en-US","potentialAction":[{"@type":"ReadAction","target":["https:\/\/www.betcons.ee\/tehtud-tood\/tootmishooned-laod\/vika-wood-talsi-latvia\/"]}]},{"@type":"BreadcrumbList","@id":"https:\/\/www.betcons.ee\/tehtud-tood\/tootmishooned-laod\/vika-wood-talsi-latvia\/#breadcrumb","itemListElement":[{"@type":"ListItem","position":1,"name":"Tehtud t\u00f6\u00f6d","item":"https:\/\/www.betcons.ee\/tehtud-tood\/"},{"@type":"ListItem","position":2,"name":"Tootmishooned, laod","item":"https:\/\/www.betcons.ee\/tehtud-tood\/tootmishooned-laod\/"},{"@type":"ListItem","position":3,"name":"Vika Wood industrial building, Talsi, Latvia"}]},{"@type":"WebSite","@id":"https:\/\/www.betcons.ee\/#website","url":"https:\/\/www.betcons.ee\/","name":"Betcons","description":"Raudbetoonist ehituslahendused","potentialAction":[{"@type":"SearchAction","target":{"@type":"EntryPoint","urlTemplate":"https:\/\/www.betcons.ee\/?s={search_term_string}"},"query-input":"required name=search_term_string"}],"inLanguage":"en-US"}]}},"_links":{"self":[{"href":"https:\/\/www.betcons.ee\/en\/wp-json\/wp\/v2\/pages\/1131"}],"collection":[{"href":"https:\/\/www.betcons.ee\/en\/wp-json\/wp\/v2\/pages"}],"about":[{"href":"https:\/\/www.betcons.ee\/en\/wp-json\/wp\/v2\/types\/page"}],"author":[{"embeddable":true,"href":"https:\/\/www.betcons.ee\/en\/wp-json\/wp\/v2\/users\/2"}],"replies":[{"embeddable":true,"href":"https:\/\/www.betcons.ee\/en\/wp-json\/wp\/v2\/comments?post=1131"}],"version-history":[{"count":14,"href":"https:\/\/www.betcons.ee\/en\/wp-json\/wp\/v2\/pages\/1131\/revisions"}],"predecessor-version":[{"id":1161,"href":"https:\/\/www.betcons.ee\/en\/wp-json\/wp\/v2\/pages\/1131\/revisions\/1161"}],"up":[{"embeddable":true,"href":"https:\/\/www.betcons.ee\/en\/wp-json\/wp\/v2\/pages\/324"}],"wp:featuredmedia":[{"embeddable":true,"href":"https:\/\/www.betcons.ee\/en\/wp-json\/wp\/v2\/media\/1148"}],"wp:attachment":[{"href":"https:\/\/www.betcons.ee\/en\/wp-json\/wp\/v2\/media?parent=1131"}],"curies":[{"name":"wp","href":"https:\/\/api.w.org\/{rel}","templated":true}]}}