{"id":1063,"date":"2016-11-06T18:35:21","date_gmt":"2016-11-06T18:35:21","guid":{"rendered":"http:\/\/www.betcons.ee\/?page_id=1063"},"modified":"2016-11-06T18:54:04","modified_gmt":"2016-11-06T18:54:04","slug":"falun-tow-truck-garage-soklipaneelid","status":"publish","type":"page","link":"https:\/\/www.betcons.ee\/en\/tehtud-tood\/tootmishooned-laod\/falun-tow-truck-garage-soklipaneelid\/","title":{"rendered":"Falun Tow-Truck Garage soklipaneelid"},"content":{"rendered":"<p>T\u00e4htaeg: 2016 Tellija: Maru Bygg AB<\/p>\n<h3>Teostatud t\u00f6\u00f6de ulatus: Soklielemendid koos transpordiga<\/h3>\n<p><a href=\"http:\/\/www.betcons.ee\/wp-content\/uploads\/2016\/11\/Falun-2.jpg\" rel=\"lightbox[1063]\"><img decoding=\"async\" loading=\"lazy\" class=\" wp-image-1041 alignleft\" alt=\"falun-2\" src=\"http:\/\/www.betcons.ee\/wp-content\/uploads\/2016\/11\/Falun-2-300x168.jpg\" width=\"291\" height=\"168\" \/><\/a> <a href=\"http:\/\/www.betcons.ee\/wp-content\/uploads\/2016\/11\/Falun-1.jpg\" rel=\"lightbox[1063]\"><img decoding=\"async\" loading=\"lazy\" class=\"alignright  wp-image-1040\" alt=\"falun-1\" src=\"http:\/\/www.betcons.ee\/wp-content\/uploads\/2016\/11\/Falun-1-300x168.jpg\" width=\"292\" height=\"168\" \/><\/a><\/p>\n","protected":false},"excerpt":{"rendered":"<p>T\u00e4htaeg: 2016 Tellija: Maru Bygg AB Teostatud t\u00f6\u00f6de ulatus: Soklielemendid koos transpordiga<\/p>\n","protected":false},"author":2,"featured_media":1040,"parent":324,"menu_order":0,"comment_status":"closed","ping_status":"closed","template":"","meta":[],"yoast_head":"<!-- This site is optimized with the Yoast SEO plugin v20.4 - https:\/\/yoast.com\/wordpress\/plugins\/seo\/ -->\n<title>Falun Tow-Truck Garage soklipaneelid  - Betcons<\/title>\n<meta name=\"robots\" content=\"index, follow, max-snippet:-1, max-image-preview:large, max-video-preview:-1\" \/>\n<link rel=\"canonical\" href=\"https:\/\/www.betcons.ee\/tehtud-tood\/tootmishooned-laod\/falun-tow-truck-garage-soklipaneelid\/\" \/>\n<meta property=\"og:locale\" content=\"en_US\" \/>\n<meta property=\"og:type\" content=\"article\" \/>\n<meta property=\"og:title\" content=\"Falun Tow-Truck Garage soklipaneelid  - Betcons\" \/>\n<meta property=\"og:description\" content=\"T\u00e4htaeg: 2016 Tellija: Maru Bygg AB Teostatud t\u00f6\u00f6de ulatus: Soklielemendid koos transpordiga\" \/>\n<meta property=\"og:url\" content=\"https:\/\/www.betcons.ee\/tehtud-tood\/tootmishooned-laod\/falun-tow-truck-garage-soklipaneelid\/\" \/>\n<meta property=\"og:site_name\" content=\"Betcons\" \/>\n<meta property=\"article:modified_time\" content=\"2016-11-06T18:54:04+00:00\" \/>\n<meta property=\"og:image\" content=\"https:\/\/www.betcons.ee\/wp-content\/uploads\/2016\/11\/Falun-1.jpg\" \/>\n\t<meta property=\"og:image:width\" content=\"480\" \/>\n\t<meta property=\"og:image:height\" content=\"270\" \/>\n\t<meta property=\"og:image:type\" content=\"image\/jpeg\" \/>\n<script type=\"application\/ld+json\" class=\"yoast-schema-graph\">{\"@context\":\"https:\/\/schema.org\",\"@graph\":[{\"@type\":\"WebPage\",\"@id\":\"https:\/\/www.betcons.ee\/tehtud-tood\/tootmishooned-laod\/falun-tow-truck-garage-soklipaneelid\/\",\"url\":\"https:\/\/www.betcons.ee\/tehtud-tood\/tootmishooned-laod\/falun-tow-truck-garage-soklipaneelid\/\",\"name\":\"Falun Tow-Truck Garage soklipaneelid - Betcons\",\"isPartOf\":{\"@id\":\"https:\/\/www.betcons.ee\/#website\"},\"datePublished\":\"2016-11-06T18:35:21+00:00\",\"dateModified\":\"2016-11-06T18:54:04+00:00\",\"breadcrumb\":{\"@id\":\"https:\/\/www.betcons.ee\/tehtud-tood\/tootmishooned-laod\/falun-tow-truck-garage-soklipaneelid\/#breadcrumb\"},\"inLanguage\":\"en-US\",\"potentialAction\":[{\"@type\":\"ReadAction\",\"target\":[\"https:\/\/www.betcons.ee\/tehtud-tood\/tootmishooned-laod\/falun-tow-truck-garage-soklipaneelid\/\"]}]},{\"@type\":\"BreadcrumbList\",\"@id\":\"https:\/\/www.betcons.ee\/tehtud-tood\/tootmishooned-laod\/falun-tow-truck-garage-soklipaneelid\/#breadcrumb\",\"itemListElement\":[{\"@type\":\"ListItem\",\"position\":1,\"name\":\"Tehtud t\u00f6\u00f6d\",\"item\":\"https:\/\/www.betcons.ee\/tehtud-tood\/\"},{\"@type\":\"ListItem\",\"position\":2,\"name\":\"Tootmishooned, laod\",\"item\":\"https:\/\/www.betcons.ee\/tehtud-tood\/tootmishooned-laod\/\"},{\"@type\":\"ListItem\",\"position\":3,\"name\":\"Falun Tow-Truck Garage soklipaneelid\"}]},{\"@type\":\"WebSite\",\"@id\":\"https:\/\/www.betcons.ee\/#website\",\"url\":\"https:\/\/www.betcons.ee\/\",\"name\":\"Betcons\",\"description\":\"Raudbetoonist ehituslahendused\",\"potentialAction\":[{\"@type\":\"SearchAction\",\"target\":{\"@type\":\"EntryPoint\",\"urlTemplate\":\"https:\/\/www.betcons.ee\/?s={search_term_string}\"},\"query-input\":\"required name=search_term_string\"}],\"inLanguage\":\"en-US\"}]}<\/script>\n<!-- \/ Yoast SEO plugin. -->","yoast_head_json":{"title":"Falun Tow-Truck Garage soklipaneelid  - Betcons","robots":{"index":"index","follow":"follow","max-snippet":"max-snippet:-1","max-image-preview":"max-image-preview:large","max-video-preview":"max-video-preview:-1"},"canonical":"https:\/\/www.betcons.ee\/tehtud-tood\/tootmishooned-laod\/falun-tow-truck-garage-soklipaneelid\/","og_locale":"en_US","og_type":"article","og_title":"Falun Tow-Truck Garage soklipaneelid  - Betcons","og_description":"T\u00e4htaeg: 2016 Tellija: Maru Bygg AB Teostatud t\u00f6\u00f6de ulatus: Soklielemendid koos transpordiga","og_url":"https:\/\/www.betcons.ee\/tehtud-tood\/tootmishooned-laod\/falun-tow-truck-garage-soklipaneelid\/","og_site_name":"Betcons","article_modified_time":"2016-11-06T18:54:04+00:00","og_image":[{"width":480,"height":270,"url":"https:\/\/www.betcons.ee\/wp-content\/uploads\/2016\/11\/Falun-1.jpg","type":"image\/jpeg"}],"schema":{"@context":"https:\/\/schema.org","@graph":[{"@type":"WebPage","@id":"https:\/\/www.betcons.ee\/tehtud-tood\/tootmishooned-laod\/falun-tow-truck-garage-soklipaneelid\/","url":"https:\/\/www.betcons.ee\/tehtud-tood\/tootmishooned-laod\/falun-tow-truck-garage-soklipaneelid\/","name":"Falun Tow-Truck Garage soklipaneelid - Betcons","isPartOf":{"@id":"https:\/\/www.betcons.ee\/#website"},"datePublished":"2016-11-06T18:35:21+00:00","dateModified":"2016-11-06T18:54:04+00:00","breadcrumb":{"@id":"https:\/\/www.betcons.ee\/tehtud-tood\/tootmishooned-laod\/falun-tow-truck-garage-soklipaneelid\/#breadcrumb"},"inLanguage":"en-US","potentialAction":[{"@type":"ReadAction","target":["https:\/\/www.betcons.ee\/tehtud-tood\/tootmishooned-laod\/falun-tow-truck-garage-soklipaneelid\/"]}]},{"@type":"BreadcrumbList","@id":"https:\/\/www.betcons.ee\/tehtud-tood\/tootmishooned-laod\/falun-tow-truck-garage-soklipaneelid\/#breadcrumb","itemListElement":[{"@type":"ListItem","position":1,"name":"Tehtud t\u00f6\u00f6d","item":"https:\/\/www.betcons.ee\/tehtud-tood\/"},{"@type":"ListItem","position":2,"name":"Tootmishooned, laod","item":"https:\/\/www.betcons.ee\/tehtud-tood\/tootmishooned-laod\/"},{"@type":"ListItem","position":3,"name":"Falun Tow-Truck Garage soklipaneelid"}]},{"@type":"WebSite","@id":"https:\/\/www.betcons.ee\/#website","url":"https:\/\/www.betcons.ee\/","name":"Betcons","description":"Raudbetoonist ehituslahendused","potentialAction":[{"@type":"SearchAction","target":{"@type":"EntryPoint","urlTemplate":"https:\/\/www.betcons.ee\/?s={search_term_string}"},"query-input":"required name=search_term_string"}],"inLanguage":"en-US"}]}},"_links":{"self":[{"href":"https:\/\/www.betcons.ee\/en\/wp-json\/wp\/v2\/pages\/1063"}],"collection":[{"href":"https:\/\/www.betcons.ee\/en\/wp-json\/wp\/v2\/pages"}],"about":[{"href":"https:\/\/www.betcons.ee\/en\/wp-json\/wp\/v2\/types\/page"}],"author":[{"embeddable":true,"href":"https:\/\/www.betcons.ee\/en\/wp-json\/wp\/v2\/users\/2"}],"replies":[{"embeddable":true,"href":"https:\/\/www.betcons.ee\/en\/wp-json\/wp\/v2\/comments?post=1063"}],"version-history":[{"count":2,"href":"https:\/\/www.betcons.ee\/en\/wp-json\/wp\/v2\/pages\/1063\/revisions"}],"predecessor-version":[{"id":1065,"href":"https:\/\/www.betcons.ee\/en\/wp-json\/wp\/v2\/pages\/1063\/revisions\/1065"}],"up":[{"embeddable":true,"href":"https:\/\/www.betcons.ee\/en\/wp-json\/wp\/v2\/pages\/324"}],"wp:featuredmedia":[{"embeddable":true,"href":"https:\/\/www.betcons.ee\/en\/wp-json\/wp\/v2\/media\/1040"}],"wp:attachment":[{"href":"https:\/\/www.betcons.ee\/en\/wp-json\/wp\/v2\/media?parent=1063"}],"curies":[{"name":"wp","href":"https:\/\/api.w.org\/{rel}","templated":true}]}}