{"id":1057,"date":"2016-11-06T18:32:14","date_gmt":"2016-11-06T18:32:14","guid":{"rendered":"http:\/\/www.betcons.ee\/?page_id=1057"},"modified":"2016-11-06T18:33:41","modified_gmt":"2016-11-06T18:33:41","slug":"ida-alajaam-kivila-tn-1a-tallinn","status":"publish","type":"page","link":"https:\/\/www.betcons.ee\/en\/tehtud-tood\/infrastruktuurirajatised\/ida-alajaam-kivila-tn-1a-tallinn\/","title":{"rendered":"Ida Alajaam, Kivila tn. 1a, Tallinn"},"content":{"rendered":"<p>T\u00e4htaeg: 2016<\/p>\n<p>Tellija: CONEX O\u00dc<\/p>\n<h3>Teostatud t\u00f6\u00f6de ulatus: Elemendid koos transpordiga<\/h3>\n<p><a href=\"http:\/\/www.betcons.ee\/wp-content\/uploads\/2016\/11\/IMG_2398.jpg\" rel=\"lightbox[1057]\"><img decoding=\"async\" loading=\"lazy\" class=\" wp-image-1058 alignleft\" alt=\"Ida alajaam\" src=\"http:\/\/www.betcons.ee\/wp-content\/uploads\/2016\/11\/IMG_2398-300x225.jpg\" width=\"290\" height=\"203\" \/><\/a> <a href=\"http:\/\/www.betcons.ee\/wp-content\/uploads\/2016\/11\/IMG_2402.jpg\" rel=\"lightbox[1057]\"><img decoding=\"async\" loading=\"lazy\" class=\"alignright  wp-image-1059\" alt=\"img_2402\" src=\"http:\/\/www.betcons.ee\/wp-content\/uploads\/2016\/11\/IMG_2402-300x225.jpg\" width=\"290\" height=\"208\" \/><\/a><\/p>\n","protected":false},"excerpt":{"rendered":"<p>T\u00e4htaeg: 2016 Tellija: CONEX O\u00dc Teostatud t\u00f6\u00f6de ulatus: Elemendid koos transpordiga<\/p>\n","protected":false},"author":2,"featured_media":1058,"parent":318,"menu_order":0,"comment_status":"closed","ping_status":"closed","template":"","meta":[],"yoast_head":"<!-- This site is optimized with the Yoast SEO plugin v20.4 - https:\/\/yoast.com\/wordpress\/plugins\/seo\/ -->\n<title>Ida Alajaam, Kivila tn. 1a, Tallinn - Betcons<\/title>\n<meta name=\"robots\" content=\"index, follow, max-snippet:-1, max-image-preview:large, max-video-preview:-1\" \/>\n<link rel=\"canonical\" href=\"https:\/\/www.betcons.ee\/tehtud-tood\/infrastruktuurirajatised\/ida-alajaam-kivila-tn-1a-tallinn\/\" \/>\n<meta property=\"og:locale\" content=\"en_US\" \/>\n<meta property=\"og:type\" content=\"article\" \/>\n<meta property=\"og:title\" content=\"Ida Alajaam, Kivila tn. 1a, Tallinn - Betcons\" \/>\n<meta property=\"og:description\" content=\"T\u00e4htaeg: 2016 Tellija: CONEX O\u00dc Teostatud t\u00f6\u00f6de ulatus: Elemendid koos transpordiga\" \/>\n<meta property=\"og:url\" content=\"https:\/\/www.betcons.ee\/tehtud-tood\/infrastruktuurirajatised\/ida-alajaam-kivila-tn-1a-tallinn\/\" \/>\n<meta property=\"og:site_name\" content=\"Betcons\" \/>\n<meta property=\"article:modified_time\" content=\"2016-11-06T18:33:41+00:00\" \/>\n<meta property=\"og:image\" content=\"https:\/\/www.betcons.ee\/wp-content\/uploads\/2016\/11\/IMG_2398.jpg\" \/>\n\t<meta property=\"og:image:width\" content=\"480\" \/>\n\t<meta property=\"og:image:height\" content=\"360\" \/>\n\t<meta property=\"og:image:type\" content=\"image\/jpeg\" \/>\n<script type=\"application\/ld+json\" class=\"yoast-schema-graph\">{\"@context\":\"https:\/\/schema.org\",\"@graph\":[{\"@type\":\"WebPage\",\"@id\":\"https:\/\/www.betcons.ee\/tehtud-tood\/infrastruktuurirajatised\/ida-alajaam-kivila-tn-1a-tallinn\/\",\"url\":\"https:\/\/www.betcons.ee\/tehtud-tood\/infrastruktuurirajatised\/ida-alajaam-kivila-tn-1a-tallinn\/\",\"name\":\"Ida Alajaam, Kivila tn. 1a, Tallinn - Betcons\",\"isPartOf\":{\"@id\":\"https:\/\/www.betcons.ee\/#website\"},\"datePublished\":\"2016-11-06T18:32:14+00:00\",\"dateModified\":\"2016-11-06T18:33:41+00:00\",\"breadcrumb\":{\"@id\":\"https:\/\/www.betcons.ee\/tehtud-tood\/infrastruktuurirajatised\/ida-alajaam-kivila-tn-1a-tallinn\/#breadcrumb\"},\"inLanguage\":\"en-US\",\"potentialAction\":[{\"@type\":\"ReadAction\",\"target\":[\"https:\/\/www.betcons.ee\/tehtud-tood\/infrastruktuurirajatised\/ida-alajaam-kivila-tn-1a-tallinn\/\"]}]},{\"@type\":\"BreadcrumbList\",\"@id\":\"https:\/\/www.betcons.ee\/tehtud-tood\/infrastruktuurirajatised\/ida-alajaam-kivila-tn-1a-tallinn\/#breadcrumb\",\"itemListElement\":[{\"@type\":\"ListItem\",\"position\":1,\"name\":\"Tehtud t\u00f6\u00f6d\",\"item\":\"https:\/\/www.betcons.ee\/tehtud-tood\/\"},{\"@type\":\"ListItem\",\"position\":2,\"name\":\"Infrastruktuurirajatised\",\"item\":\"https:\/\/www.betcons.ee\/tehtud-tood\/infrastruktuurirajatised\/\"},{\"@type\":\"ListItem\",\"position\":3,\"name\":\"Ida Alajaam, Kivila tn. 1a, Tallinn\"}]},{\"@type\":\"WebSite\",\"@id\":\"https:\/\/www.betcons.ee\/#website\",\"url\":\"https:\/\/www.betcons.ee\/\",\"name\":\"Betcons\",\"description\":\"Raudbetoonist ehituslahendused\",\"potentialAction\":[{\"@type\":\"SearchAction\",\"target\":{\"@type\":\"EntryPoint\",\"urlTemplate\":\"https:\/\/www.betcons.ee\/?s={search_term_string}\"},\"query-input\":\"required name=search_term_string\"}],\"inLanguage\":\"en-US\"}]}<\/script>\n<!-- \/ Yoast SEO plugin. -->","yoast_head_json":{"title":"Ida Alajaam, Kivila tn. 1a, Tallinn - Betcons","robots":{"index":"index","follow":"follow","max-snippet":"max-snippet:-1","max-image-preview":"max-image-preview:large","max-video-preview":"max-video-preview:-1"},"canonical":"https:\/\/www.betcons.ee\/tehtud-tood\/infrastruktuurirajatised\/ida-alajaam-kivila-tn-1a-tallinn\/","og_locale":"en_US","og_type":"article","og_title":"Ida Alajaam, Kivila tn. 1a, Tallinn - Betcons","og_description":"T\u00e4htaeg: 2016 Tellija: CONEX O\u00dc Teostatud t\u00f6\u00f6de ulatus: Elemendid koos transpordiga","og_url":"https:\/\/www.betcons.ee\/tehtud-tood\/infrastruktuurirajatised\/ida-alajaam-kivila-tn-1a-tallinn\/","og_site_name":"Betcons","article_modified_time":"2016-11-06T18:33:41+00:00","og_image":[{"width":480,"height":360,"url":"https:\/\/www.betcons.ee\/wp-content\/uploads\/2016\/11\/IMG_2398.jpg","type":"image\/jpeg"}],"schema":{"@context":"https:\/\/schema.org","@graph":[{"@type":"WebPage","@id":"https:\/\/www.betcons.ee\/tehtud-tood\/infrastruktuurirajatised\/ida-alajaam-kivila-tn-1a-tallinn\/","url":"https:\/\/www.betcons.ee\/tehtud-tood\/infrastruktuurirajatised\/ida-alajaam-kivila-tn-1a-tallinn\/","name":"Ida Alajaam, Kivila tn. 1a, Tallinn - Betcons","isPartOf":{"@id":"https:\/\/www.betcons.ee\/#website"},"datePublished":"2016-11-06T18:32:14+00:00","dateModified":"2016-11-06T18:33:41+00:00","breadcrumb":{"@id":"https:\/\/www.betcons.ee\/tehtud-tood\/infrastruktuurirajatised\/ida-alajaam-kivila-tn-1a-tallinn\/#breadcrumb"},"inLanguage":"en-US","potentialAction":[{"@type":"ReadAction","target":["https:\/\/www.betcons.ee\/tehtud-tood\/infrastruktuurirajatised\/ida-alajaam-kivila-tn-1a-tallinn\/"]}]},{"@type":"BreadcrumbList","@id":"https:\/\/www.betcons.ee\/tehtud-tood\/infrastruktuurirajatised\/ida-alajaam-kivila-tn-1a-tallinn\/#breadcrumb","itemListElement":[{"@type":"ListItem","position":1,"name":"Tehtud t\u00f6\u00f6d","item":"https:\/\/www.betcons.ee\/tehtud-tood\/"},{"@type":"ListItem","position":2,"name":"Infrastruktuurirajatised","item":"https:\/\/www.betcons.ee\/tehtud-tood\/infrastruktuurirajatised\/"},{"@type":"ListItem","position":3,"name":"Ida Alajaam, Kivila tn. 1a, Tallinn"}]},{"@type":"WebSite","@id":"https:\/\/www.betcons.ee\/#website","url":"https:\/\/www.betcons.ee\/","name":"Betcons","description":"Raudbetoonist ehituslahendused","potentialAction":[{"@type":"SearchAction","target":{"@type":"EntryPoint","urlTemplate":"https:\/\/www.betcons.ee\/?s={search_term_string}"},"query-input":"required name=search_term_string"}],"inLanguage":"en-US"}]}},"_links":{"self":[{"href":"https:\/\/www.betcons.ee\/en\/wp-json\/wp\/v2\/pages\/1057"}],"collection":[{"href":"https:\/\/www.betcons.ee\/en\/wp-json\/wp\/v2\/pages"}],"about":[{"href":"https:\/\/www.betcons.ee\/en\/wp-json\/wp\/v2\/types\/page"}],"author":[{"embeddable":true,"href":"https:\/\/www.betcons.ee\/en\/wp-json\/wp\/v2\/users\/2"}],"replies":[{"embeddable":true,"href":"https:\/\/www.betcons.ee\/en\/wp-json\/wp\/v2\/comments?post=1057"}],"version-history":[{"count":3,"href":"https:\/\/www.betcons.ee\/en\/wp-json\/wp\/v2\/pages\/1057\/revisions"}],"predecessor-version":[{"id":1062,"href":"https:\/\/www.betcons.ee\/en\/wp-json\/wp\/v2\/pages\/1057\/revisions\/1062"}],"up":[{"embeddable":true,"href":"https:\/\/www.betcons.ee\/en\/wp-json\/wp\/v2\/pages\/318"}],"wp:featuredmedia":[{"embeddable":true,"href":"https:\/\/www.betcons.ee\/en\/wp-json\/wp\/v2\/media\/1058"}],"wp:attachment":[{"href":"https:\/\/www.betcons.ee\/en\/wp-json\/wp\/v2\/media?parent=1057"}],"curies":[{"name":"wp","href":"https:\/\/api.w.org\/{rel}","templated":true}]}}