{"id":1027,"date":"2016-11-06T17:47:18","date_gmt":"2016-11-06T17:47:18","guid":{"rendered":"http:\/\/www.betcons.ee\/?page_id=1027"},"modified":"2016-11-06T20:00:03","modified_gmt":"2016-11-06T20:00:03","slug":"oonespaneelid","status":"publish","type":"page","link":"https:\/\/www.betcons.ee\/en\/tooted\/oonespaneelid\/","title":{"rendered":"Hollow core slabs"},"content":{"rendered":"<p>\u00d5\u00f5nespaneelide tarne kogu Eestis alates kahest n\u00e4dalast.<\/p>\n<table width=\"360\" border=\"1\" cellspacing=\"0\" cellpadding=\"0\">\n<tbody>\n<tr>\n<td valign=\"top\" width=\"65\">\n<p align=\"center\"><b>Paneeli paksus mm<\/b><\/p>\n<\/td>\n<td valign=\"top\" width=\"59\">\n<p align=\"center\"><b>Tule- p\u00fcsivus <\/b><\/p>\n<\/td>\n<td valign=\"top\" width=\"66\">\n<p align=\"center\"><b>Paneeli omakaal<\/b>\u00a0<b> kg\/m\u00b2<\/b><\/p>\n<\/td>\n<td valign=\"top\" width=\"66\">\n<p align=\"center\"><b>Omakaal vuugitult kg\/m\u00b2<\/b><\/p>\n<\/td>\n<td valign=\"top\" width=\"104\">\n<p align=\"center\"><b>Toetuspinna pikkus minimaalne mm<\/b><\/p>\n<\/td>\n<\/tr>\n<tr>\n<td valign=\"top\" width=\"65\">\n<p align=\"center\">HC 200<\/p>\n<\/td>\n<td width=\"59\">\n<p align=\"center\">\u2264 R60<\/p>\n<\/td>\n<td width=\"66\">\n<p align=\"center\">255<\/p>\n<\/td>\n<td width=\"66\">\n<p align=\"center\">265<\/p>\n<\/td>\n<td width=\"104\">\n<p align=\"center\">65<\/p>\n<\/td>\n<\/tr>\n<tr>\n<td valign=\"top\" width=\"65\">\n<p align=\"center\">HC 220<\/p>\n<\/td>\n<td width=\"59\">\n<p align=\"center\">\u2264 R90<\/p>\n<\/td>\n<td width=\"66\">\n<p align=\"center\">320<\/p>\n<\/td>\n<td width=\"66\">\n<p align=\"center\">340<\/p>\n<\/td>\n<td width=\"104\">\n<p align=\"center\">65<\/p>\n<\/td>\n<\/tr>\n<tr>\n<td valign=\"top\" width=\"65\">\n<p align=\"center\">HC 265<\/p>\n<\/td>\n<td width=\"59\">\n<p align=\"center\">\u2264 R120<\/p>\n<\/td>\n<td width=\"66\">\n<p align=\"center\">360<\/p>\n<\/td>\n<td width=\"66\">\n<p align=\"center\">390<\/p>\n<\/td>\n<td width=\"104\">\n<p align=\"center\">65<\/p>\n<\/td>\n<\/tr>\n<tr>\n<td valign=\"top\" width=\"65\">\n<p align=\"center\">HC 320<\/p>\n<\/td>\n<td width=\"59\">\n<p align=\"center\">\u2264 R120<\/p>\n<\/td>\n<td width=\"66\">\n<p align=\"center\">390<\/p>\n<\/td>\n<td width=\"66\">\n<p align=\"center\">410<\/p>\n<\/td>\n<td width=\"104\">\n<p align=\"center\">65<\/p>\n<\/td>\n<\/tr>\n<tr>\n<td valign=\"top\" width=\"65\">\n<p align=\"center\">HC 400<\/p>\n<\/td>\n<td width=\"59\">\n<p align=\"center\">\u2264 R120<\/p>\n<\/td>\n<td width=\"66\">\n<p align=\"center\">440<\/p>\n<\/td>\n<td width=\"66\">\n<p align=\"center\">470<\/p>\n<\/td>\n<td width=\"104\">\n<p align=\"center\">100<\/p>\n<\/td>\n<\/tr>\n<\/tbody>\n<\/table>\n<p>&nbsp;<\/p>\n","protected":false},"excerpt":{"rendered":"<p>\u00d5\u00f5nespaneelide tarne kogu Eestis alates kahest n\u00e4dalast. Paneeli paksus mm Tule- p\u00fcsivus Paneeli omakaal\u00a0 kg\/m\u00b2 Omakaal vuugitult kg\/m\u00b2 Toetuspinna pikkus minimaalne mm HC 200 \u2264 R60 255 265 65 HC 220 \u2264 R90 320 340 65 HC 265 \u2264 R120 &hellip; <a href=\"https:\/\/www.betcons.ee\/en\/tooted\/oonespaneelid\/\">Continue reading <span class=\"meta-nav\">&rarr;<\/span><\/a><\/p>\n","protected":false},"author":2,"featured_media":0,"parent":6,"menu_order":3,"comment_status":"closed","ping_status":"closed","template":"","meta":[],"yoast_head":"<!-- This site is optimized with the Yoast SEO plugin v20.4 - https:\/\/yoast.com\/wordpress\/plugins\/seo\/ -->\n<title>Hollow core slabs - Betcons<\/title>\n<meta name=\"robots\" content=\"index, follow, max-snippet:-1, max-image-preview:large, max-video-preview:-1\" \/>\n<link rel=\"canonical\" href=\"https:\/\/www.betcons.ee\/tooted\/oonespaneelid\/\" \/>\n<meta property=\"og:locale\" content=\"en_US\" \/>\n<meta property=\"og:type\" content=\"article\" \/>\n<meta property=\"og:title\" content=\"Hollow core slabs - Betcons\" \/>\n<meta property=\"og:description\" content=\"\u00d5\u00f5nespaneelide tarne kogu Eestis alates kahest n\u00e4dalast. Paneeli paksus mm Tule- p\u00fcsivus Paneeli omakaal\u00a0 kg\/m\u00b2 Omakaal vuugitult kg\/m\u00b2 Toetuspinna pikkus minimaalne mm HC 200 \u2264 R60 255 265 65 HC 220 \u2264 R90 320 340 65 HC 265 \u2264 R120 &hellip; Continue reading &rarr;\" \/>\n<meta property=\"og:url\" content=\"https:\/\/www.betcons.ee\/tooted\/oonespaneelid\/\" \/>\n<meta property=\"og:site_name\" content=\"Betcons\" \/>\n<meta property=\"article:modified_time\" content=\"2016-11-06T20:00:03+00:00\" \/>\n<script type=\"application\/ld+json\" class=\"yoast-schema-graph\">{\"@context\":\"https:\/\/schema.org\",\"@graph\":[{\"@type\":\"WebPage\",\"@id\":\"https:\/\/www.betcons.ee\/tooted\/oonespaneelid\/\",\"url\":\"https:\/\/www.betcons.ee\/tooted\/oonespaneelid\/\",\"name\":\"Hollow core slabs - Betcons\",\"isPartOf\":{\"@id\":\"https:\/\/www.betcons.ee\/#website\"},\"datePublished\":\"2016-11-06T17:47:18+00:00\",\"dateModified\":\"2016-11-06T20:00:03+00:00\",\"breadcrumb\":{\"@id\":\"https:\/\/www.betcons.ee\/tooted\/oonespaneelid\/#breadcrumb\"},\"inLanguage\":\"en-US\",\"potentialAction\":[{\"@type\":\"ReadAction\",\"target\":[\"https:\/\/www.betcons.ee\/tooted\/oonespaneelid\/\"]}]},{\"@type\":\"BreadcrumbList\",\"@id\":\"https:\/\/www.betcons.ee\/tooted\/oonespaneelid\/#breadcrumb\",\"itemListElement\":[{\"@type\":\"ListItem\",\"position\":1,\"name\":\"Tooted\",\"item\":\"https:\/\/www.betcons.ee\/tooted\/\"},{\"@type\":\"ListItem\",\"position\":2,\"name\":\"\u00d5\u00f5nespaneelid\"}]},{\"@type\":\"WebSite\",\"@id\":\"https:\/\/www.betcons.ee\/#website\",\"url\":\"https:\/\/www.betcons.ee\/\",\"name\":\"Betcons\",\"description\":\"Raudbetoonist ehituslahendused\",\"potentialAction\":[{\"@type\":\"SearchAction\",\"target\":{\"@type\":\"EntryPoint\",\"urlTemplate\":\"https:\/\/www.betcons.ee\/?s={search_term_string}\"},\"query-input\":\"required name=search_term_string\"}],\"inLanguage\":\"en-US\"}]}<\/script>\n<!-- \/ Yoast SEO plugin. -->","yoast_head_json":{"title":"Hollow core slabs - Betcons","robots":{"index":"index","follow":"follow","max-snippet":"max-snippet:-1","max-image-preview":"max-image-preview:large","max-video-preview":"max-video-preview:-1"},"canonical":"https:\/\/www.betcons.ee\/tooted\/oonespaneelid\/","og_locale":"en_US","og_type":"article","og_title":"Hollow core slabs - Betcons","og_description":"\u00d5\u00f5nespaneelide tarne kogu Eestis alates kahest n\u00e4dalast. Paneeli paksus mm Tule- p\u00fcsivus Paneeli omakaal\u00a0 kg\/m\u00b2 Omakaal vuugitult kg\/m\u00b2 Toetuspinna pikkus minimaalne mm HC 200 \u2264 R60 255 265 65 HC 220 \u2264 R90 320 340 65 HC 265 \u2264 R120 &hellip; Continue reading &rarr;","og_url":"https:\/\/www.betcons.ee\/tooted\/oonespaneelid\/","og_site_name":"Betcons","article_modified_time":"2016-11-06T20:00:03+00:00","schema":{"@context":"https:\/\/schema.org","@graph":[{"@type":"WebPage","@id":"https:\/\/www.betcons.ee\/tooted\/oonespaneelid\/","url":"https:\/\/www.betcons.ee\/tooted\/oonespaneelid\/","name":"Hollow core slabs - Betcons","isPartOf":{"@id":"https:\/\/www.betcons.ee\/#website"},"datePublished":"2016-11-06T17:47:18+00:00","dateModified":"2016-11-06T20:00:03+00:00","breadcrumb":{"@id":"https:\/\/www.betcons.ee\/tooted\/oonespaneelid\/#breadcrumb"},"inLanguage":"en-US","potentialAction":[{"@type":"ReadAction","target":["https:\/\/www.betcons.ee\/tooted\/oonespaneelid\/"]}]},{"@type":"BreadcrumbList","@id":"https:\/\/www.betcons.ee\/tooted\/oonespaneelid\/#breadcrumb","itemListElement":[{"@type":"ListItem","position":1,"name":"Tooted","item":"https:\/\/www.betcons.ee\/tooted\/"},{"@type":"ListItem","position":2,"name":"\u00d5\u00f5nespaneelid"}]},{"@type":"WebSite","@id":"https:\/\/www.betcons.ee\/#website","url":"https:\/\/www.betcons.ee\/","name":"Betcons","description":"Raudbetoonist ehituslahendused","potentialAction":[{"@type":"SearchAction","target":{"@type":"EntryPoint","urlTemplate":"https:\/\/www.betcons.ee\/?s={search_term_string}"},"query-input":"required name=search_term_string"}],"inLanguage":"en-US"}]}},"_links":{"self":[{"href":"https:\/\/www.betcons.ee\/en\/wp-json\/wp\/v2\/pages\/1027"}],"collection":[{"href":"https:\/\/www.betcons.ee\/en\/wp-json\/wp\/v2\/pages"}],"about":[{"href":"https:\/\/www.betcons.ee\/en\/wp-json\/wp\/v2\/types\/page"}],"author":[{"embeddable":true,"href":"https:\/\/www.betcons.ee\/en\/wp-json\/wp\/v2\/users\/2"}],"replies":[{"embeddable":true,"href":"https:\/\/www.betcons.ee\/en\/wp-json\/wp\/v2\/comments?post=1027"}],"version-history":[{"count":7,"href":"https:\/\/www.betcons.ee\/en\/wp-json\/wp\/v2\/pages\/1027\/revisions"}],"predecessor-version":[{"id":1094,"href":"https:\/\/www.betcons.ee\/en\/wp-json\/wp\/v2\/pages\/1027\/revisions\/1094"}],"up":[{"embeddable":true,"href":"https:\/\/www.betcons.ee\/en\/wp-json\/wp\/v2\/pages\/6"}],"wp:attachment":[{"href":"https:\/\/www.betcons.ee\/en\/wp-json\/wp\/v2\/media?parent=1027"}],"curies":[{"name":"wp","href":"https:\/\/api.w.org\/{rel}","templated":true}]}}